{"id":960,"date":"2018-11-02T19:51:38","date_gmt":"2018-11-02T18:51:38","guid":{"rendered":"http:\/\/u-c-o.de\/?page_id=960"},"modified":"2018-11-06T23:28:35","modified_gmt":"2018-11-06T22:28:35","slug":"schraubertreffen","status":"publish","type":"page","link":"http:\/\/u-c-o.de\/?page_id=960","title":{"rendered":"Schraubertreffen"},"content":{"rendered":"<p><span style=\"font-size: medium;\">Dieses Mal wurde beim Schraubertreffen nicht wirklich geschraubt, sondern nur theoretisch das Thema \u00d6le und Schmierstoffe behandelt.<br \/>\n<\/span><span style=\"font-size: medium;\">In der Halle von Alex Haas Landmaschinen in Pommertsweiler haben sich knapp 40 Zuh\u00f6rer eingefunden, die sich f\u00fcr den Vortrag von Michael Angermann interessierten. Dieser gab zun\u00e4chst einen allgemeinen \u00dcberblick \u00fcber die verschiedenen Arten von \u00d6len und erkl\u00e4rte dabei Begriffe wie Viskosit\u00e4t und Hypoid. Am Beispiel eines U406 und U425 wurden bildlich die Einf\u00fcll- und Abla\u00dfstellen und die Pr\u00fcfeinrichtungen bei den verschiedenen Aggregaten aufgezeigt. Anschlie\u00dfend wurde noch angeregt \u00fcber verschiedene Themen diskutiert.<\/span><\/p>\n\n\t\t<style type=\"text\/css\">\n\t\t\t#gallery-1 {\n\t\t\t\tmargin: auto;\n\t\t\t}\n\t\t\t#gallery-1 .gallery-item {\n\t\t\t\tfloat: left;\n\t\t\t\tmargin-top: 10px;\n\t\t\t\ttext-align: center;\n\t\t\t\twidth: 33%;\n\t\t\t}\n\t\t\t#gallery-1 img {\n\t\t\t\tborder: 2px solid #cfcfcf;\n\t\t\t}\n\t\t\t#gallery-1 .gallery-caption {\n\t\t\t\tmargin-left: 0;\n\t\t\t}\n\t\t\t\/* see gallery_shortcode() in wp-includes\/media.php *\/\n\t\t<\/style>\n\t\t<div id='gallery-1' class='gallery galleryid-960 gallery-columns-3 gallery-size-thumbnail'><dl class='gallery-item'>\n\t\t\t<dt class='gallery-icon landscape'>\n\t\t\t\t<a href='http:\/\/u-c-o.de\/?attachment_id=985'><img width=\"150\" height=\"150\" src=\"http:\/\/u-c-o.de\/wp-content\/uploads\/2018\/11\/2018_Schraubertreffen_01-150x150.jpg\" class=\"attachment-thumbnail size-thumbnail\" alt=\"\" loading=\"lazy\" \/><\/a>\n\t\t\t<\/dt><\/dl><dl class='gallery-item'>\n\t\t\t<dt class='gallery-icon landscape'>\n\t\t\t\t<a href='http:\/\/u-c-o.de\/?attachment_id=986'><img width=\"150\" height=\"150\" src=\"http:\/\/u-c-o.de\/wp-content\/uploads\/2018\/11\/2018_Schraubertreffen_02-150x150.jpg\" class=\"attachment-thumbnail size-thumbnail\" alt=\"\" loading=\"lazy\" \/><\/a>\n\t\t\t<\/dt><\/dl><dl class='gallery-item'>\n\t\t\t<dt class='gallery-icon landscape'>\n\t\t\t\t<a href='http:\/\/u-c-o.de\/?attachment_id=987'><img width=\"150\" height=\"150\" src=\"http:\/\/u-c-o.de\/wp-content\/uploads\/2018\/11\/2018_Schraubertreffen_03-150x150.jpg\" class=\"attachment-thumbnail size-thumbnail\" alt=\"\" loading=\"lazy\" \/><\/a>\n\t\t\t<\/dt><\/dl><br style=\"clear: both\" \/>\n\t\t<\/div>\n\n","protected":false},"excerpt":{"rendered":"<p>Dieses Mal wurde beim Schraubertreffen nicht wirklich geschraubt, sondern nur theoretisch das Thema \u00d6le und Schmierstoffe behandelt. In der Halle von Alex Haas Landmaschinen in Pommertsweiler haben sich knapp 40 Zuh\u00f6rer eingefunden, die sich f\u00fcr den Vortrag von Michael Angermann &hellip; <a href=\"http:\/\/u-c-o.de\/?page_id=960\">Weiterlesen <span class=\"meta-nav\">&rarr;<\/span><\/a><\/p>\n","protected":false},"author":1,"featured_media":0,"parent":861,"menu_order":8,"comment_status":"closed","ping_status":"closed","template":"","meta":[],"_links":{"self":[{"href":"http:\/\/u-c-o.de\/index.php?rest_route=\/wp\/v2\/pages\/960"}],"collection":[{"href":"http:\/\/u-c-o.de\/index.php?rest_route=\/wp\/v2\/pages"}],"about":[{"href":"http:\/\/u-c-o.de\/index.php?rest_route=\/wp\/v2\/types\/page"}],"author":[{"embeddable":true,"href":"http:\/\/u-c-o.de\/index.php?rest_route=\/wp\/v2\/users\/1"}],"replies":[{"embeddable":true,"href":"http:\/\/u-c-o.de\/index.php?rest_route=%2Fwp%2Fv2%2Fcomments&post=960"}],"version-history":[{"count":2,"href":"http:\/\/u-c-o.de\/index.php?rest_route=\/wp\/v2\/pages\/960\/revisions"}],"predecessor-version":[{"id":988,"href":"http:\/\/u-c-o.de\/index.php?rest_route=\/wp\/v2\/pages\/960\/revisions\/988"}],"up":[{"embeddable":true,"href":"http:\/\/u-c-o.de\/index.php?rest_route=\/wp\/v2\/pages\/861"}],"wp:attachment":[{"href":"http:\/\/u-c-o.de\/index.php?rest_route=%2Fwp%2Fv2%2Fmedia&parent=960"}],"curies":[{"name":"wp","href":"https:\/\/api.w.org\/{rel}","templated":true}]}}