{"id":940,"date":"2018-11-02T19:48:52","date_gmt":"2018-11-02T18:48:52","guid":{"rendered":"http:\/\/u-c-o.de\/?page_id=940"},"modified":"2018-11-02T19:57:10","modified_gmt":"2018-11-02T18:57:10","slug":"herbsttreffen-seifertshofen","status":"publish","type":"page","link":"http:\/\/u-c-o.de\/?page_id=940","title":{"rendered":"Herbsttreffen Seifertshofen 01.-02.09."},"content":{"rendered":"<p>Seifertshofen 2018<\/p>\n<p>Das 37. Lanz-Bulldog und Dampffestival hat wieder hunderte von Oldtimern aller Art auf das Gel\u00e4nde rund um das Schw\u00e4bische Bauern- und Technikmuseum in Seifertshofen gelockt. Der Platz hinter der Verkaufshalle war auch dieses Jahr wieder f\u00fcr den UCO reserviert, auf dem wieder ein Vorf\u00fchrparcours mit L\u00f6chern und H\u00fcgeln vorbereitet wurde. Dort gab es mitunter spektakul\u00e4re Anblicke, wenn ein Unimog in diesem Parcours bewegt wurde und dabei z.B. ein Hinterrad weit in der Luft war. Dies hat auch immer interessierte Zuschauer angelockt. Auch das durchwachsene Wetter am Sonntag konnte die Unimogfahrer nicht abschrecken. So waren ann\u00e4hernd alle Stellpl\u00e4tze belegt und es konnte eine Vielfalt an verschiedenen Baumustern und Ausf\u00fchrungen bestaunt werden.<\/p>\n\n\t\t<style type=\"text\/css\">\n\t\t\t#gallery-1 {\n\t\t\t\tmargin: auto;\n\t\t\t}\n\t\t\t#gallery-1 .gallery-item {\n\t\t\t\tfloat: left;\n\t\t\t\tmargin-top: 10px;\n\t\t\t\ttext-align: center;\n\t\t\t\twidth: 33%;\n\t\t\t}\n\t\t\t#gallery-1 img {\n\t\t\t\tborder: 2px solid #cfcfcf;\n\t\t\t}\n\t\t\t#gallery-1 .gallery-caption {\n\t\t\t\tmargin-left: 0;\n\t\t\t}\n\t\t\t\/* see gallery_shortcode() in wp-includes\/media.php *\/\n\t\t<\/style>\n\t\t<div id='gallery-1' class='gallery galleryid-940 gallery-columns-3 gallery-size-thumbnail'><dl class='gallery-item'>\n\t\t\t<dt class='gallery-icon landscape'>\n\t\t\t\t<a href='http:\/\/u-c-o.de\/?attachment_id=950'><img width=\"150\" height=\"150\" src=\"http:\/\/u-c-o.de\/wp-content\/uploads\/2018\/11\/20180901_Seifertshofen_121449-150x150.jpg\" class=\"attachment-thumbnail size-thumbnail\" alt=\"\" loading=\"lazy\" \/><\/a>\n\t\t\t<\/dt><\/dl><dl class='gallery-item'>\n\t\t\t<dt class='gallery-icon landscape'>\n\t\t\t\t<a href='http:\/\/u-c-o.de\/?attachment_id=951'><img width=\"150\" height=\"150\" src=\"http:\/\/u-c-o.de\/wp-content\/uploads\/2018\/11\/20180901_Seifertshofen_143738-150x150.jpg\" class=\"attachment-thumbnail size-thumbnail\" alt=\"\" loading=\"lazy\" \/><\/a>\n\t\t\t<\/dt><\/dl><dl class='gallery-item'>\n\t\t\t<dt class='gallery-icon landscape'>\n\t\t\t\t<a href='http:\/\/u-c-o.de\/?attachment_id=952'><img width=\"150\" height=\"150\" src=\"http:\/\/u-c-o.de\/wp-content\/uploads\/2018\/11\/20180901_Seifertshofen_150120-150x150.jpg\" class=\"attachment-thumbnail size-thumbnail\" alt=\"\" loading=\"lazy\" \/><\/a>\n\t\t\t<\/dt><\/dl><br style=\"clear: both\" \/><dl class='gallery-item'>\n\t\t\t<dt class='gallery-icon landscape'>\n\t\t\t\t<a href='http:\/\/u-c-o.de\/?attachment_id=953'><img width=\"150\" height=\"150\" src=\"http:\/\/u-c-o.de\/wp-content\/uploads\/2018\/11\/20180901_Seifertshofen_165445-150x150.jpg\" class=\"attachment-thumbnail size-thumbnail\" alt=\"\" loading=\"lazy\" \/><\/a>\n\t\t\t<\/dt><\/dl><dl class='gallery-item'>\n\t\t\t<dt class='gallery-icon landscape'>\n\t\t\t\t<a href='http:\/\/u-c-o.de\/?attachment_id=954'><img width=\"150\" height=\"150\" src=\"http:\/\/u-c-o.de\/wp-content\/uploads\/2018\/11\/20180901_Seifertshofen_171553-150x150.jpg\" class=\"attachment-thumbnail size-thumbnail\" alt=\"\" loading=\"lazy\" \/><\/a>\n\t\t\t<\/dt><\/dl><dl class='gallery-item'>\n\t\t\t<dt class='gallery-icon landscape'>\n\t\t\t\t<a href='http:\/\/u-c-o.de\/?attachment_id=955'><img width=\"150\" height=\"150\" src=\"http:\/\/u-c-o.de\/wp-content\/uploads\/2018\/11\/20180902_Seifertshofen_114432-150x150.jpg\" class=\"attachment-thumbnail size-thumbnail\" alt=\"\" loading=\"lazy\" \/><\/a>\n\t\t\t<\/dt><\/dl><br style=\"clear: both\" \/><dl class='gallery-item'>\n\t\t\t<dt class='gallery-icon landscape'>\n\t\t\t\t<a href='http:\/\/u-c-o.de\/?attachment_id=956'><img width=\"150\" height=\"150\" src=\"http:\/\/u-c-o.de\/wp-content\/uploads\/2018\/11\/20180902_Seifertshofen_115009-150x150.jpg\" class=\"attachment-thumbnail size-thumbnail\" alt=\"\" loading=\"lazy\" \/><\/a>\n\t\t\t<\/dt><\/dl><dl class='gallery-item'>\n\t\t\t<dt class='gallery-icon landscape'>\n\t\t\t\t<a href='http:\/\/u-c-o.de\/?attachment_id=957'><img width=\"150\" height=\"150\" src=\"http:\/\/u-c-o.de\/wp-content\/uploads\/2018\/11\/20180902_Seifertshofen_115533-150x150.jpg\" class=\"attachment-thumbnail size-thumbnail\" alt=\"\" loading=\"lazy\" \/><\/a>\n\t\t\t<\/dt><\/dl><dl class='gallery-item'>\n\t\t\t<dt class='gallery-icon landscape'>\n\t\t\t\t<a href='http:\/\/u-c-o.de\/?attachment_id=958'><img width=\"150\" height=\"150\" src=\"http:\/\/u-c-o.de\/wp-content\/uploads\/2018\/11\/20180902_Seifertshofen_133558-150x150.jpg\" class=\"attachment-thumbnail size-thumbnail\" alt=\"\" loading=\"lazy\" \/><\/a>\n\t\t\t<\/dt><\/dl><br style=\"clear: both\" \/>\n\t\t<\/div>\n\n","protected":false},"excerpt":{"rendered":"<p>Seifertshofen 2018 Das 37. Lanz-Bulldog und Dampffestival hat wieder hunderte von Oldtimern aller Art auf das Gel\u00e4nde rund um das Schw\u00e4bische Bauern- und Technikmuseum in Seifertshofen gelockt. Der Platz hinter der Verkaufshalle war auch dieses Jahr wieder f\u00fcr den UCO &hellip; <a href=\"http:\/\/u-c-o.de\/?page_id=940\">Weiterlesen <span class=\"meta-nav\">&rarr;<\/span><\/a><\/p>\n","protected":false},"author":1,"featured_media":0,"parent":861,"menu_order":6,"comment_status":"closed","ping_status":"closed","template":"","meta":[],"_links":{"self":[{"href":"http:\/\/u-c-o.de\/index.php?rest_route=\/wp\/v2\/pages\/940"}],"collection":[{"href":"http:\/\/u-c-o.de\/index.php?rest_route=\/wp\/v2\/pages"}],"about":[{"href":"http:\/\/u-c-o.de\/index.php?rest_route=\/wp\/v2\/types\/page"}],"author":[{"embeddable":true,"href":"http:\/\/u-c-o.de\/index.php?rest_route=\/wp\/v2\/users\/1"}],"replies":[{"embeddable":true,"href":"http:\/\/u-c-o.de\/index.php?rest_route=%2Fwp%2Fv2%2Fcomments&post=940"}],"version-history":[{"count":2,"href":"http:\/\/u-c-o.de\/index.php?rest_route=\/wp\/v2\/pages\/940\/revisions"}],"predecessor-version":[{"id":967,"href":"http:\/\/u-c-o.de\/index.php?rest_route=\/wp\/v2\/pages\/940\/revisions\/967"}],"up":[{"embeddable":true,"href":"http:\/\/u-c-o.de\/index.php?rest_route=\/wp\/v2\/pages\/861"}],"wp:attachment":[{"href":"http:\/\/u-c-o.de\/index.php?rest_route=%2Fwp%2Fv2%2Fmedia&parent=940"}],"curies":[{"name":"wp","href":"https:\/\/api.w.org\/{rel}","templated":true}]}}