{"id":864,"date":"2018-03-21T21:07:20","date_gmt":"2018-03-21T20:07:20","guid":{"rendered":"http:\/\/u-c-o.de\/?page_id=864"},"modified":"2018-03-21T21:18:22","modified_gmt":"2018-03-21T20:18:22","slug":"vortragsabend-des-unimog-club-ostalb-e-v","status":"publish","type":"page","link":"http:\/\/u-c-o.de\/?page_id=864","title":{"rendered":"Vortragsabend des Unimog-Club Ostalb e.V."},"content":{"rendered":"<p><strong> Nachlese: Vortragsabend des Unimog-Club Ostalb e.V.<\/strong><\/p>\n<p>Beim Vortragsabend des UCO war der Saal der Sonne in Frickenhofen mit \u00fcber 40 Zuh\u00f6rern gut besucht. Der Referent war Gisbert Hindennach, <a href=\"http:\/\/u-c-o.de\/wp-content\/uploads\/2018\/03\/2018_Vortragsabend_2.jpg\"><img loading=\"lazy\" class=\"size-medium wp-image-868 alignright\" src=\"http:\/\/u-c-o.de\/wp-content\/uploads\/2018\/03\/2018_Vortragsabend_2-300x225.jpg\" alt=\"\" width=\"300\" height=\"225\" srcset=\"http:\/\/u-c-o.de\/wp-content\/uploads\/2018\/03\/2018_Vortragsabend_2-300x225.jpg 300w, http:\/\/u-c-o.de\/wp-content\/uploads\/2018\/03\/2018_Vortragsabend_2-768x576.jpg 768w, http:\/\/u-c-o.de\/wp-content\/uploads\/2018\/03\/2018_Vortragsabend_2-1024x768.jpg 1024w, http:\/\/u-c-o.de\/wp-content\/uploads\/2018\/03\/2018_Vortragsabend_2-400x300.jpg 400w\" sizes=\"(max-width: 300px) 100vw, 300px\" \/><\/a>Kraftfahrzeugsachverst\u00e4ndiger aus Freudenstadt, der in der Szene durch seine B\u00fccher \u00fcber Unimog und Fahren im Gel\u00e4nde sowie einer DVD mit selbigem Thema bekannt ist. Das Thema war mit \u201eMobilit\u00e4tsmanagement bei schwerer Gel\u00e4ndefahrt\u201c \u00fcberschrieben. Dabei konnte er auf Bildmaterial und Erfahrungen zur\u00fcckgreifen, die er bei seiner T\u00e4tigkeit als Kommissar beim Europa Truck Trial sammeln konnte. <a href=\"http:\/\/u-c-o.de\/wp-content\/uploads\/2018\/03\/2018_Vortragsabend_1.jpg\"><img loading=\"lazy\" class=\"size-medium wp-image-867 alignright\" src=\"http:\/\/u-c-o.de\/wp-content\/uploads\/2018\/03\/2018_Vortragsabend_1-300x225.jpg\" alt=\"\" width=\"300\" height=\"225\" srcset=\"http:\/\/u-c-o.de\/wp-content\/uploads\/2018\/03\/2018_Vortragsabend_1-300x225.jpg 300w, http:\/\/u-c-o.de\/wp-content\/uploads\/2018\/03\/2018_Vortragsabend_1-768x576.jpg 768w, http:\/\/u-c-o.de\/wp-content\/uploads\/2018\/03\/2018_Vortragsabend_1-1024x768.jpg 1024w, http:\/\/u-c-o.de\/wp-content\/uploads\/2018\/03\/2018_Vortragsabend_1-400x300.jpg 400w\" sizes=\"(max-width: 300px) 100vw, 300px\" \/><\/a>Aber auch bei Wettbewerben, wie dem ber\u00fcchtigten Langstreckenrennen Berlin-Breslau, die er als Teilnehmer absolvierte erweiterte seinen Erfahrungsschatz. Er berichtete unter anderem davon, wie man Fahrzeuge aus misslichen Lagen wieder flott bekommt und wie man richtig vorgeht, um erst gar nicht in solche Situationen zu kommen. Der Fokus lag bei gr\u00f6\u00dferen Fahrzeugen, so konnte man Bilder <a href=\"http:\/\/u-c-o.de\/wp-content\/uploads\/2018\/03\/2018_Vortragsabend_3.jpg\"><img loading=\"lazy\" class=\"alignright size-medium wp-image-869\" src=\"http:\/\/u-c-o.de\/wp-content\/uploads\/2018\/03\/2018_Vortragsabend_3-300x225.jpg\" alt=\"\" width=\"300\" height=\"225\" srcset=\"http:\/\/u-c-o.de\/wp-content\/uploads\/2018\/03\/2018_Vortragsabend_3-300x225.jpg 300w, http:\/\/u-c-o.de\/wp-content\/uploads\/2018\/03\/2018_Vortragsabend_3-768x576.jpg 768w, http:\/\/u-c-o.de\/wp-content\/uploads\/2018\/03\/2018_Vortragsabend_3-1024x768.jpg 1024w, http:\/\/u-c-o.de\/wp-content\/uploads\/2018\/03\/2018_Vortragsabend_3-400x300.jpg 400w\" sizes=\"(max-width: 300px) 100vw, 300px\" \/><\/a>von zweiachsigen Unimog bis hin zum gro\u00dfen vierachsigen MAN KAT in entsprechenden Situationen bestaunen. Nach dem sehr kurzweiligen Vortrag wurde unter den Zuh\u00f6rern noch angeregt weiter diskutiert.<\/p>\n","protected":false},"excerpt":{"rendered":"<p>Nachlese: Vortragsabend des Unimog-Club Ostalb e.V. Beim Vortragsabend des UCO war der Saal der Sonne in Frickenhofen mit \u00fcber 40 Zuh\u00f6rern gut besucht. Der Referent war Gisbert Hindennach, Kraftfahrzeugsachverst\u00e4ndiger aus Freudenstadt, der in der Szene durch seine B\u00fccher \u00fcber Unimog &hellip; <a href=\"http:\/\/u-c-o.de\/?page_id=864\">Weiterlesen <span class=\"meta-nav\">&rarr;<\/span><\/a><\/p>\n","protected":false},"author":1,"featured_media":0,"parent":861,"menu_order":0,"comment_status":"closed","ping_status":"closed","template":"","meta":[],"_links":{"self":[{"href":"http:\/\/u-c-o.de\/index.php?rest_route=\/wp\/v2\/pages\/864"}],"collection":[{"href":"http:\/\/u-c-o.de\/index.php?rest_route=\/wp\/v2\/pages"}],"about":[{"href":"http:\/\/u-c-o.de\/index.php?rest_route=\/wp\/v2\/types\/page"}],"author":[{"embeddable":true,"href":"http:\/\/u-c-o.de\/index.php?rest_route=\/wp\/v2\/users\/1"}],"replies":[{"embeddable":true,"href":"http:\/\/u-c-o.de\/index.php?rest_route=%2Fwp%2Fv2%2Fcomments&post=864"}],"version-history":[{"count":3,"href":"http:\/\/u-c-o.de\/index.php?rest_route=\/wp\/v2\/pages\/864\/revisions"}],"predecessor-version":[{"id":871,"href":"http:\/\/u-c-o.de\/index.php?rest_route=\/wp\/v2\/pages\/864\/revisions\/871"}],"up":[{"embeddable":true,"href":"http:\/\/u-c-o.de\/index.php?rest_route=\/wp\/v2\/pages\/861"}],"wp:attachment":[{"href":"http:\/\/u-c-o.de\/index.php?rest_route=%2Fwp%2Fv2%2Fmedia&parent=864"}],"curies":[{"name":"wp","href":"https:\/\/api.w.org\/{rel}","templated":true}]}}