{"id":861,"date":"2018-03-21T21:02:47","date_gmt":"2018-03-21T20:02:47","guid":{"rendered":"http:\/\/u-c-o.de\/?page_id=861"},"modified":"2018-11-02T19:55:09","modified_gmt":"2018-11-02T18:55:09","slug":"2018-2","status":"publish","type":"page","link":"http:\/\/u-c-o.de\/?page_id=861","title":{"rendered":"2018"},"content":{"rendered":"<p><a href=\"http:\/\/u-c-o.de\/?page_id=864\">Vortragsabend<\/a><\/p>\n<p><a href=\"http:\/\/u-c-o.de\/?page_id=879\">Lebensretterkurs<\/a><\/p>\n<p><a href=\"http:\/\/u-c-o.de\/?page_id=899\">Abtsgm\u00fcnder Fr\u00fchling<\/a><\/p>\n<p><a href=\"http:\/\/u-c-o.de\/?page_id=907\">Fr\u00fchlingstreffen Tannhausen<\/a><\/p>\n<p><a href=\"http:\/\/u-c-o.de\/?page_id=925\">Oldtimertreffen Honkling<\/a><\/p>\n<p><a href=\"http:\/\/u-c-o.de\/?page_id=940\">Herbsttreffen Seifertshofen<\/a><\/p>\n<p><a href=\"http:\/\/u-c-o.de\/?page_id=963\">100. LWH Er\u00f6ffnung<\/a><\/p>\n<p><a href=\"http:\/\/u-c-o.de\/?page_id=960\">Schraubertreffen<\/a><\/p>\n","protected":false},"excerpt":{"rendered":"<p>Vortragsabend Lebensretterkurs Abtsgm\u00fcnder Fr\u00fchling Fr\u00fchlingstreffen Tannhausen Oldtimertreffen Honkling Herbsttreffen Seifertshofen 100. LWH Er\u00f6ffnung Schraubertreffen<\/p>\n","protected":false},"author":1,"featured_media":0,"parent":11,"menu_order":96,"comment_status":"closed","ping_status":"closed","template":"","meta":[],"_links":{"self":[{"href":"http:\/\/u-c-o.de\/index.php?rest_route=\/wp\/v2\/pages\/861"}],"collection":[{"href":"http:\/\/u-c-o.de\/index.php?rest_route=\/wp\/v2\/pages"}],"about":[{"href":"http:\/\/u-c-o.de\/index.php?rest_route=\/wp\/v2\/types\/page"}],"author":[{"embeddable":true,"href":"http:\/\/u-c-o.de\/index.php?rest_route=\/wp\/v2\/users\/1"}],"replies":[{"embeddable":true,"href":"http:\/\/u-c-o.de\/index.php?rest_route=%2Fwp%2Fv2%2Fcomments&post=861"}],"version-history":[{"count":8,"href":"http:\/\/u-c-o.de\/index.php?rest_route=\/wp\/v2\/pages\/861\/revisions"}],"predecessor-version":[{"id":965,"href":"http:\/\/u-c-o.de\/index.php?rest_route=\/wp\/v2\/pages\/861\/revisions\/965"}],"up":[{"embeddable":true,"href":"http:\/\/u-c-o.de\/index.php?rest_route=\/wp\/v2\/pages\/11"}],"wp:attachment":[{"href":"http:\/\/u-c-o.de\/index.php?rest_route=%2Fwp%2Fv2%2Fmedia&parent=861"}],"curies":[{"name":"wp","href":"https:\/\/api.w.org\/{rel}","templated":true}]}}