{"id":7,"date":"2014-09-10T12:58:48","date_gmt":"2014-09-10T10:58:48","guid":{"rendered":"http:\/\/uco.club\/?page_id=7"},"modified":"2024-01-08T20:02:30","modified_gmt":"2024-01-08T19:02:30","slug":"sondermodelle","status":"publish","type":"page","link":"http:\/\/u-c-o.de\/?page_id=7","title":{"rendered":"Clubshop"},"content":{"rendered":"\n<p>Unser Clubshop ist auf allen gro\u00dfen Treffen mit dabei und&nbsp;ist nicht nur Anlaufstelle f\u00fcr alle Besucher, sondern bietet auch so manchen&nbsp;interessanten Artikel.<br>So findet sich vielleicht das eine oder andere nette Geschenk f\u00fcr alle Unimogbegeisterten jeglichen Alters.<br>Auch Sammler kommen mit unserem limitieren Sondermodell auf ihre Kosten!<\/p>\n\n\n\n<p>Aufgrund des erh\u00f6hten Aufwandes versenden wir die Artikel vorerst nicht. Sie sind aber bei allen Treffen im Clubshop erh\u00e4ltlich. An den Stammtischen ist es bedingt m\u00f6glich, Artikel mitzubringen. In diesem Fall aber bitte unbedingt vorher mit unserer Vorstandschaft Kontakt aufnehmen!<\/p>\n\n\n\n<div class=\"wp-block-media-text alignwide is-stacked-on-mobile\"><figure class=\"wp-block-media-text__media\"><img loading=\"lazy\" width=\"1024\" height=\"768\" src=\"http:\/\/u-c-o.de\/wp-content\/uploads\/2014\/09\/Sweat-Shirt-1024x768.jpg\" alt=\"Sweatshirt\" class=\"wp-image-508\" srcset=\"http:\/\/u-c-o.de\/wp-content\/uploads\/2014\/09\/Sweat-Shirt-1024x768.jpg 1024w, http:\/\/u-c-o.de\/wp-content\/uploads\/2014\/09\/Sweat-Shirt-300x225.jpg 300w, http:\/\/u-c-o.de\/wp-content\/uploads\/2014\/09\/Sweat-Shirt-768x576.jpg 768w, http:\/\/u-c-o.de\/wp-content\/uploads\/2014\/09\/Sweat-Shirt-400x300.jpg 400w, http:\/\/u-c-o.de\/wp-content\/uploads\/2014\/09\/Sweat-Shirt.jpg 1600w\" sizes=\"(max-width: 1024px) 100vw, 1024px\" \/><\/figure><div class=\"wp-block-media-text__content\">\n<p>Sweatshirt f\u00fcr Erwachsene<br>45,00 \u20ac<\/p>\n<\/div><\/div>\n\n\n\n<div class=\"wp-block-media-text alignwide is-stacked-on-mobile\"><figure class=\"wp-block-media-text__media\"><img loading=\"lazy\" width=\"768\" height=\"1024\" src=\"http:\/\/u-c-o.de\/wp-content\/uploads\/2014\/09\/T-Shirt-e1484040477100-768x1024.jpg\" alt=\"T-Shirt\" class=\"wp-image-509\" srcset=\"http:\/\/u-c-o.de\/wp-content\/uploads\/2014\/09\/T-Shirt-e1484040477100-768x1024.jpg 768w, http:\/\/u-c-o.de\/wp-content\/uploads\/2014\/09\/T-Shirt-e1484040477100-225x300.jpg 225w, http:\/\/u-c-o.de\/wp-content\/uploads\/2014\/09\/T-Shirt-e1484040477100.jpg 1200w\" sizes=\"(max-width: 768px) 100vw, 768px\" \/><\/figure><div class=\"wp-block-media-text__content\">\n<p>T-Shirt f\u00fcr Erwachsene<br>22,00 \u20ac<br>&#8211;<br>T-Shirt f\u00fcr Kinder<br>16,00 \u20ac<\/p>\n<\/div><\/div>\n\n\n\n<div class=\"wp-block-media-text alignwide is-stacked-on-mobile\"><figure class=\"wp-block-media-text__media\"><img loading=\"lazy\" width=\"1024\" height=\"768\" src=\"http:\/\/u-c-o.de\/wp-content\/uploads\/2014\/09\/Polo-Shirt-1024x768.jpg\" alt=\"Poloshirt\" class=\"wp-image-504\" srcset=\"http:\/\/u-c-o.de\/wp-content\/uploads\/2014\/09\/Polo-Shirt-1024x768.jpg 1024w, http:\/\/u-c-o.de\/wp-content\/uploads\/2014\/09\/Polo-Shirt-300x225.jpg 300w, http:\/\/u-c-o.de\/wp-content\/uploads\/2014\/09\/Polo-Shirt-768x576.jpg 768w, http:\/\/u-c-o.de\/wp-content\/uploads\/2014\/09\/Polo-Shirt-400x300.jpg 400w, http:\/\/u-c-o.de\/wp-content\/uploads\/2014\/09\/Polo-Shirt.jpg 1600w\" sizes=\"(max-width: 1024px) 100vw, 1024px\" \/><\/figure><div class=\"wp-block-media-text__content\">\n<p>Poloshirt f\u00fcr Erwachsene<br>33,00 \u20ac<\/p>\n<\/div><\/div>\n\n\n\n<div class=\"wp-block-media-text alignwide is-stacked-on-mobile\"><figure class=\"wp-block-media-text__media\"><img loading=\"lazy\" width=\"1024\" height=\"768\" src=\"http:\/\/u-c-o.de\/wp-content\/uploads\/2014\/09\/Schildm\u00fctze-Erwachsene-1024x768.jpg\" alt=\"Schildm\u00fctze Erwachsene\" class=\"wp-image-506\" srcset=\"http:\/\/u-c-o.de\/wp-content\/uploads\/2014\/09\/Schildm\u00fctze-Erwachsene-1024x768.jpg 1024w, http:\/\/u-c-o.de\/wp-content\/uploads\/2014\/09\/Schildm\u00fctze-Erwachsene-300x225.jpg 300w, http:\/\/u-c-o.de\/wp-content\/uploads\/2014\/09\/Schildm\u00fctze-Erwachsene-768x576.jpg 768w, http:\/\/u-c-o.de\/wp-content\/uploads\/2014\/09\/Schildm\u00fctze-Erwachsene-400x300.jpg 400w, http:\/\/u-c-o.de\/wp-content\/uploads\/2014\/09\/Schildm\u00fctze-Erwachsene.jpg 1600w\" sizes=\"(max-width: 1024px) 100vw, 1024px\" \/><\/figure><div class=\"wp-block-media-text__content\">\n<p>Schildm\u00fctze f\u00fcr Erwachsene<br>17,00 \u20ac<\/p>\n<\/div><\/div>\n\n\n\n<div class=\"wp-block-media-text alignwide is-stacked-on-mobile\"><figure class=\"wp-block-media-text__media\"><img loading=\"lazy\" width=\"1024\" height=\"768\" src=\"http:\/\/u-c-o.de\/wp-content\/uploads\/2014\/09\/Schildm\u00fctze-Kinder-1024x768.jpg\" alt=\"Schildm\u00fctze Kinder\" class=\"wp-image-507\" srcset=\"http:\/\/u-c-o.de\/wp-content\/uploads\/2014\/09\/Schildm\u00fctze-Kinder-1024x768.jpg 1024w, http:\/\/u-c-o.de\/wp-content\/uploads\/2014\/09\/Schildm\u00fctze-Kinder-300x225.jpg 300w, http:\/\/u-c-o.de\/wp-content\/uploads\/2014\/09\/Schildm\u00fctze-Kinder-768x576.jpg 768w, http:\/\/u-c-o.de\/wp-content\/uploads\/2014\/09\/Schildm\u00fctze-Kinder-400x300.jpg 400w, http:\/\/u-c-o.de\/wp-content\/uploads\/2014\/09\/Schildm\u00fctze-Kinder.jpg 1600w\" sizes=\"(max-width: 1024px) 100vw, 1024px\" \/><\/figure><div class=\"wp-block-media-text__content\">\n<p>Schildm\u00fctze f\u00fcr Kinder<br>&#8222;Wenn ich gro\u00df bin fahr ich Unimog&#8220; 12,00 \u20ac<\/p>\n<\/div><\/div>\n\n\n\n<div class=\"wp-block-media-text alignwide is-stacked-on-mobile\"><figure class=\"wp-block-media-text__media\"><img loading=\"lazy\" width=\"1024\" height=\"768\" src=\"http:\/\/u-c-o.de\/wp-content\/uploads\/2014\/09\/Modell-U421-1024x768.jpg\" alt=\"Sondermodell U421\" class=\"wp-image-502\" srcset=\"http:\/\/u-c-o.de\/wp-content\/uploads\/2014\/09\/Modell-U421-1024x768.jpg 1024w, http:\/\/u-c-o.de\/wp-content\/uploads\/2014\/09\/Modell-U421-300x225.jpg 300w, http:\/\/u-c-o.de\/wp-content\/uploads\/2014\/09\/Modell-U421-768x576.jpg 768w, http:\/\/u-c-o.de\/wp-content\/uploads\/2014\/09\/Modell-U421-400x300.jpg 400w, http:\/\/u-c-o.de\/wp-content\/uploads\/2014\/09\/Modell-U421.jpg 1600w\" sizes=\"(max-width: 1024px) 100vw, 1024px\" \/><\/figure><div class=\"wp-block-media-text__content\">\n<p>Sondermodell U421, <br>limitierte Auflage von 500 St\u00fcck<br>Sonderpreis: 6,00 \u20ac<\/p>\n<\/div><\/div>\n\n\n\n<div class=\"wp-block-media-text alignwide is-stacked-on-mobile\"><figure class=\"wp-block-media-text__media\"><img loading=\"lazy\" width=\"1024\" height=\"768\" src=\"http:\/\/u-c-o.de\/wp-content\/uploads\/2014\/09\/Handtuch-1024x768.jpg\" alt=\"\" class=\"wp-image-500\" srcset=\"http:\/\/u-c-o.de\/wp-content\/uploads\/2014\/09\/Handtuch-1024x768.jpg 1024w, http:\/\/u-c-o.de\/wp-content\/uploads\/2014\/09\/Handtuch-300x225.jpg 300w, http:\/\/u-c-o.de\/wp-content\/uploads\/2014\/09\/Handtuch-768x576.jpg 768w, http:\/\/u-c-o.de\/wp-content\/uploads\/2014\/09\/Handtuch-400x300.jpg 400w, http:\/\/u-c-o.de\/wp-content\/uploads\/2014\/09\/Handtuch.jpg 1600w\" sizes=\"(max-width: 1024px) 100vw, 1024px\" \/><\/figure><div class=\"wp-block-media-text__content\">\n<p>G\u00e4stehandtuch mit gesticktem UCO-Logo <br>Gro\u00df (50&#215;100 cm): 22,00 \u20ac<br>Klein (40&#215;60 cm): 12,00 \u20ac<\/p>\n<\/div><\/div>\n\n\n\n<div class=\"wp-block-media-text alignwide is-stacked-on-mobile\"><figure class=\"wp-block-media-text__media\"><img loading=\"lazy\" width=\"1024\" height=\"768\" src=\"http:\/\/u-c-o.de\/wp-content\/uploads\/2014\/09\/Kugelschreiber-1024x768.jpg\" alt=\"Kugelschreiber\" class=\"wp-image-501\" srcset=\"http:\/\/u-c-o.de\/wp-content\/uploads\/2014\/09\/Kugelschreiber-1024x768.jpg 1024w, http:\/\/u-c-o.de\/wp-content\/uploads\/2014\/09\/Kugelschreiber-300x225.jpg 300w, http:\/\/u-c-o.de\/wp-content\/uploads\/2014\/09\/Kugelschreiber-768x576.jpg 768w, http:\/\/u-c-o.de\/wp-content\/uploads\/2014\/09\/Kugelschreiber-400x300.jpg 400w, http:\/\/u-c-o.de\/wp-content\/uploads\/2014\/09\/Kugelschreiber.jpg 1600w\" sizes=\"(max-width: 1024px) 100vw, 1024px\" \/><\/figure><div class=\"wp-block-media-text__content\">\n<p>Kugelschreiber<br>1,00 \u20ac<\/p>\n<\/div><\/div>\n\n\n\n<div class=\"wp-block-media-text alignwide is-stacked-on-mobile\"><figure class=\"wp-block-media-text__media\"><img loading=\"lazy\" width=\"1024\" height=\"768\" src=\"http:\/\/u-c-o.de\/wp-content\/uploads\/2014\/09\/Notizblock-1024x768.jpg\" alt=\"Notizblock\" class=\"wp-image-503\" srcset=\"http:\/\/u-c-o.de\/wp-content\/uploads\/2014\/09\/Notizblock-1024x768.jpg 1024w, http:\/\/u-c-o.de\/wp-content\/uploads\/2014\/09\/Notizblock-300x225.jpg 300w, http:\/\/u-c-o.de\/wp-content\/uploads\/2014\/09\/Notizblock-768x576.jpg 768w, http:\/\/u-c-o.de\/wp-content\/uploads\/2014\/09\/Notizblock-400x300.jpg 400w, http:\/\/u-c-o.de\/wp-content\/uploads\/2014\/09\/Notizblock.jpg 1600w\" sizes=\"(max-width: 1024px) 100vw, 1024px\" \/><\/figure><div class=\"wp-block-media-text__content\">\n<p>Notizbl\u00f6cke, 2 St\u00fcck im Set<br>1,00 \u20ac<\/p>\n<\/div><\/div>\n\n\n\n<div class=\"wp-block-media-text alignwide is-stacked-on-mobile\"><figure class=\"wp-block-media-text__media\"><img loading=\"lazy\" width=\"1024\" height=\"768\" src=\"http:\/\/u-c-o.de\/wp-content\/uploads\/2014\/09\/Aufn\u00e4her-f\u00fcr-Jacken-1024x768.jpg\" alt=\"Aufn\u00e4her\" class=\"wp-image-498\" srcset=\"http:\/\/u-c-o.de\/wp-content\/uploads\/2014\/09\/Aufn\u00e4her-f\u00fcr-Jacken-1024x768.jpg 1024w, http:\/\/u-c-o.de\/wp-content\/uploads\/2014\/09\/Aufn\u00e4her-f\u00fcr-Jacken-300x225.jpg 300w, http:\/\/u-c-o.de\/wp-content\/uploads\/2014\/09\/Aufn\u00e4her-f\u00fcr-Jacken-768x576.jpg 768w, http:\/\/u-c-o.de\/wp-content\/uploads\/2014\/09\/Aufn\u00e4her-f\u00fcr-Jacken-400x300.jpg 400w, http:\/\/u-c-o.de\/wp-content\/uploads\/2014\/09\/Aufn\u00e4her-f\u00fcr-Jacken.jpg 1600w\" sizes=\"(max-width: 1024px) 100vw, 1024px\" \/><\/figure><div class=\"wp-block-media-text__content\">\n<p>Aufn\u00e4her f\u00fcr Jacken, Taschen etc. <br>Gro\u00df: 9,00 \u20ac<br>Klein: 5,00 \u20ac<\/p>\n<\/div><\/div>\n\n\n\n<div class=\"wp-block-media-text alignwide is-stacked-on-mobile\"><figure class=\"wp-block-media-text__media\"><img loading=\"lazy\" width=\"1024\" height=\"183\" src=\"http:\/\/u-c-o.de\/wp-content\/uploads\/2014\/09\/Aufkleber-Scheibe-1024x183.jpg\" alt=\"Scheibenaufkleber\" class=\"wp-image-497\" srcset=\"http:\/\/u-c-o.de\/wp-content\/uploads\/2014\/09\/Aufkleber-Scheibe-1024x183.jpg 1024w, http:\/\/u-c-o.de\/wp-content\/uploads\/2014\/09\/Aufkleber-Scheibe-300x54.jpg 300w, http:\/\/u-c-o.de\/wp-content\/uploads\/2014\/09\/Aufkleber-Scheibe-768x137.jpg 768w, http:\/\/u-c-o.de\/wp-content\/uploads\/2014\/09\/Aufkleber-Scheibe-500x89.jpg 500w, http:\/\/u-c-o.de\/wp-content\/uploads\/2014\/09\/Aufkleber-Scheibe.jpg 1450w\" sizes=\"(max-width: 1024px) 100vw, 1024px\" \/><\/figure><div class=\"wp-block-media-text__content\">\n<p>Aufkleber f\u00fcr Frontscheibe innen<br>Gro\u00df: 10,00 \u20ac<br>Klein: 6,00 \u20ac<\/p>\n<\/div><\/div>\n\n\n\n<div class=\"wp-block-media-text alignwide is-stacked-on-mobile\"><figure class=\"wp-block-media-text__media\"><img loading=\"lazy\" width=\"315\" height=\"42\" src=\"http:\/\/u-c-o.de\/wp-content\/uploads\/2014\/09\/Aufkleber-Scheibe-gro\u00df-und-klein.jpg\" alt=\"Scheibenaufkleber\" class=\"wp-image-496\" srcset=\"http:\/\/u-c-o.de\/wp-content\/uploads\/2014\/09\/Aufkleber-Scheibe-gro\u00df-und-klein.jpg 315w, http:\/\/u-c-o.de\/wp-content\/uploads\/2014\/09\/Aufkleber-Scheibe-gro\u00df-und-klein-300x40.jpg 300w\" sizes=\"(max-width: 315px) 100vw, 315px\" \/><\/figure><div class=\"wp-block-media-text__content\">\n<p>Beispielbild Aufkleber<br>Frontscheibe klein<\/p>\n<\/div><\/div>\n\n\n\n<div class=\"wp-block-media-text alignwide is-stacked-on-mobile\"><figure class=\"wp-block-media-text__media\"><img loading=\"lazy\" width=\"1024\" height=\"768\" src=\"http:\/\/u-c-o.de\/wp-content\/uploads\/2014\/09\/P1080953-1024x768.jpg\" alt=\"Schreibenaufkleber gro\u00df\" class=\"wp-image-511\" srcset=\"http:\/\/u-c-o.de\/wp-content\/uploads\/2014\/09\/P1080953-1024x768.jpg 1024w, http:\/\/u-c-o.de\/wp-content\/uploads\/2014\/09\/P1080953-300x225.jpg 300w, http:\/\/u-c-o.de\/wp-content\/uploads\/2014\/09\/P1080953-768x576.jpg 768w, http:\/\/u-c-o.de\/wp-content\/uploads\/2014\/09\/P1080953-400x300.jpg 400w\" sizes=\"(max-width: 1024px) 100vw, 1024px\" \/><\/figure><div class=\"wp-block-media-text__content\">\n<p>Beispielbild Aufkleber<br>Frontscheibe gro\u00df<\/p>\n<\/div><\/div>\n\n\n\n<p><\/p>\n","protected":false},"excerpt":{"rendered":"<p>Unser Clubshop ist auf allen gro\u00dfen Treffen mit dabei und&nbsp;ist nicht nur Anlaufstelle f\u00fcr alle Besucher, sondern bietet auch so manchen&nbsp;interessanten Artikel.So findet sich vielleicht das eine oder andere nette Geschenk f\u00fcr alle Unimogbegeisterten jeglichen Alters.Auch Sammler kommen mit unserem &hellip; <a href=\"http:\/\/u-c-o.de\/?page_id=7\">Weiterlesen <span class=\"meta-nav\">&rarr;<\/span><\/a><\/p>\n","protected":false},"author":1,"featured_media":0,"parent":0,"menu_order":2,"comment_status":"closed","ping_status":"closed","template":"","meta":[],"_links":{"self":[{"href":"http:\/\/u-c-o.de\/index.php?rest_route=\/wp\/v2\/pages\/7"}],"collection":[{"href":"http:\/\/u-c-o.de\/index.php?rest_route=\/wp\/v2\/pages"}],"about":[{"href":"http:\/\/u-c-o.de\/index.php?rest_route=\/wp\/v2\/types\/page"}],"author":[{"embeddable":true,"href":"http:\/\/u-c-o.de\/index.php?rest_route=\/wp\/v2\/users\/1"}],"replies":[{"embeddable":true,"href":"http:\/\/u-c-o.de\/index.php?rest_route=%2Fwp%2Fv2%2Fcomments&post=7"}],"version-history":[{"count":40,"href":"http:\/\/u-c-o.de\/index.php?rest_route=\/wp\/v2\/pages\/7\/revisions"}],"predecessor-version":[{"id":1811,"href":"http:\/\/u-c-o.de\/index.php?rest_route=\/wp\/v2\/pages\/7\/revisions\/1811"}],"wp:attachment":[{"href":"http:\/\/u-c-o.de\/index.php?rest_route=%2Fwp%2Fv2%2Fmedia&parent=7"}],"curies":[{"name":"wp","href":"https:\/\/api.w.org\/{rel}","templated":true}]}}