{"id":564,"date":"2017-02-23T00:14:00","date_gmt":"2017-02-22T22:14:00","guid":{"rendered":"http:\/\/u-c-o.de\/?page_id=564"},"modified":"2017-02-23T00:31:40","modified_gmt":"2017-02-22T22:31:40","slug":"weihnachtsfeier","status":"publish","type":"page","link":"http:\/\/u-c-o.de\/?page_id=564","title":{"rendered":"Weihnachtsfeier"},"content":{"rendered":"<p><strong>Weihnachtsfeier 2016<br \/>\n<\/strong>Das weihnachtlich geschm\u00fcckte Naturfreundehaus in Unterkochen war auch dieses Jahr wieder der Veranstaltungsort der Weihnachtsfeier des UCO. Es fanden sich etwa 60 gro\u00dfe und kleine G\u00e4ste dazu ein. Nach dem gemeinsamen Abendessen warteten die kleinen G\u00e4ste schon ungeduldig auf den Nikolaus. Da die guten Taten und Eigenschaften aller Kinder nat\u00fcrlich \u00fcberwogen, konnte die Rute stecken bleiben, und alle konnten sich \u00fcber ein Geschenk aus dem mitgebrachten Sack freuen. Eine aus Karton gebastelte Fernsehattrappe, dekoriert mit allerlei Spielzeug bildete die Kulisse f\u00fcr das &#8222;Dingsda Quiz&#8220;. Dabei galt es Begriffe zu erraten, die von Ausschussmitgliedern gespielten &#8222;Dingsda Kinder&#8220; mit Erkl\u00e4rungen umschrieben wurden. Belohnt wurde jeder erratene Begriff mit einer kleinen T\u00fcte gef\u00fcllt mit S\u00fc\u00dfigkeiten, wobei die Kinder klar die besseren Ratef\u00fcchse waren.<\/p>\n\n\t\t<style type=\"text\/css\">\n\t\t\t#gallery-1 {\n\t\t\t\tmargin: auto;\n\t\t\t}\n\t\t\t#gallery-1 .gallery-item {\n\t\t\t\tfloat: left;\n\t\t\t\tmargin-top: 10px;\n\t\t\t\ttext-align: center;\n\t\t\t\twidth: 33%;\n\t\t\t}\n\t\t\t#gallery-1 img {\n\t\t\t\tborder: 2px solid #cfcfcf;\n\t\t\t}\n\t\t\t#gallery-1 .gallery-caption {\n\t\t\t\tmargin-left: 0;\n\t\t\t}\n\t\t\t\/* see gallery_shortcode() in wp-includes\/media.php *\/\n\t\t<\/style>\n\t\t<div id='gallery-1' class='gallery galleryid-564 gallery-columns-3 gallery-size-thumbnail'><dl class='gallery-item'>\n\t\t\t<dt class='gallery-icon landscape'>\n\t\t\t\t<a href='http:\/\/u-c-o.de\/?attachment_id=482'><img width=\"150\" height=\"150\" src=\"http:\/\/u-c-o.de\/wp-content\/uploads\/2014\/09\/P1350687-150x150.jpg\" class=\"attachment-thumbnail size-thumbnail\" alt=\"Weihnachtsfeier 2016\" loading=\"lazy\" aria-describedby=\"gallery-1-482\" \/><\/a>\n\t\t\t<\/dt>\n\t\t\t\t<dd class='wp-caption-text gallery-caption' id='gallery-1-482'>\n\t\t\t\tDas Naturfreundehaus war gut besucht.\n\t\t\t\t<\/dd><\/dl><dl class='gallery-item'>\n\t\t\t<dt class='gallery-icon landscape'>\n\t\t\t\t<a href='http:\/\/u-c-o.de\/?attachment_id=483'><img width=\"150\" height=\"150\" src=\"http:\/\/u-c-o.de\/wp-content\/uploads\/2014\/09\/P1350691-150x150.jpg\" class=\"attachment-thumbnail size-thumbnail\" alt=\"Weihnachtsfeier 2016\" loading=\"lazy\" aria-describedby=\"gallery-1-483\" \/><\/a>\n\t\t\t<\/dt>\n\t\t\t\t<dd class='wp-caption-text gallery-caption' id='gallery-1-483'>\n\t\t\t\tDie Geselligkeit stand wie immer im Mittelpunkt.\n\t\t\t\t<\/dd><\/dl><dl class='gallery-item'>\n\t\t\t<dt class='gallery-icon landscape'>\n\t\t\t\t<a href='http:\/\/u-c-o.de\/?attachment_id=473'><img width=\"150\" height=\"150\" src=\"http:\/\/u-c-o.de\/wp-content\/uploads\/2014\/09\/IMG_8891-150x150.jpg\" class=\"attachment-thumbnail size-thumbnail\" alt=\"Weihnachtsfeier 2016\" loading=\"lazy\" aria-describedby=\"gallery-1-473\" \/><\/a>\n\t\t\t<\/dt>\n\t\t\t\t<dd class='wp-caption-text gallery-caption' id='gallery-1-473'>\n\t\t\t\tWie immer beginnt der Abend mit einem gemeinsamen Essen.\n\t\t\t\t<\/dd><\/dl><br style=\"clear: both\" \/><dl class='gallery-item'>\n\t\t\t<dt class='gallery-icon landscape'>\n\t\t\t\t<a href='http:\/\/u-c-o.de\/?attachment_id=489'><img width=\"150\" height=\"150\" src=\"http:\/\/u-c-o.de\/wp-content\/uploads\/2014\/09\/IMG_8903-1-150x150.jpg\" class=\"attachment-thumbnail size-thumbnail\" alt=\"Weihnachtsfeier 2016\" loading=\"lazy\" aria-describedby=\"gallery-1-489\" \/><\/a>\n\t\t\t<\/dt>\n\t\t\t\t<dd class='wp-caption-text gallery-caption' id='gallery-1-489'>\n\t\t\t\tAls Rahmenprogramm gab es ein lustiges Ratequiz.\n\t\t\t\t<\/dd><\/dl><dl class='gallery-item'>\n\t\t\t<dt class='gallery-icon landscape'>\n\t\t\t\t<a href='http:\/\/u-c-o.de\/?attachment_id=477'><img width=\"150\" height=\"150\" src=\"http:\/\/u-c-o.de\/wp-content\/uploads\/2014\/09\/IMG_8904-150x150.jpg\" class=\"attachment-thumbnail size-thumbnail\" alt=\"Weihnachtsfeier 2016\" loading=\"lazy\" aria-describedby=\"gallery-1-477\" \/><\/a>\n\t\t\t<\/dt>\n\t\t\t\t<dd class='wp-caption-text gallery-caption' id='gallery-1-477'>\n\t\t\t\tDie Kinder bildeten ein eigenes Ratteam.\n\t\t\t\t<\/dd><\/dl><dl class='gallery-item'>\n\t\t\t<dt class='gallery-icon landscape'>\n\t\t\t\t<a href='http:\/\/u-c-o.de\/?attachment_id=488'><img width=\"150\" height=\"150\" src=\"http:\/\/u-c-o.de\/wp-content\/uploads\/2014\/09\/P1350747-150x150.jpg\" class=\"attachment-thumbnail size-thumbnail\" alt=\"Weihnachtsfeier 2016\" loading=\"lazy\" aria-describedby=\"gallery-1-488\" \/><\/a>\n\t\t\t<\/dt>\n\t\t\t\t<dd class='wp-caption-text gallery-caption' id='gallery-1-488'>\n\t\t\t\t&#8230; und sie waren auch sehr erfolgreich.\n\t\t\t\t<\/dd><\/dl><br style=\"clear: both\" \/><dl class='gallery-item'>\n\t\t\t<dt class='gallery-icon landscape'>\n\t\t\t\t<a href='http:\/\/u-c-o.de\/?attachment_id=486'><img width=\"150\" height=\"150\" src=\"http:\/\/u-c-o.de\/wp-content\/uploads\/2014\/09\/P1350722-150x150.jpg\" class=\"attachment-thumbnail size-thumbnail\" alt=\"Weihnachtsfeier 2016\" loading=\"lazy\" aria-describedby=\"gallery-1-486\" \/><\/a>\n\t\t\t<\/dt>\n\t\t\t\t<dd class='wp-caption-text gallery-caption' id='gallery-1-486'>\n\t\t\t\tViele Mitglieder waren der Einladung gefolgt.\n\t\t\t\t<\/dd><\/dl><dl class='gallery-item'>\n\t\t\t<dt class='gallery-icon landscape'>\n\t\t\t\t<a href='http:\/\/u-c-o.de\/?attachment_id=474'><img width=\"150\" height=\"150\" src=\"http:\/\/u-c-o.de\/wp-content\/uploads\/2014\/09\/IMG_8898-150x150.jpg\" class=\"attachment-thumbnail size-thumbnail\" alt=\"Weihnachtsfeier 2016\" loading=\"lazy\" aria-describedby=\"gallery-1-474\" \/><\/a>\n\t\t\t<\/dt>\n\t\t\t\t<dd class='wp-caption-text gallery-caption' id='gallery-1-474'>\n\t\t\t\tAuch der Nikolaus kam zu Besuch.\n\t\t\t\t<\/dd><\/dl><dl class='gallery-item'>\n\t\t\t<dt class='gallery-icon landscape'>\n\t\t\t\t<a href='http:\/\/u-c-o.de\/?attachment_id=484'><img width=\"150\" height=\"150\" src=\"http:\/\/u-c-o.de\/wp-content\/uploads\/2014\/09\/P1350700-150x150.jpg\" class=\"attachment-thumbnail size-thumbnail\" alt=\"Weihnachtsfeier 2016\" loading=\"lazy\" aria-describedby=\"gallery-1-484\" \/><\/a>\n\t\t\t<\/dt>\n\t\t\t\t<dd class='wp-caption-text gallery-caption' id='gallery-1-484'>\n\t\t\t\tHo, ho, ho\n\t\t\t\t<\/dd><\/dl><br style=\"clear: both\" \/><dl class='gallery-item'>\n\t\t\t<dt class='gallery-icon landscape'>\n\t\t\t\t<a href='http:\/\/u-c-o.de\/?attachment_id=487'><img width=\"150\" height=\"150\" src=\"http:\/\/u-c-o.de\/wp-content\/uploads\/2014\/09\/P1350733-150x150.jpg\" class=\"attachment-thumbnail size-thumbnail\" alt=\"Weihnachtsfeier 2016\" loading=\"lazy\" aria-describedby=\"gallery-1-487\" \/><\/a>\n\t\t\t<\/dt>\n\t\t\t\t<dd class='wp-caption-text gallery-caption' id='gallery-1-487'>\n\t\t\t\tHo, ho, ho\n\t\t\t\t<\/dd><\/dl><dl class='gallery-item'>\n\t\t\t<dt class='gallery-icon landscape'>\n\t\t\t\t<a href='http:\/\/u-c-o.de\/?attachment_id=485'><img width=\"150\" height=\"150\" src=\"http:\/\/u-c-o.de\/wp-content\/uploads\/2014\/09\/P1350707-150x150.jpg\" class=\"attachment-thumbnail size-thumbnail\" alt=\"Weihnachtsfeier 2016\" loading=\"lazy\" aria-describedby=\"gallery-1-485\" \/><\/a>\n\t\t\t<\/dt>\n\t\t\t\t<dd class='wp-caption-text gallery-caption' id='gallery-1-485'>\n\t\t\t\tDie Kinder freuten sich \u00fcber den Besuch des Nikolauses.\n\t\t\t\t<\/dd><\/dl><dl class='gallery-item'>\n\t\t\t<dt class='gallery-icon landscape'>\n\t\t\t\t<a href='http:\/\/u-c-o.de\/?attachment_id=475'><img width=\"150\" height=\"150\" src=\"http:\/\/u-c-o.de\/wp-content\/uploads\/2014\/09\/IMG_8902-150x150.jpg\" class=\"attachment-thumbnail size-thumbnail\" alt=\"Weihnachtsfeier 2016\" loading=\"lazy\" aria-describedby=\"gallery-1-475\" \/><\/a>\n\t\t\t<\/dt>\n\t\t\t\t<dd class='wp-caption-text gallery-caption' id='gallery-1-475'>\n\t\t\t\tDie Kinder bekamen Geschenke \u00fcberreicht.\n\t\t\t\t<\/dd><\/dl><br style=\"clear: both\" \/>\n\t\t<\/div>\n\n","protected":false},"excerpt":{"rendered":"<p>Weihnachtsfeier 2016 Das weihnachtlich geschm\u00fcckte Naturfreundehaus in Unterkochen war auch dieses Jahr wieder der Veranstaltungsort der Weihnachtsfeier des UCO. Es fanden sich etwa 60 gro\u00dfe und kleine G\u00e4ste dazu ein. Nach dem gemeinsamen Abendessen warteten die kleinen G\u00e4ste schon ungeduldig &hellip; <a href=\"http:\/\/u-c-o.de\/?page_id=564\">Weiterlesen <span class=\"meta-nav\">&rarr;<\/span><\/a><\/p>\n","protected":false},"author":1,"featured_media":0,"parent":566,"menu_order":8,"comment_status":"closed","ping_status":"closed","template":"","meta":[],"_links":{"self":[{"href":"http:\/\/u-c-o.de\/index.php?rest_route=\/wp\/v2\/pages\/564"}],"collection":[{"href":"http:\/\/u-c-o.de\/index.php?rest_route=\/wp\/v2\/pages"}],"about":[{"href":"http:\/\/u-c-o.de\/index.php?rest_route=\/wp\/v2\/types\/page"}],"author":[{"embeddable":true,"href":"http:\/\/u-c-o.de\/index.php?rest_route=\/wp\/v2\/users\/1"}],"replies":[{"embeddable":true,"href":"http:\/\/u-c-o.de\/index.php?rest_route=%2Fwp%2Fv2%2Fcomments&post=564"}],"version-history":[{"count":2,"href":"http:\/\/u-c-o.de\/index.php?rest_route=\/wp\/v2\/pages\/564\/revisions"}],"predecessor-version":[{"id":577,"href":"http:\/\/u-c-o.de\/index.php?rest_route=\/wp\/v2\/pages\/564\/revisions\/577"}],"up":[{"embeddable":true,"href":"http:\/\/u-c-o.de\/index.php?rest_route=\/wp\/v2\/pages\/566"}],"wp:attachment":[{"href":"http:\/\/u-c-o.de\/index.php?rest_route=%2Fwp%2Fv2%2Fmedia&parent=564"}],"curies":[{"name":"wp","href":"https:\/\/api.w.org\/{rel}","templated":true}]}}