{"id":557,"date":"2017-02-23T00:10:18","date_gmt":"2017-02-22T22:10:18","guid":{"rendered":"http:\/\/u-c-o.de\/?page_id=557"},"modified":"2017-02-23T00:31:26","modified_gmt":"2017-02-22T22:31:26","slug":"unimog-challenge","status":"publish","type":"page","link":"http:\/\/u-c-o.de\/?page_id=557","title":{"rendered":"Unimog Challenge"},"content":{"rendered":"<div><strong>Unimog Challenge in Ulm<\/strong><br \/>\nBei der Unimog Challenge, die von Mercedes-Benz Special Trucks in Verbindung mit der Gebietsvertretung Wilhelm Mayer GmbH &amp;Co. KG in der Messe in Ulm veranstaltet wurde, haben auch Mitglieder des UCO teilgenommen.<br \/>\nEs galt dabei, f\u00fcnf Aufgaben zu bew\u00e4ltigen, welche nat\u00fcrlich mit Unimog sowie verschiedenen Ausr\u00fcstungen und\u00a0Anbauger\u00e4ten wie Frontlader, Bew\u00e4sserungsspritze und Vierradlenkung zu\u00a0meistern waren.\u00a0Diese wurden von Siegfried Baumann, Martin Reinert und dessen Sohn Simon mit gro\u00dfem Enthusiasmus angegangen. Wenn auch keiner der drei den\u00a0erste Preis, ein VIP Wochenende beim Truck Grand Prix auf dem N\u00fcrburgring mit nach Hause nehmen konnte,\u00a0waren alle begeistert denn im Vordergrund stand dabei der Spa\u00dffaktor. Und der war ausreichend vorhanden.<br \/>\n\n\t\t<style type=\"text\/css\">\n\t\t\t#gallery-1 {\n\t\t\t\tmargin: auto;\n\t\t\t}\n\t\t\t#gallery-1 .gallery-item {\n\t\t\t\tfloat: left;\n\t\t\t\tmargin-top: 10px;\n\t\t\t\ttext-align: center;\n\t\t\t\twidth: 33%;\n\t\t\t}\n\t\t\t#gallery-1 img {\n\t\t\t\tborder: 2px solid #cfcfcf;\n\t\t\t}\n\t\t\t#gallery-1 .gallery-caption {\n\t\t\t\tmargin-left: 0;\n\t\t\t}\n\t\t\t\/* see gallery_shortcode() in wp-includes\/media.php *\/\n\t\t<\/style>\n\t\t<div id='gallery-1' class='gallery galleryid-557 gallery-columns-3 gallery-size-thumbnail'><dl class='gallery-item'>\n\t\t\t<dt class='gallery-icon landscape'>\n\t\t\t\t<a href='http:\/\/u-c-o.de\/?attachment_id=374'><img width=\"150\" height=\"150\" src=\"http:\/\/u-c-o.de\/wp-content\/uploads\/2014\/09\/Challenge-01-150x150.jpg\" class=\"attachment-thumbnail size-thumbnail\" alt=\"Challenge 01\" loading=\"lazy\" \/><\/a>\n\t\t\t<\/dt><\/dl><dl class='gallery-item'>\n\t\t\t<dt class='gallery-icon landscape'>\n\t\t\t\t<a href='http:\/\/u-c-o.de\/?attachment_id=375'><img width=\"150\" height=\"150\" src=\"http:\/\/u-c-o.de\/wp-content\/uploads\/2014\/09\/Challenge-02-150x150.jpg\" class=\"attachment-thumbnail size-thumbnail\" alt=\"Challenge 02\" loading=\"lazy\" \/><\/a>\n\t\t\t<\/dt><\/dl><dl class='gallery-item'>\n\t\t\t<dt class='gallery-icon landscape'>\n\t\t\t\t<a href='http:\/\/u-c-o.de\/?attachment_id=376'><img width=\"150\" height=\"150\" src=\"http:\/\/u-c-o.de\/wp-content\/uploads\/2014\/09\/Challenge-03-150x150.jpg\" class=\"attachment-thumbnail size-thumbnail\" alt=\"Challenge 03\" loading=\"lazy\" \/><\/a>\n\t\t\t<\/dt><\/dl><br style=\"clear: both\" \/><dl class='gallery-item'>\n\t\t\t<dt class='gallery-icon landscape'>\n\t\t\t\t<a href='http:\/\/u-c-o.de\/?attachment_id=377'><img width=\"150\" height=\"150\" src=\"http:\/\/u-c-o.de\/wp-content\/uploads\/2014\/09\/Challenge-04-150x150.jpg\" class=\"attachment-thumbnail size-thumbnail\" alt=\"Challenge 04\" loading=\"lazy\" \/><\/a>\n\t\t\t<\/dt><\/dl><dl class='gallery-item'>\n\t\t\t<dt class='gallery-icon landscape'>\n\t\t\t\t<a href='http:\/\/u-c-o.de\/?attachment_id=378'><img width=\"150\" height=\"150\" src=\"http:\/\/u-c-o.de\/wp-content\/uploads\/2014\/09\/Challenge-05-150x150.jpg\" class=\"attachment-thumbnail size-thumbnail\" alt=\"Challenge 05\" loading=\"lazy\" \/><\/a>\n\t\t\t<\/dt><\/dl><dl class='gallery-item'>\n\t\t\t<dt class='gallery-icon landscape'>\n\t\t\t\t<a href='http:\/\/u-c-o.de\/?attachment_id=379'><img width=\"150\" height=\"150\" src=\"http:\/\/u-c-o.de\/wp-content\/uploads\/2014\/09\/Challenge-06-150x150.jpg\" class=\"attachment-thumbnail size-thumbnail\" alt=\"Challenge 06\" loading=\"lazy\" \/><\/a>\n\t\t\t<\/dt><\/dl><br style=\"clear: both\" \/><dl class='gallery-item'>\n\t\t\t<dt class='gallery-icon landscape'>\n\t\t\t\t<a href='http:\/\/u-c-o.de\/?attachment_id=380'><img width=\"150\" height=\"150\" src=\"http:\/\/u-c-o.de\/wp-content\/uploads\/2014\/09\/Challenge-07-150x150.jpg\" class=\"attachment-thumbnail size-thumbnail\" alt=\"Challenge 07\" loading=\"lazy\" \/><\/a>\n\t\t\t<\/dt><\/dl><dl class='gallery-item'>\n\t\t\t<dt class='gallery-icon landscape'>\n\t\t\t\t<a href='http:\/\/u-c-o.de\/?attachment_id=384'><img width=\"150\" height=\"150\" src=\"http:\/\/u-c-o.de\/wp-content\/uploads\/2014\/09\/IMG_9455-150x150.jpg\" class=\"attachment-thumbnail size-thumbnail\" alt=\"Challenge 08\" loading=\"lazy\" \/><\/a>\n\t\t\t<\/dt><\/dl><dl class='gallery-item'>\n\t\t\t<dt class='gallery-icon landscape'>\n\t\t\t\t<a href='http:\/\/u-c-o.de\/?attachment_id=385'><img width=\"150\" height=\"150\" src=\"http:\/\/u-c-o.de\/wp-content\/uploads\/2014\/09\/IMG_9456-150x150.jpg\" class=\"attachment-thumbnail size-thumbnail\" alt=\"Challenge 09\" loading=\"lazy\" \/><\/a>\n\t\t\t<\/dt><\/dl><br style=\"clear: both\" \/><dl class='gallery-item'>\n\t\t\t<dt class='gallery-icon landscape'>\n\t\t\t\t<a href='http:\/\/u-c-o.de\/?attachment_id=387'><img width=\"150\" height=\"150\" src=\"http:\/\/u-c-o.de\/wp-content\/uploads\/2014\/09\/IMG_9530-150x150.jpg\" class=\"attachment-thumbnail size-thumbnail\" alt=\"Challenge 10\" loading=\"lazy\" \/><\/a>\n\t\t\t<\/dt><\/dl>\n\t\t\t<br style='clear: both' \/>\n\t\t<\/div>\n<\/p>\n<\/div>\n","protected":false},"excerpt":{"rendered":"<p>Unimog Challenge in Ulm Bei der Unimog Challenge, die von Mercedes-Benz Special Trucks in Verbindung mit der Gebietsvertretung Wilhelm Mayer GmbH &amp;Co. KG in der Messe in Ulm veranstaltet wurde, haben auch Mitglieder des UCO teilgenommen. Es galt dabei, f\u00fcnf &hellip; <a href=\"http:\/\/u-c-o.de\/?page_id=557\">Weiterlesen <span class=\"meta-nav\">&rarr;<\/span><\/a><\/p>\n","protected":false},"author":1,"featured_media":0,"parent":566,"menu_order":5,"comment_status":"closed","ping_status":"closed","template":"","meta":[],"_links":{"self":[{"href":"http:\/\/u-c-o.de\/index.php?rest_route=\/wp\/v2\/pages\/557"}],"collection":[{"href":"http:\/\/u-c-o.de\/index.php?rest_route=\/wp\/v2\/pages"}],"about":[{"href":"http:\/\/u-c-o.de\/index.php?rest_route=\/wp\/v2\/types\/page"}],"author":[{"embeddable":true,"href":"http:\/\/u-c-o.de\/index.php?rest_route=\/wp\/v2\/users\/1"}],"replies":[{"embeddable":true,"href":"http:\/\/u-c-o.de\/index.php?rest_route=%2Fwp%2Fv2%2Fcomments&post=557"}],"version-history":[{"count":2,"href":"http:\/\/u-c-o.de\/index.php?rest_route=\/wp\/v2\/pages\/557\/revisions"}],"predecessor-version":[{"id":574,"href":"http:\/\/u-c-o.de\/index.php?rest_route=\/wp\/v2\/pages\/557\/revisions\/574"}],"up":[{"embeddable":true,"href":"http:\/\/u-c-o.de\/index.php?rest_route=\/wp\/v2\/pages\/566"}],"wp:attachment":[{"href":"http:\/\/u-c-o.de\/index.php?rest_route=%2Fwp%2Fv2%2Fmedia&parent=557"}],"curies":[{"name":"wp","href":"https:\/\/api.w.org\/{rel}","templated":true}]}}