{"id":552,"date":"2017-02-23T00:06:29","date_gmt":"2017-02-22T22:06:29","guid":{"rendered":"http:\/\/u-c-o.de\/?page_id=552"},"modified":"2017-02-23T00:31:19","modified_gmt":"2017-02-22T22:31:19","slug":"filmeabend-ausserordentliche-versammlung","status":"publish","type":"page","link":"http:\/\/u-c-o.de\/?page_id=552","title":{"rendered":"Filmeabend \/ Au\u00dferordentliche Versammlung"},"content":{"rendered":"<p><strong>Au\u00dferordentliche Versammmlung mit anschlie\u00dfendem Filmeabend<\/strong><br \/>\nAm 11. M\u00e4rz 2016 fand unser Filmeabend im Gasthaus Sonne in Gschwend-Frickenhofen statt. Es wurde wieder einmal tief in die Kiste gegriffen, um interessante Filme rund um das Thema Unimog vorf\u00fchren zu k\u00f6nnen.<br \/>\nKurz vor dem Filmeabend musste eine au\u00dferordentliche Versammlung der Mitglieder einberufen werden. Es galt die vakante Stelle des 2. Vorsitzenden zu besetzen. Die Versammlung konnte sehr z\u00fcgig mit der Wahl von Matthias Haas abgeschlossen werden.<br \/>\n<a href=\"http:\/\/u-c-o.de\/wp-content\/uploads\/2014\/09\/3_Gruppe1.jpg\"><img loading=\"lazy\" class=\"alignleft size-medium wp-image-310\" src=\"http:\/\/u-c-o.de\/wp-content\/uploads\/2014\/09\/3_Gruppe1-300x225.jpg\" alt=\"3_Gruppe\" width=\"300\" height=\"225\" srcset=\"http:\/\/u-c-o.de\/wp-content\/uploads\/2014\/09\/3_Gruppe1-300x225.jpg 300w, http:\/\/u-c-o.de\/wp-content\/uploads\/2014\/09\/3_Gruppe1-1024x768.jpg 1024w, http:\/\/u-c-o.de\/wp-content\/uploads\/2014\/09\/3_Gruppe1-400x300.jpg 400w\" sizes=\"(max-width: 300px) 100vw, 300px\" \/><\/a><\/p>\n","protected":false},"excerpt":{"rendered":"<p>Au\u00dferordentliche Versammmlung mit anschlie\u00dfendem Filmeabend Am 11. M\u00e4rz 2016 fand unser Filmeabend im Gasthaus Sonne in Gschwend-Frickenhofen statt. Es wurde wieder einmal tief in die Kiste gegriffen, um interessante Filme rund um das Thema Unimog vorf\u00fchren zu k\u00f6nnen. Kurz vor &hellip; <a href=\"http:\/\/u-c-o.de\/?page_id=552\">Weiterlesen <span class=\"meta-nav\">&rarr;<\/span><\/a><\/p>\n","protected":false},"author":1,"featured_media":0,"parent":566,"menu_order":3,"comment_status":"closed","ping_status":"closed","template":"","meta":[],"_links":{"self":[{"href":"http:\/\/u-c-o.de\/index.php?rest_route=\/wp\/v2\/pages\/552"}],"collection":[{"href":"http:\/\/u-c-o.de\/index.php?rest_route=\/wp\/v2\/pages"}],"about":[{"href":"http:\/\/u-c-o.de\/index.php?rest_route=\/wp\/v2\/types\/page"}],"author":[{"embeddable":true,"href":"http:\/\/u-c-o.de\/index.php?rest_route=\/wp\/v2\/users\/1"}],"replies":[{"embeddable":true,"href":"http:\/\/u-c-o.de\/index.php?rest_route=%2Fwp%2Fv2%2Fcomments&post=552"}],"version-history":[{"count":2,"href":"http:\/\/u-c-o.de\/index.php?rest_route=\/wp\/v2\/pages\/552\/revisions"}],"predecessor-version":[{"id":572,"href":"http:\/\/u-c-o.de\/index.php?rest_route=\/wp\/v2\/pages\/552\/revisions\/572"}],"up":[{"embeddable":true,"href":"http:\/\/u-c-o.de\/index.php?rest_route=\/wp\/v2\/pages\/566"}],"wp:attachment":[{"href":"http:\/\/u-c-o.de\/index.php?rest_route=%2Fwp%2Fv2%2Fmedia&parent=552"}],"curies":[{"name":"wp","href":"https:\/\/api.w.org\/{rel}","templated":true}]}}