{"id":537,"date":"2017-02-22T23:51:53","date_gmt":"2017-02-22T21:51:53","guid":{"rendered":"http:\/\/u-c-o.de\/?page_id=537"},"modified":"2017-02-23T00:30:52","modified_gmt":"2017-02-22T22:30:52","slug":"oldtimertreffen-gschwend-honkling","status":"publish","type":"page","link":"http:\/\/u-c-o.de\/?page_id=537","title":{"rendered":"Oldtimertreffen Gschwend-Honkling"},"content":{"rendered":"<p><strong>Oldtimertreffen am 2. August 2015 in Gschwend-Honkling<\/strong><br \/>\nSeit\u00a0einigen Jahren hat sich auf dem Fest der Dorfgemeinschaft Honkling ein kleines aber feines Oldtimertreffen etabliert.\u00a0Bei den letzten Veranstaltungen war der UCO auch immer mit\u00a0etlichen Fahrzeugen vor Ort und konnte mehrere Treffen in Folge den Pokal f\u00fcr den\u00a0&#8222;Gr\u00f6\u00dften Club vor Ort&#8220; einheimsen.<br \/>\nDie Vollgas-Freunde Gschwend haben es\u00a0in all den Jahren geschafft, dass immer mehr Traktoren, PKW, Motorr\u00e4der, Unimog und eben auch noch viele andere das Treffen der Dorfgemeinschaft Honkling noch interessanter gemacht haben.<br \/>\nLeider konnten die Vollgas-Freunde Gschwend in diesem Jahr die Organisation des Treffens\u00a0nicht stemmen. Aus diesem Grunde\u00a0kam der UCO der Bitte der Dorfgemeinschaft nach und stellte den Clubshop am Eingang des Oldtimer-Gel\u00e4ndes ab, sodass alle Anreisenden einen zentralen Anlaufpunkt hatten.<br \/>\nBei bestem Wetter konnten die Fahrzeuge pr\u00e4sentiert werden. F\u00fcr ein abwechslungsreiches Rahmenprogramm sowie beste Verpflegung sorgte die Dorfgemeinschaft im Gro\u00dfen Festzelt.<\/p>\n\n\t\t<style type=\"text\/css\">\n\t\t\t#gallery-1 {\n\t\t\t\tmargin: auto;\n\t\t\t}\n\t\t\t#gallery-1 .gallery-item {\n\t\t\t\tfloat: left;\n\t\t\t\tmargin-top: 10px;\n\t\t\t\ttext-align: center;\n\t\t\t\twidth: 33%;\n\t\t\t}\n\t\t\t#gallery-1 img {\n\t\t\t\tborder: 2px solid #cfcfcf;\n\t\t\t}\n\t\t\t#gallery-1 .gallery-caption {\n\t\t\t\tmargin-left: 0;\n\t\t\t}\n\t\t\t\/* see gallery_shortcode() in wp-includes\/media.php *\/\n\t\t<\/style>\n\t\t<div id='gallery-1' class='gallery galleryid-537 gallery-columns-3 gallery-size-thumbnail'><dl class='gallery-item'>\n\t\t\t<dt class='gallery-icon landscape'>\n\t\t\t\t<a href='http:\/\/u-c-o.de\/?attachment_id=253'><img width=\"150\" height=\"150\" src=\"http:\/\/u-c-o.de\/wp-content\/uploads\/2014\/09\/P1010335-150x150.jpg\" class=\"attachment-thumbnail size-thumbnail\" alt=\"\" loading=\"lazy\" aria-describedby=\"gallery-1-253\" \/><\/a>\n\t\t\t<\/dt>\n\t\t\t\t<dd class='wp-caption-text gallery-caption' id='gallery-1-253'>\n\t\t\t\t2015 Oldtimertreffen Honkling\n\t\t\t\t<\/dd><\/dl><dl class='gallery-item'>\n\t\t\t<dt class='gallery-icon landscape'>\n\t\t\t\t<a href='http:\/\/u-c-o.de\/?attachment_id=252'><img width=\"150\" height=\"150\" src=\"http:\/\/u-c-o.de\/wp-content\/uploads\/2014\/09\/P1010334-150x150.jpg\" class=\"attachment-thumbnail size-thumbnail\" alt=\"\" loading=\"lazy\" aria-describedby=\"gallery-1-252\" \/><\/a>\n\t\t\t<\/dt>\n\t\t\t\t<dd class='wp-caption-text gallery-caption' id='gallery-1-252'>\n\t\t\t\t2015 Oldtimertreffen Honkling\n\t\t\t\t<\/dd><\/dl><dl class='gallery-item'>\n\t\t\t<dt class='gallery-icon landscape'>\n\t\t\t\t<a href='http:\/\/u-c-o.de\/?attachment_id=251'><img width=\"150\" height=\"150\" src=\"http:\/\/u-c-o.de\/wp-content\/uploads\/2014\/09\/P1010333-150x150.jpg\" class=\"attachment-thumbnail size-thumbnail\" alt=\"\" loading=\"lazy\" aria-describedby=\"gallery-1-251\" \/><\/a>\n\t\t\t<\/dt>\n\t\t\t\t<dd class='wp-caption-text gallery-caption' id='gallery-1-251'>\n\t\t\t\t2015 Oldtimertreffen Honkling\n\t\t\t\t<\/dd><\/dl><br style=\"clear: both\" \/><dl class='gallery-item'>\n\t\t\t<dt class='gallery-icon landscape'>\n\t\t\t\t<a href='http:\/\/u-c-o.de\/?attachment_id=250'><img width=\"150\" height=\"150\" src=\"http:\/\/u-c-o.de\/wp-content\/uploads\/2014\/09\/P1010332-150x150.jpg\" class=\"attachment-thumbnail size-thumbnail\" alt=\"\" loading=\"lazy\" aria-describedby=\"gallery-1-250\" \/><\/a>\n\t\t\t<\/dt>\n\t\t\t\t<dd class='wp-caption-text gallery-caption' id='gallery-1-250'>\n\t\t\t\t2015 Oldtimertreffen Honkling\n\t\t\t\t<\/dd><\/dl><dl class='gallery-item'>\n\t\t\t<dt class='gallery-icon landscape'>\n\t\t\t\t<a href='http:\/\/u-c-o.de\/?attachment_id=249'><img width=\"150\" height=\"150\" src=\"http:\/\/u-c-o.de\/wp-content\/uploads\/2014\/09\/P1010331-150x150.jpg\" class=\"attachment-thumbnail size-thumbnail\" alt=\"\" loading=\"lazy\" aria-describedby=\"gallery-1-249\" \/><\/a>\n\t\t\t<\/dt>\n\t\t\t\t<dd class='wp-caption-text gallery-caption' id='gallery-1-249'>\n\t\t\t\t2015 Oldtimertreffen Honkling\n\t\t\t\t<\/dd><\/dl><dl class='gallery-item'>\n\t\t\t<dt class='gallery-icon landscape'>\n\t\t\t\t<a href='http:\/\/u-c-o.de\/?attachment_id=248'><img width=\"150\" height=\"150\" src=\"http:\/\/u-c-o.de\/wp-content\/uploads\/2014\/09\/P1010330-150x150.jpg\" class=\"attachment-thumbnail size-thumbnail\" alt=\"\" loading=\"lazy\" aria-describedby=\"gallery-1-248\" \/><\/a>\n\t\t\t<\/dt>\n\t\t\t\t<dd class='wp-caption-text gallery-caption' id='gallery-1-248'>\n\t\t\t\t2015 Oldtimertreffen Honkling\n\t\t\t\t<\/dd><\/dl><br style=\"clear: both\" \/><dl class='gallery-item'>\n\t\t\t<dt class='gallery-icon landscape'>\n\t\t\t\t<a href='http:\/\/u-c-o.de\/?attachment_id=247'><img width=\"150\" height=\"150\" src=\"http:\/\/u-c-o.de\/wp-content\/uploads\/2014\/09\/P1010329-150x150.jpg\" class=\"attachment-thumbnail size-thumbnail\" alt=\"\" loading=\"lazy\" aria-describedby=\"gallery-1-247\" \/><\/a>\n\t\t\t<\/dt>\n\t\t\t\t<dd class='wp-caption-text gallery-caption' id='gallery-1-247'>\n\t\t\t\t2015 Oldtimertreffen Honkling\n\t\t\t\t<\/dd><\/dl><dl class='gallery-item'>\n\t\t\t<dt class='gallery-icon landscape'>\n\t\t\t\t<a href='http:\/\/u-c-o.de\/?attachment_id=246'><img width=\"150\" height=\"150\" src=\"http:\/\/u-c-o.de\/wp-content\/uploads\/2014\/09\/P1010328-150x150.jpg\" class=\"attachment-thumbnail size-thumbnail\" alt=\"\" loading=\"lazy\" aria-describedby=\"gallery-1-246\" \/><\/a>\n\t\t\t<\/dt>\n\t\t\t\t<dd class='wp-caption-text gallery-caption' id='gallery-1-246'>\n\t\t\t\t2015 Oldtimertreffen Honkling\n\t\t\t\t<\/dd><\/dl><dl class='gallery-item'>\n\t\t\t<dt class='gallery-icon landscape'>\n\t\t\t\t<a href='http:\/\/u-c-o.de\/?attachment_id=245'><img width=\"150\" height=\"150\" src=\"http:\/\/u-c-o.de\/wp-content\/uploads\/2014\/09\/P1010327-150x150.jpg\" class=\"attachment-thumbnail size-thumbnail\" alt=\"\" loading=\"lazy\" aria-describedby=\"gallery-1-245\" \/><\/a>\n\t\t\t<\/dt>\n\t\t\t\t<dd class='wp-caption-text gallery-caption' id='gallery-1-245'>\n\t\t\t\t2015 Oldtimertreffen Honkling\n\t\t\t\t<\/dd><\/dl><br style=\"clear: both\" \/>\n\t\t<\/div>\n\n","protected":false},"excerpt":{"rendered":"<p>Oldtimertreffen am 2. August 2015 in Gschwend-Honkling Seit\u00a0einigen Jahren hat sich auf dem Fest der Dorfgemeinschaft Honkling ein kleines aber feines Oldtimertreffen etabliert.\u00a0Bei den letzten Veranstaltungen war der UCO auch immer mit\u00a0etlichen Fahrzeugen vor Ort und konnte mehrere Treffen in &hellip; <a href=\"http:\/\/u-c-o.de\/?page_id=537\">Weiterlesen <span class=\"meta-nav\">&rarr;<\/span><\/a><\/p>\n","protected":false},"author":1,"featured_media":0,"parent":568,"menu_order":2,"comment_status":"closed","ping_status":"closed","template":"","meta":[],"_links":{"self":[{"href":"http:\/\/u-c-o.de\/index.php?rest_route=\/wp\/v2\/pages\/537"}],"collection":[{"href":"http:\/\/u-c-o.de\/index.php?rest_route=\/wp\/v2\/pages"}],"about":[{"href":"http:\/\/u-c-o.de\/index.php?rest_route=\/wp\/v2\/types\/page"}],"author":[{"embeddable":true,"href":"http:\/\/u-c-o.de\/index.php?rest_route=\/wp\/v2\/users\/1"}],"replies":[{"embeddable":true,"href":"http:\/\/u-c-o.de\/index.php?rest_route=%2Fwp%2Fv2%2Fcomments&post=537"}],"version-history":[{"count":2,"href":"http:\/\/u-c-o.de\/index.php?rest_route=\/wp\/v2\/pages\/537\/revisions"}],"predecessor-version":[{"id":583,"href":"http:\/\/u-c-o.de\/index.php?rest_route=\/wp\/v2\/pages\/537\/revisions\/583"}],"up":[{"embeddable":true,"href":"http:\/\/u-c-o.de\/index.php?rest_route=\/wp\/v2\/pages\/568"}],"wp:attachment":[{"href":"http:\/\/u-c-o.de\/index.php?rest_route=%2Fwp%2Fv2%2Fmedia&parent=537"}],"curies":[{"name":"wp","href":"https:\/\/api.w.org\/{rel}","templated":true}]}}