{"id":2066,"date":"2025-12-10T22:09:02","date_gmt":"2025-12-10T21:09:02","guid":{"rendered":"http:\/\/u-c-o.de\/?page_id=2066"},"modified":"2026-04-20T17:34:18","modified_gmt":"2026-04-20T16:34:18","slug":"termine-2026","status":"publish","type":"page","link":"http:\/\/u-c-o.de\/?page_id=2066","title":{"rendered":"Termine 2026"},"content":{"rendered":"\n<p>Hier finden Sie die Termine unserer Stammtische und Veranstaltungen f\u00fcr das Jahr 2026. Weitere Informationen zu den einzelnen Veranstaltungspunkten werden rechtzeitig erg\u00e4nzt.<br>Unterhalb unserer Veranstaltungen werden Hinweise zu weiteren Veranstaltungen anderer Clubs und Vereine angek\u00fcndigt. Vergangene Veranstaltungen sind am Ende der Seite aufgef\u00fchrt.<br>Unser Stammtisch findet in der Regel am zweiten Freitag im Monat ab 20:00 Uhr statt.<\/p>\n\n\n\n<p><strong>Freitag, 08. Mai 2026&nbsp;<\/strong><br><strong><strong>Stammtisch<\/strong> &#8211; <\/strong>Gasthaus \u201eGr\u00fcner Wald\u201c (Abtsgm\u00fcnd-R\u00f6tenbach)<\/p>\n\n\n\n<p><strong>Sonntag, 10. Mai 2026&nbsp;<\/strong><br><strong>Unimog Ausstellung Landesgartenschau Ellwangen<\/strong><br>\u201eEllwangen an die Jagst\u201c lautet das Motto der Landesgartenschau in Ellwangen. \u201eZur Landesgartenschau 2026 wird sich unsere sch\u00f6ne Stadt in ein bl\u00fchendes Paradies verwandeln. Entdecken Sie Ellwangens nat\u00fcrliche Sch\u00f6nheit, die G\u00e4rten und Parks und genie\u00dfen Sie, wie wir Ellwangen an die Jagst bringen\u201c.<br>So wirbt die Stadt Ellwangen f\u00fcr die LGS 2026. Auch der UCO ist mit dabei und somit hei\u00dft es am Muttertag 10. Mai \u201eUnimog und MB-trac an die Jagst\u201c. Dabei verwandelt sich der Marktplatz in Ellwangen in eine bunte Ausstellung von Unimog und MB-trac aus der gesamten mittlerweile 80-j\u00e4hrigen Bauzeit. Unimog ist die Abk\u00fcrzung von UNIversal- MOtor- Ger\u00e4t der in vielen verschiedenen Bereichen eingesetzt wird. Dies soll auch in der Ausstellung gezeigt werden. Es werden Unimog und MB-trac aus den Bereichen Land- und Forstwirtschaft, Blaulichtorganisationen, Kommunaltechnik, Expeditionsmobile und weiteren zu sehen sein.<br><strong>Eine Teilnahme ist aus organisatorischen Gr\u00fcnden nur mit Anmeldung m\u00f6glich. <\/strong>Infos dazu unter <strong>anmeldung@u-c-o.de<\/strong><\/p>\n\n\n\n<p><strong>Freitag, 12. Juni 2026&nbsp;<\/strong><br><strong>Stammtisch <\/strong>&#8211; beim Unimog Jubil\u00e4umstreffen<\/p>\n\n\n\n<p><strong>Freitag &#8211; Sonntag, 12. -14. Juni 2026&nbsp;<\/strong><br><strong>Unimog Jubil\u00e4umstreffen<\/strong><br>Das Jahr 2026 wird auch ein Jubil\u00e4umsjahr: der erste Unimog Prototyp drehte bereits vor 80 Jahren seine ersten Runden und der UCO kann auf 35 Jahre seit seiner Gr\u00fcndung zur\u00fcckblicken. Das wollen wir geb\u00fchrend feiern mit einem \u201eUnimog &amp; MB-trac Treffen \u2013 80 Jahre Unimog und 35 Jahre UCO\u201c am Wochenende vom 12. \u2013 14. Juni. Veranstaltungsort wird das Sportgel\u00e4nde des SV Frickenhofen bei 74417 Gschwend-Frickenhofen sein. Geplant sind Vorf\u00fchrungen, eine Ausfahrt, mehrere H\u00e4ndlerst\u00e4nde und weitere Aktionen.<\/p>\n\n\n\n<p><strong>Freitag, 10. Juli 2026&nbsp;<\/strong><br><strong><strong>Stammtisch<\/strong> &#8211; <\/strong>Biergarten Krone Fichtenberg<\/p>\n\n\n\n<p><strong>Freitag &#8211; Sonntag, 31. Juli &#8211; 02. August 2026<\/strong><br><strong>Honkling<\/strong><br>Wenn die Dorfgemeinschaft in Honkling das gro\u00dfe Festzelt aufbaut, dann ist wieder drei Tage lang das beliebte Sommerfest angesagt. Gute Unterhaltung und leckere Speisen sind ebenso Programm wie Party am Abend mit Life Bands, die Stimmung ins Zelt bringen.<br>Nicht fehlen darf nat\u00fcrlich das Oldtimer- und Schleppertreffen, das schon seit vielen Jahren vom UCO organisiert wird. Dabei f\u00fcllt sich die gro\u00dfe Wiese gegen\u00fcber dem Festzelt mit einer bunten Mischung s\u00e4mtlicher Fahrzeugarten. Egal ob Motorrad, Pkw, Schlepper, Lkw oder Unimog und MB-trac, jeder ist dazu herzlich eingeladen seinen Old- oder Youngtimer oder sonst nicht allt\u00e4gliches Fahrzeug mitzubringen. Der UCO \u00f6ffnet ab Samstagnachmittag den Clubshop, wo jeder der sich anmeldet ein Gastgeschenk erh\u00e4lt. Die Anreise ist nat\u00fcrlich schon Freitag m\u00f6glich.<\/p>\n\n\n\n<p><strong>Freitag, 14. August 2026&nbsp;<\/strong><br><strong><strong>Stammtisch<\/strong> &#8211; <\/strong>Biergarten Krone Fichtenberg<\/p>\n\n\n\n<p><strong>Freitag, 11. September 2026&nbsp;<\/strong><br><strong>Grillabend (Stammtisch) <\/strong>&#8211; weiteres folgt<\/p>\n\n\n\n<p><strong>Freitag, 09. Oktober 2026&nbsp;<\/strong><br><strong>Stammtisch &#8211; <\/strong>weiteres folgt<\/p>\n\n\n\n<p><strong>Freitag, 13. November 2026<\/strong><br><strong>Stammtisch &#8211; <\/strong>weiteres folgt<\/p>\n\n\n\n<p><strong>Freitag, 11. Dezember 2026&nbsp;<\/strong><br><strong>Weihnachtsfeier<\/strong> &#8211; weiteres folgt<\/p>\n\n\n\n<p><\/p>\n\n\n\n<p><strong>Veranstaltungen anderer Clubs und Vereine<\/strong><br>Bei Interesse: Absprachen zu gemeinsamen Anfahrten sind in der Whatsappgruppe m\u00f6glich.<\/p>\n\n\n\n<p><\/p>\n\n\n\n<p><br><\/p>\n","protected":false},"excerpt":{"rendered":"<p>Hier finden Sie die Termine unserer Stammtische und Veranstaltungen f\u00fcr das Jahr 2026. Weitere Informationen zu den einzelnen Veranstaltungspunkten werden rechtzeitig erg\u00e4nzt.Unterhalb unserer Veranstaltungen werden Hinweise zu weiteren Veranstaltungen anderer Clubs und Vereine angek\u00fcndigt. Vergangene Veranstaltungen sind am Ende der &hellip; <a href=\"http:\/\/u-c-o.de\/?page_id=2066\">Weiterlesen <span class=\"meta-nav\">&rarr;<\/span><\/a><\/p>\n","protected":false},"author":1,"featured_media":0,"parent":0,"menu_order":3,"comment_status":"closed","ping_status":"closed","template":"","meta":[],"_links":{"self":[{"href":"http:\/\/u-c-o.de\/index.php?rest_route=\/wp\/v2\/pages\/2066"}],"collection":[{"href":"http:\/\/u-c-o.de\/index.php?rest_route=\/wp\/v2\/pages"}],"about":[{"href":"http:\/\/u-c-o.de\/index.php?rest_route=\/wp\/v2\/types\/page"}],"author":[{"embeddable":true,"href":"http:\/\/u-c-o.de\/index.php?rest_route=\/wp\/v2\/users\/1"}],"replies":[{"embeddable":true,"href":"http:\/\/u-c-o.de\/index.php?rest_route=%2Fwp%2Fv2%2Fcomments&post=2066"}],"version-history":[{"count":18,"href":"http:\/\/u-c-o.de\/index.php?rest_route=\/wp\/v2\/pages\/2066\/revisions"}],"predecessor-version":[{"id":2090,"href":"http:\/\/u-c-o.de\/index.php?rest_route=\/wp\/v2\/pages\/2066\/revisions\/2090"}],"wp:attachment":[{"href":"http:\/\/u-c-o.de\/index.php?rest_route=%2Fwp%2Fv2%2Fmedia&parent=2066"}],"curies":[{"name":"wp","href":"https:\/\/api.w.org\/{rel}","templated":true}]}}