{"id":2037,"date":"2025-08-02T17:27:13","date_gmt":"2025-08-02T16:27:13","guid":{"rendered":"http:\/\/u-c-o.de\/?page_id=2037"},"modified":"2025-08-02T17:28:08","modified_gmt":"2025-08-02T16:28:08","slug":"benefizveranstaltung-2024","status":"publish","type":"page","link":"http:\/\/u-c-o.de\/?page_id=2037","title":{"rendered":"Benefizveranstaltung 2024"},"content":{"rendered":"\n<p>Mitglied Gregor Jeske, Vormann des Seenotrettungskreuzers Hermann Marwede bei der DGzRS hielt exklusiv f\u00fcr uns einen Vortrag \u00fcber seine Arbeit. Das DLRG Gschwend unterst\u00fctzte uns und verk\u00f6stigte die Besucher. Es waren etwa 230 G\u00e4ste anwesend. Danke Gregor f\u00fcr den fesselnden Vortrag und den Einblick in deine t\u00e4gliche Arbeit. Am 27.05.2024 konnte der Scheck feierlich der DGzRS \u00fcberreicht werden.<\/p>\n\n\n\n<figure class=\"wp-block-image size-large\"><img loading=\"lazy\" width=\"1024\" height=\"577\" src=\"http:\/\/u-c-o.de\/wp-content\/uploads\/2025\/08\/IMG-20250802-WA0041-1024x577.jpg\" alt=\"\" class=\"wp-image-2038\" srcset=\"http:\/\/u-c-o.de\/wp-content\/uploads\/2025\/08\/IMG-20250802-WA0041-1024x577.jpg 1024w, http:\/\/u-c-o.de\/wp-content\/uploads\/2025\/08\/IMG-20250802-WA0041-300x169.jpg 300w, http:\/\/u-c-o.de\/wp-content\/uploads\/2025\/08\/IMG-20250802-WA0041-768x432.jpg 768w, http:\/\/u-c-o.de\/wp-content\/uploads\/2025\/08\/IMG-20250802-WA0041-1536x865.jpg 1536w, http:\/\/u-c-o.de\/wp-content\/uploads\/2025\/08\/IMG-20250802-WA0041-2048x1153.jpg 2048w, http:\/\/u-c-o.de\/wp-content\/uploads\/2025\/08\/IMG-20250802-WA0041-500x282.jpg 500w\" sizes=\"(max-width: 1024px) 100vw, 1024px\" \/><\/figure>\n\n\n\n<figure class=\"wp-block-gallery columns-1 is-cropped\"><ul class=\"blocks-gallery-grid\"><li class=\"blocks-gallery-item\"><figure><img loading=\"lazy\" width=\"1024\" height=\"577\" src=\"http:\/\/u-c-o.de\/wp-content\/uploads\/2025\/08\/IMG-20250802-WA0141-1024x577.jpg\" alt=\"\" data-id=\"2039\" data-full-url=\"http:\/\/u-c-o.de\/wp-content\/uploads\/2025\/08\/IMG-20250802-WA0141-scaled.jpg\" data-link=\"http:\/\/u-c-o.de\/?attachment_id=2039\" class=\"wp-image-2039\" srcset=\"http:\/\/u-c-o.de\/wp-content\/uploads\/2025\/08\/IMG-20250802-WA0141-1024x577.jpg 1024w, http:\/\/u-c-o.de\/wp-content\/uploads\/2025\/08\/IMG-20250802-WA0141-300x169.jpg 300w, http:\/\/u-c-o.de\/wp-content\/uploads\/2025\/08\/IMG-20250802-WA0141-768x432.jpg 768w, http:\/\/u-c-o.de\/wp-content\/uploads\/2025\/08\/IMG-20250802-WA0141-1536x865.jpg 1536w, http:\/\/u-c-o.de\/wp-content\/uploads\/2025\/08\/IMG-20250802-WA0141-2048x1153.jpg 2048w, http:\/\/u-c-o.de\/wp-content\/uploads\/2025\/08\/IMG-20250802-WA0141-500x282.jpg 500w\" sizes=\"(max-width: 1024px) 100vw, 1024px\" \/><\/figure><\/li><\/ul><\/figure>\n\n\n\n<figure class=\"wp-block-image size-large\"><img loading=\"lazy\" width=\"1024\" height=\"577\" src=\"http:\/\/u-c-o.de\/wp-content\/uploads\/2025\/08\/IMG-20250802-WA0143-1024x577.jpg\" alt=\"\" class=\"wp-image-2040\" srcset=\"http:\/\/u-c-o.de\/wp-content\/uploads\/2025\/08\/IMG-20250802-WA0143-1024x577.jpg 1024w, http:\/\/u-c-o.de\/wp-content\/uploads\/2025\/08\/IMG-20250802-WA0143-300x169.jpg 300w, http:\/\/u-c-o.de\/wp-content\/uploads\/2025\/08\/IMG-20250802-WA0143-768x432.jpg 768w, http:\/\/u-c-o.de\/wp-content\/uploads\/2025\/08\/IMG-20250802-WA0143-1536x865.jpg 1536w, http:\/\/u-c-o.de\/wp-content\/uploads\/2025\/08\/IMG-20250802-WA0143-2048x1153.jpg 2048w, http:\/\/u-c-o.de\/wp-content\/uploads\/2025\/08\/IMG-20250802-WA0143-500x282.jpg 500w\" sizes=\"(max-width: 1024px) 100vw, 1024px\" \/><\/figure>\n","protected":false},"excerpt":{"rendered":"<p>Mitglied Gregor Jeske, Vormann des Seenotrettungskreuzers Hermann Marwede bei der DGzRS hielt exklusiv f\u00fcr uns einen Vortrag \u00fcber seine Arbeit. Das DLRG Gschwend unterst\u00fctzte uns und verk\u00f6stigte die Besucher. Es waren etwa 230 G\u00e4ste anwesend. Danke Gregor f\u00fcr den fesselnden &hellip; <a href=\"http:\/\/u-c-o.de\/?page_id=2037\">Weiterlesen <span class=\"meta-nav\">&rarr;<\/span><\/a><\/p>\n","protected":false},"author":1,"featured_media":0,"parent":1910,"menu_order":3,"comment_status":"closed","ping_status":"closed","template":"","meta":[],"_links":{"self":[{"href":"http:\/\/u-c-o.de\/index.php?rest_route=\/wp\/v2\/pages\/2037"}],"collection":[{"href":"http:\/\/u-c-o.de\/index.php?rest_route=\/wp\/v2\/pages"}],"about":[{"href":"http:\/\/u-c-o.de\/index.php?rest_route=\/wp\/v2\/types\/page"}],"author":[{"embeddable":true,"href":"http:\/\/u-c-o.de\/index.php?rest_route=\/wp\/v2\/users\/1"}],"replies":[{"embeddable":true,"href":"http:\/\/u-c-o.de\/index.php?rest_route=%2Fwp%2Fv2%2Fcomments&post=2037"}],"version-history":[{"count":1,"href":"http:\/\/u-c-o.de\/index.php?rest_route=\/wp\/v2\/pages\/2037\/revisions"}],"predecessor-version":[{"id":2041,"href":"http:\/\/u-c-o.de\/index.php?rest_route=\/wp\/v2\/pages\/2037\/revisions\/2041"}],"up":[{"embeddable":true,"href":"http:\/\/u-c-o.de\/index.php?rest_route=\/wp\/v2\/pages\/1910"}],"wp:attachment":[{"href":"http:\/\/u-c-o.de\/index.php?rest_route=%2Fwp%2Fv2%2Fmedia&parent=2037"}],"curies":[{"name":"wp","href":"https:\/\/api.w.org\/{rel}","templated":true}]}}