{"id":2021,"date":"2025-08-02T16:27:29","date_gmt":"2025-08-02T15:27:29","guid":{"rendered":"http:\/\/u-c-o.de\/?page_id=2021"},"modified":"2025-08-02T16:43:59","modified_gmt":"2025-08-02T15:43:59","slug":"grillabend-2024","status":"publish","type":"page","link":"http:\/\/u-c-o.de\/?page_id=2021","title":{"rendered":"Weihnachtsfeier 2024"},"content":{"rendered":"\n<p><strong>13. Dezember (Weihnachtsfeier in Durlangen)<\/strong><br>Wieder einmal hie\u00df es in gem\u00fctlicher Runde das Vereinsjahr ausklingen zu lassen. Ein leckeres Essen und ein kleines Rahmenprogramm mit Besuch des Nikolauses geben die M\u00f6glichkeit, sich noch einmal Zeit zu nehmen f\u00fcr ein Schw\u00e4tzchen. In diesem Jahr erhielten wir musikalische Unterhaltung durch einen Dudelsacks, welcher zum weihnachtlichen Mitsingen einlud. Zudem forderte das Spiel mit dem Titel &#8222;Das Ding vom Dach&#8220; mit historischen Dingen aus dem Museum Horlachen zum R\u00e4tseln auf . Vielen Dank euch beiden.<br><\/p>\n\n\n\n<figure class=\"wp-block-gallery columns-1 is-cropped\"><ul class=\"blocks-gallery-grid\"><li class=\"blocks-gallery-item\"><figure><img loading=\"lazy\" width=\"1024\" height=\"576\" src=\"http:\/\/u-c-o.de\/wp-content\/uploads\/2025\/08\/IMG-20250426-WA0143-1024x576.jpg\" alt=\"\" data-id=\"2025\" data-full-url=\"http:\/\/u-c-o.de\/wp-content\/uploads\/2025\/08\/IMG-20250426-WA0143-scaled.jpg\" data-link=\"http:\/\/u-c-o.de\/?attachment_id=2025\" class=\"wp-image-2025\" srcset=\"http:\/\/u-c-o.de\/wp-content\/uploads\/2025\/08\/IMG-20250426-WA0143-1024x576.jpg 1024w, http:\/\/u-c-o.de\/wp-content\/uploads\/2025\/08\/IMG-20250426-WA0143-300x169.jpg 300w, http:\/\/u-c-o.de\/wp-content\/uploads\/2025\/08\/IMG-20250426-WA0143-768x432.jpg 768w, http:\/\/u-c-o.de\/wp-content\/uploads\/2025\/08\/IMG-20250426-WA0143-1536x864.jpg 1536w, http:\/\/u-c-o.de\/wp-content\/uploads\/2025\/08\/IMG-20250426-WA0143-2048x1152.jpg 2048w, http:\/\/u-c-o.de\/wp-content\/uploads\/2025\/08\/IMG-20250426-WA0143-500x281.jpg 500w\" sizes=\"(max-width: 1024px) 100vw, 1024px\" \/><\/figure><\/li><\/ul><\/figure>\n\n\n\n<figure class=\"wp-block-gallery columns-1 is-cropped\"><ul class=\"blocks-gallery-grid\"><li class=\"blocks-gallery-item\"><figure><img loading=\"lazy\" width=\"1024\" height=\"576\" src=\"http:\/\/u-c-o.de\/wp-content\/uploads\/2025\/08\/IMG-20250802-WA0096-1024x576.jpg\" alt=\"\" data-id=\"2028\" data-full-url=\"http:\/\/u-c-o.de\/wp-content\/uploads\/2025\/08\/IMG-20250802-WA0096-scaled.jpg\" data-link=\"http:\/\/u-c-o.de\/?attachment_id=2028\" class=\"wp-image-2028\" srcset=\"http:\/\/u-c-o.de\/wp-content\/uploads\/2025\/08\/IMG-20250802-WA0096-1024x576.jpg 1024w, http:\/\/u-c-o.de\/wp-content\/uploads\/2025\/08\/IMG-20250802-WA0096-300x169.jpg 300w, http:\/\/u-c-o.de\/wp-content\/uploads\/2025\/08\/IMG-20250802-WA0096-768x432.jpg 768w, http:\/\/u-c-o.de\/wp-content\/uploads\/2025\/08\/IMG-20250802-WA0096-1536x864.jpg 1536w, http:\/\/u-c-o.de\/wp-content\/uploads\/2025\/08\/IMG-20250802-WA0096-2048x1153.jpg 2048w, http:\/\/u-c-o.de\/wp-content\/uploads\/2025\/08\/IMG-20250802-WA0096-500x281.jpg 500w\" sizes=\"(max-width: 1024px) 100vw, 1024px\" \/><\/figure><\/li><\/ul><\/figure>\n","protected":false},"excerpt":{"rendered":"<p>13. Dezember (Weihnachtsfeier in Durlangen)Wieder einmal hie\u00df es in gem\u00fctlicher Runde das Vereinsjahr ausklingen zu lassen. Ein leckeres Essen und ein kleines Rahmenprogramm mit Besuch des Nikolauses geben die M\u00f6glichkeit, sich noch einmal Zeit zu nehmen f\u00fcr ein Schw\u00e4tzchen. In &hellip; <a href=\"http:\/\/u-c-o.de\/?page_id=2021\">Weiterlesen <span class=\"meta-nav\">&rarr;<\/span><\/a><\/p>\n","protected":false},"author":1,"featured_media":0,"parent":1910,"menu_order":10,"comment_status":"closed","ping_status":"closed","template":"","meta":[],"_links":{"self":[{"href":"http:\/\/u-c-o.de\/index.php?rest_route=\/wp\/v2\/pages\/2021"}],"collection":[{"href":"http:\/\/u-c-o.de\/index.php?rest_route=\/wp\/v2\/pages"}],"about":[{"href":"http:\/\/u-c-o.de\/index.php?rest_route=\/wp\/v2\/types\/page"}],"author":[{"embeddable":true,"href":"http:\/\/u-c-o.de\/index.php?rest_route=\/wp\/v2\/users\/1"}],"replies":[{"embeddable":true,"href":"http:\/\/u-c-o.de\/index.php?rest_route=%2Fwp%2Fv2%2Fcomments&post=2021"}],"version-history":[{"count":6,"href":"http:\/\/u-c-o.de\/index.php?rest_route=\/wp\/v2\/pages\/2021\/revisions"}],"predecessor-version":[{"id":2029,"href":"http:\/\/u-c-o.de\/index.php?rest_route=\/wp\/v2\/pages\/2021\/revisions\/2029"}],"up":[{"embeddable":true,"href":"http:\/\/u-c-o.de\/index.php?rest_route=\/wp\/v2\/pages\/1910"}],"wp:attachment":[{"href":"http:\/\/u-c-o.de\/index.php?rest_route=%2Fwp%2Fv2%2Fmedia&parent=2021"}],"curies":[{"name":"wp","href":"https:\/\/api.w.org\/{rel}","templated":true}]}}