{"id":1946,"date":"2025-08-02T16:48:05","date_gmt":"2025-08-02T15:48:05","guid":{"rendered":"http:\/\/u-c-o.de\/?page_id=1946"},"modified":"2025-08-02T16:48:05","modified_gmt":"2025-08-02T15:48:05","slug":"schweisskurs-15-11-22-11-2024","status":"publish","type":"page","link":"http:\/\/u-c-o.de\/?page_id=1946","title":{"rendered":"Schwei\u00dfkurs 15.11. + 22.11. 2024"},"content":{"rendered":"\n<p>Anstelle eines klassischen Schrauberabends hatten wir dieses Jahr die M\u00f6glichkeit, Schwei\u00dfverfahren (WIG und MAG) und deren Umsetzung n\u00e4her kennen zu lernen. Zun\u00e4chst wurden einige notwendige theoretische Grundlagen und Sicherheitshinweise vermittelt, bevor es an unterschiedliche Schwei\u00df\u00fcbungen ging. Dank an unsere beiden Schwei\u00dflehrer.<\/p>\n\n\n\n<figure class=\"wp-block-image size-large\"><img loading=\"lazy\" width=\"576\" height=\"1024\" src=\"http:\/\/u-c-o.de\/wp-content\/uploads\/2025\/08\/IMG-20250802-WA0082-576x1024.jpg\" alt=\"\" class=\"wp-image-2030\" srcset=\"http:\/\/u-c-o.de\/wp-content\/uploads\/2025\/08\/IMG-20250802-WA0082-576x1024.jpg 576w, http:\/\/u-c-o.de\/wp-content\/uploads\/2025\/08\/IMG-20250802-WA0082-169x300.jpg 169w, http:\/\/u-c-o.de\/wp-content\/uploads\/2025\/08\/IMG-20250802-WA0082-768x1365.jpg 768w, http:\/\/u-c-o.de\/wp-content\/uploads\/2025\/08\/IMG-20250802-WA0082-864x1536.jpg 864w, http:\/\/u-c-o.de\/wp-content\/uploads\/2025\/08\/IMG-20250802-WA0082-1153x2048.jpg 1153w, http:\/\/u-c-o.de\/wp-content\/uploads\/2025\/08\/IMG-20250802-WA0082-scaled.jpg 1441w\" sizes=\"(max-width: 576px) 100vw, 576px\" \/><\/figure>\n\n\n\n<figure class=\"wp-block-image size-large\"><img loading=\"lazy\" width=\"1024\" height=\"576\" src=\"http:\/\/u-c-o.de\/wp-content\/uploads\/2025\/08\/IMG-20250802-WA0083-1024x576.jpg\" alt=\"\" class=\"wp-image-2031\" srcset=\"http:\/\/u-c-o.de\/wp-content\/uploads\/2025\/08\/IMG-20250802-WA0083-1024x576.jpg 1024w, http:\/\/u-c-o.de\/wp-content\/uploads\/2025\/08\/IMG-20250802-WA0083-300x169.jpg 300w, http:\/\/u-c-o.de\/wp-content\/uploads\/2025\/08\/IMG-20250802-WA0083-768x432.jpg 768w, http:\/\/u-c-o.de\/wp-content\/uploads\/2025\/08\/IMG-20250802-WA0083-1536x864.jpg 1536w, http:\/\/u-c-o.de\/wp-content\/uploads\/2025\/08\/IMG-20250802-WA0083-2048x1153.jpg 2048w, http:\/\/u-c-o.de\/wp-content\/uploads\/2025\/08\/IMG-20250802-WA0083-500x281.jpg 500w\" sizes=\"(max-width: 1024px) 100vw, 1024px\" \/><\/figure>\n\n\n\n<figure class=\"wp-block-image size-large\"><img loading=\"lazy\" width=\"1024\" height=\"576\" src=\"http:\/\/u-c-o.de\/wp-content\/uploads\/2025\/08\/IMG-20250802-WA0095-1024x576.jpg\" alt=\"\" class=\"wp-image-2032\" srcset=\"http:\/\/u-c-o.de\/wp-content\/uploads\/2025\/08\/IMG-20250802-WA0095-1024x576.jpg 1024w, http:\/\/u-c-o.de\/wp-content\/uploads\/2025\/08\/IMG-20250802-WA0095-300x169.jpg 300w, http:\/\/u-c-o.de\/wp-content\/uploads\/2025\/08\/IMG-20250802-WA0095-768x432.jpg 768w, http:\/\/u-c-o.de\/wp-content\/uploads\/2025\/08\/IMG-20250802-WA0095-1536x864.jpg 1536w, http:\/\/u-c-o.de\/wp-content\/uploads\/2025\/08\/IMG-20250802-WA0095-2048x1153.jpg 2048w, http:\/\/u-c-o.de\/wp-content\/uploads\/2025\/08\/IMG-20250802-WA0095-500x281.jpg 500w\" sizes=\"(max-width: 1024px) 100vw, 1024px\" \/><\/figure>\n","protected":false},"excerpt":{"rendered":"<p>Anstelle eines klassischen Schrauberabends hatten wir dieses Jahr die M\u00f6glichkeit, Schwei\u00dfverfahren (WIG und MAG) und deren Umsetzung n\u00e4her kennen zu lernen. Zun\u00e4chst wurden einige notwendige theoretische Grundlagen und Sicherheitshinweise vermittelt, bevor es an unterschiedliche Schwei\u00df\u00fcbungen ging. Dank an unsere beiden &hellip; <a href=\"http:\/\/u-c-o.de\/?page_id=1946\">Weiterlesen <span class=\"meta-nav\">&rarr;<\/span><\/a><\/p>\n","protected":false},"author":1,"featured_media":0,"parent":1910,"menu_order":8,"comment_status":"closed","ping_status":"closed","template":"","meta":[],"_links":{"self":[{"href":"http:\/\/u-c-o.de\/index.php?rest_route=\/wp\/v2\/pages\/1946"}],"collection":[{"href":"http:\/\/u-c-o.de\/index.php?rest_route=\/wp\/v2\/pages"}],"about":[{"href":"http:\/\/u-c-o.de\/index.php?rest_route=\/wp\/v2\/types\/page"}],"author":[{"embeddable":true,"href":"http:\/\/u-c-o.de\/index.php?rest_route=\/wp\/v2\/users\/1"}],"replies":[{"embeddable":true,"href":"http:\/\/u-c-o.de\/index.php?rest_route=%2Fwp%2Fv2%2Fcomments&post=1946"}],"version-history":[{"count":2,"href":"http:\/\/u-c-o.de\/index.php?rest_route=\/wp\/v2\/pages\/1946\/revisions"}],"predecessor-version":[{"id":2033,"href":"http:\/\/u-c-o.de\/index.php?rest_route=\/wp\/v2\/pages\/1946\/revisions\/2033"}],"up":[{"embeddable":true,"href":"http:\/\/u-c-o.de\/index.php?rest_route=\/wp\/v2\/pages\/1910"}],"wp:attachment":[{"href":"http:\/\/u-c-o.de\/index.php?rest_route=%2Fwp%2Fv2%2Fmedia&parent=1946"}],"curies":[{"name":"wp","href":"https:\/\/api.w.org\/{rel}","templated":true}]}}