{"id":1926,"date":"2025-04-26T09:00:00","date_gmt":"2025-04-26T08:00:00","guid":{"rendered":"http:\/\/u-c-o.de\/?page_id=1926"},"modified":"2025-08-02T17:44:24","modified_gmt":"2025-08-02T16:44:24","slug":"benefizveranstaltung-29-03","status":"publish","type":"page","link":"http:\/\/u-c-o.de\/?page_id=1926","title":{"rendered":"Benefizveranstaltung 29.03.2025"},"content":{"rendered":"\n<p>Der UCO hat zusammen mit dem Heimat- und Geschichtsverein und der Gemeinde Gschwend die Benefizveranstaltung veranstaltet. Es haben die Band \u201e7-Takter\u201c und \u201eHeilix Blechle\u201c gespielt. Der Erl\u00f6s von 2000\u20ac wird zu gleichen Teilen an die Tour Ginkgo, die den Bunten Kreis Schw\u00e4bisch Gm\u00fcnd unterst\u00fctzt und dem Gschwender Ortsverein des Deutschen Roten Kreuzes, welcher einen Notfallrucksack ersetzen will, gespendet. Die Verantwortlichen der Institutionen haben an diesem Abend ihre Projekte vorgestellt.<\/p>\n\n\n\n<figure class=\"wp-block-gallery columns-1 is-cropped\"><ul class=\"blocks-gallery-grid\"><li class=\"blocks-gallery-item\"><figure><img loading=\"lazy\" width=\"576\" height=\"1024\" src=\"http:\/\/u-c-o.de\/wp-content\/uploads\/2025\/04\/Benefizveranstaltung-2025-576x1024.jpg\" alt=\"\" data-id=\"1943\" data-full-url=\"http:\/\/u-c-o.de\/wp-content\/uploads\/2025\/04\/Benefizveranstaltung-2025.jpg\" data-link=\"http:\/\/u-c-o.de\/?attachment_id=1943\" class=\"wp-image-1943\" srcset=\"http:\/\/u-c-o.de\/wp-content\/uploads\/2025\/04\/Benefizveranstaltung-2025-576x1024.jpg 576w, http:\/\/u-c-o.de\/wp-content\/uploads\/2025\/04\/Benefizveranstaltung-2025-169x300.jpg 169w, http:\/\/u-c-o.de\/wp-content\/uploads\/2025\/04\/Benefizveranstaltung-2025-768x1365.jpg 768w, http:\/\/u-c-o.de\/wp-content\/uploads\/2025\/04\/Benefizveranstaltung-2025-864x1536.jpg 864w, http:\/\/u-c-o.de\/wp-content\/uploads\/2025\/04\/Benefizveranstaltung-2025.jpg 1080w\" sizes=\"(max-width: 576px) 100vw, 576px\" \/><\/figure><\/li><li class=\"blocks-gallery-item\"><figure><img loading=\"lazy\" width=\"1024\" height=\"768\" src=\"http:\/\/u-c-o.de\/wp-content\/uploads\/2025\/04\/IMG-20250403-WA0013-1024x768.jpg\" alt=\"\" data-id=\"1927\" data-full-url=\"http:\/\/u-c-o.de\/wp-content\/uploads\/2025\/04\/IMG-20250403-WA0013.jpg\" data-link=\"http:\/\/u-c-o.de\/?attachment_id=1927\" class=\"wp-image-1927\" srcset=\"http:\/\/u-c-o.de\/wp-content\/uploads\/2025\/04\/IMG-20250403-WA0013-1024x768.jpg 1024w, http:\/\/u-c-o.de\/wp-content\/uploads\/2025\/04\/IMG-20250403-WA0013-300x225.jpg 300w, http:\/\/u-c-o.de\/wp-content\/uploads\/2025\/04\/IMG-20250403-WA0013-768x576.jpg 768w, http:\/\/u-c-o.de\/wp-content\/uploads\/2025\/04\/IMG-20250403-WA0013-1536x1152.jpg 1536w, http:\/\/u-c-o.de\/wp-content\/uploads\/2025\/04\/IMG-20250403-WA0013-400x300.jpg 400w, http:\/\/u-c-o.de\/wp-content\/uploads\/2025\/04\/IMG-20250403-WA0013.jpg 1600w\" sizes=\"(max-width: 1024px) 100vw, 1024px\" \/><\/figure><\/li><li class=\"blocks-gallery-item\"><figure><img loading=\"lazy\" width=\"1024\" height=\"576\" src=\"http:\/\/u-c-o.de\/wp-content\/uploads\/2025\/04\/IMG-20250403-WA0037-1024x576.jpg\" alt=\"\" data-id=\"1937\" data-full-url=\"http:\/\/u-c-o.de\/wp-content\/uploads\/2025\/04\/IMG-20250403-WA0037-scaled.jpg\" data-link=\"http:\/\/u-c-o.de\/?attachment_id=1937\" class=\"wp-image-1937\" srcset=\"http:\/\/u-c-o.de\/wp-content\/uploads\/2025\/04\/IMG-20250403-WA0037-1024x576.jpg 1024w, http:\/\/u-c-o.de\/wp-content\/uploads\/2025\/04\/IMG-20250403-WA0037-300x169.jpg 300w, http:\/\/u-c-o.de\/wp-content\/uploads\/2025\/04\/IMG-20250403-WA0037-768x432.jpg 768w, http:\/\/u-c-o.de\/wp-content\/uploads\/2025\/04\/IMG-20250403-WA0037-1536x864.jpg 1536w, http:\/\/u-c-o.de\/wp-content\/uploads\/2025\/04\/IMG-20250403-WA0037-2048x1153.jpg 2048w, http:\/\/u-c-o.de\/wp-content\/uploads\/2025\/04\/IMG-20250403-WA0037-500x281.jpg 500w\" sizes=\"(max-width: 1024px) 100vw, 1024px\" \/><\/figure><\/li><li class=\"blocks-gallery-item\"><figure><img loading=\"lazy\" width=\"1024\" height=\"768\" src=\"http:\/\/u-c-o.de\/wp-content\/uploads\/2025\/04\/IMG-20250403-WA0014-1024x768.jpg\" alt=\"\" data-id=\"1928\" data-full-url=\"http:\/\/u-c-o.de\/wp-content\/uploads\/2025\/04\/IMG-20250403-WA0014.jpg\" data-link=\"http:\/\/u-c-o.de\/?attachment_id=1928\" class=\"wp-image-1928\" srcset=\"http:\/\/u-c-o.de\/wp-content\/uploads\/2025\/04\/IMG-20250403-WA0014-1024x768.jpg 1024w, http:\/\/u-c-o.de\/wp-content\/uploads\/2025\/04\/IMG-20250403-WA0014-300x225.jpg 300w, http:\/\/u-c-o.de\/wp-content\/uploads\/2025\/04\/IMG-20250403-WA0014-768x576.jpg 768w, http:\/\/u-c-o.de\/wp-content\/uploads\/2025\/04\/IMG-20250403-WA0014-1536x1152.jpg 1536w, http:\/\/u-c-o.de\/wp-content\/uploads\/2025\/04\/IMG-20250403-WA0014-400x300.jpg 400w, http:\/\/u-c-o.de\/wp-content\/uploads\/2025\/04\/IMG-20250403-WA0014.jpg 1600w\" sizes=\"(max-width: 1024px) 100vw, 1024px\" \/><\/figure><\/li><li class=\"blocks-gallery-item\"><figure><img loading=\"lazy\" width=\"1024\" height=\"768\" src=\"http:\/\/u-c-o.de\/wp-content\/uploads\/2025\/04\/IMG-20250403-WA0015-1024x768.jpg\" alt=\"\" data-id=\"1929\" data-full-url=\"http:\/\/u-c-o.de\/wp-content\/uploads\/2025\/04\/IMG-20250403-WA0015.jpg\" data-link=\"http:\/\/u-c-o.de\/?attachment_id=1929\" class=\"wp-image-1929\" srcset=\"http:\/\/u-c-o.de\/wp-content\/uploads\/2025\/04\/IMG-20250403-WA0015-1024x768.jpg 1024w, http:\/\/u-c-o.de\/wp-content\/uploads\/2025\/04\/IMG-20250403-WA0015-300x225.jpg 300w, http:\/\/u-c-o.de\/wp-content\/uploads\/2025\/04\/IMG-20250403-WA0015-768x576.jpg 768w, http:\/\/u-c-o.de\/wp-content\/uploads\/2025\/04\/IMG-20250403-WA0015-1536x1152.jpg 1536w, http:\/\/u-c-o.de\/wp-content\/uploads\/2025\/04\/IMG-20250403-WA0015-400x300.jpg 400w, http:\/\/u-c-o.de\/wp-content\/uploads\/2025\/04\/IMG-20250403-WA0015.jpg 1600w\" sizes=\"(max-width: 1024px) 100vw, 1024px\" \/><\/figure><\/li><li class=\"blocks-gallery-item\"><figure><img loading=\"lazy\" width=\"1024\" height=\"768\" src=\"http:\/\/u-c-o.de\/wp-content\/uploads\/2025\/04\/IMG-20250403-WA0016-1024x768.jpg\" alt=\"\" data-id=\"1930\" data-full-url=\"http:\/\/u-c-o.de\/wp-content\/uploads\/2025\/04\/IMG-20250403-WA0016.jpg\" data-link=\"http:\/\/u-c-o.de\/?attachment_id=1930\" class=\"wp-image-1930\" srcset=\"http:\/\/u-c-o.de\/wp-content\/uploads\/2025\/04\/IMG-20250403-WA0016-1024x768.jpg 1024w, http:\/\/u-c-o.de\/wp-content\/uploads\/2025\/04\/IMG-20250403-WA0016-300x225.jpg 300w, http:\/\/u-c-o.de\/wp-content\/uploads\/2025\/04\/IMG-20250403-WA0016-768x576.jpg 768w, http:\/\/u-c-o.de\/wp-content\/uploads\/2025\/04\/IMG-20250403-WA0016-1536x1152.jpg 1536w, http:\/\/u-c-o.de\/wp-content\/uploads\/2025\/04\/IMG-20250403-WA0016-400x300.jpg 400w, http:\/\/u-c-o.de\/wp-content\/uploads\/2025\/04\/IMG-20250403-WA0016.jpg 1600w\" sizes=\"(max-width: 1024px) 100vw, 1024px\" \/><\/figure><\/li><li class=\"blocks-gallery-item\"><figure><img loading=\"lazy\" width=\"1024\" height=\"576\" src=\"http:\/\/u-c-o.de\/wp-content\/uploads\/2025\/04\/IMG-20250403-WA0032-1024x576.jpg\" alt=\"\" data-id=\"1932\" data-full-url=\"http:\/\/u-c-o.de\/wp-content\/uploads\/2025\/04\/IMG-20250403-WA0032-scaled.jpg\" data-link=\"http:\/\/u-c-o.de\/?attachment_id=1932\" class=\"wp-image-1932\" srcset=\"http:\/\/u-c-o.de\/wp-content\/uploads\/2025\/04\/IMG-20250403-WA0032-1024x576.jpg 1024w, http:\/\/u-c-o.de\/wp-content\/uploads\/2025\/04\/IMG-20250403-WA0032-300x169.jpg 300w, http:\/\/u-c-o.de\/wp-content\/uploads\/2025\/04\/IMG-20250403-WA0032-768x432.jpg 768w, http:\/\/u-c-o.de\/wp-content\/uploads\/2025\/04\/IMG-20250403-WA0032-1536x864.jpg 1536w, http:\/\/u-c-o.de\/wp-content\/uploads\/2025\/04\/IMG-20250403-WA0032-2048x1153.jpg 2048w, http:\/\/u-c-o.de\/wp-content\/uploads\/2025\/04\/IMG-20250403-WA0032-500x281.jpg 500w\" sizes=\"(max-width: 1024px) 100vw, 1024px\" \/><\/figure><\/li><li class=\"blocks-gallery-item\"><figure><img loading=\"lazy\" width=\"1024\" height=\"768\" src=\"http:\/\/u-c-o.de\/wp-content\/uploads\/2025\/04\/IMG-20250403-WA0017-1024x768.jpg\" alt=\"\" data-id=\"1931\" data-full-url=\"http:\/\/u-c-o.de\/wp-content\/uploads\/2025\/04\/IMG-20250403-WA0017.jpg\" data-link=\"http:\/\/u-c-o.de\/?attachment_id=1931\" class=\"wp-image-1931\" srcset=\"http:\/\/u-c-o.de\/wp-content\/uploads\/2025\/04\/IMG-20250403-WA0017-1024x768.jpg 1024w, http:\/\/u-c-o.de\/wp-content\/uploads\/2025\/04\/IMG-20250403-WA0017-300x225.jpg 300w, http:\/\/u-c-o.de\/wp-content\/uploads\/2025\/04\/IMG-20250403-WA0017-768x576.jpg 768w, http:\/\/u-c-o.de\/wp-content\/uploads\/2025\/04\/IMG-20250403-WA0017-1536x1152.jpg 1536w, http:\/\/u-c-o.de\/wp-content\/uploads\/2025\/04\/IMG-20250403-WA0017-400x300.jpg 400w, http:\/\/u-c-o.de\/wp-content\/uploads\/2025\/04\/IMG-20250403-WA0017.jpg 1600w\" sizes=\"(max-width: 1024px) 100vw, 1024px\" \/><\/figure><\/li><\/ul><\/figure>\n","protected":false},"excerpt":{"rendered":"<p>Der UCO hat zusammen mit dem Heimat- und Geschichtsverein und der Gemeinde Gschwend die Benefizveranstaltung veranstaltet. Es haben die Band \u201e7-Takter\u201c und \u201eHeilix Blechle\u201c gespielt. Der Erl\u00f6s von 2000\u20ac wird zu gleichen Teilen an die Tour Ginkgo, die den Bunten &hellip; <a href=\"http:\/\/u-c-o.de\/?page_id=1926\">Weiterlesen <span class=\"meta-nav\">&rarr;<\/span><\/a><\/p>\n","protected":false},"author":1,"featured_media":0,"parent":1905,"menu_order":1,"comment_status":"closed","ping_status":"closed","template":"","meta":[],"_links":{"self":[{"href":"http:\/\/u-c-o.de\/index.php?rest_route=\/wp\/v2\/pages\/1926"}],"collection":[{"href":"http:\/\/u-c-o.de\/index.php?rest_route=\/wp\/v2\/pages"}],"about":[{"href":"http:\/\/u-c-o.de\/index.php?rest_route=\/wp\/v2\/types\/page"}],"author":[{"embeddable":true,"href":"http:\/\/u-c-o.de\/index.php?rest_route=\/wp\/v2\/users\/1"}],"replies":[{"embeddable":true,"href":"http:\/\/u-c-o.de\/index.php?rest_route=%2Fwp%2Fv2%2Fcomments&post=1926"}],"version-history":[{"count":7,"href":"http:\/\/u-c-o.de\/index.php?rest_route=\/wp\/v2\/pages\/1926\/revisions"}],"predecessor-version":[{"id":2057,"href":"http:\/\/u-c-o.de\/index.php?rest_route=\/wp\/v2\/pages\/1926\/revisions\/2057"}],"up":[{"embeddable":true,"href":"http:\/\/u-c-o.de\/index.php?rest_route=\/wp\/v2\/pages\/1905"}],"wp:attachment":[{"href":"http:\/\/u-c-o.de\/index.php?rest_route=%2Fwp%2Fv2%2Fmedia&parent=1926"}],"curies":[{"name":"wp","href":"https:\/\/api.w.org\/{rel}","templated":true}]}}