{"id":1910,"date":"2025-04-26T08:24:33","date_gmt":"2025-04-26T07:24:33","guid":{"rendered":"http:\/\/u-c-o.de\/?page_id=1910"},"modified":"2025-04-26T10:56:46","modified_gmt":"2025-04-26T09:56:46","slug":"2024-2","status":"publish","type":"page","link":"http:\/\/u-c-o.de\/?page_id=1910","title":{"rendered":"2024"},"content":{"rendered":"\n<p>Jahreshauptversammlung 2024<\/p>\n\n\n\n<p><a href=\"http:\/\/u-c-o.de\/?page_id=1948\">Reinigungsaktion &#8222;Klein Gaggenau&#8220; mit Gel\u00e4ndefahrt<\/a><\/p>\n\n\n\n<p>Benefizveranstaltung 2024<\/p>\n\n\n\n<p><a href=\"http:\/\/u-c-o.de\/?page_id=1971\">Oldtimertreffen R\u00f6hlingen 2024<\/a><\/p>\n\n\n\n<p><a href=\"http:\/\/u-c-o.de\/?page_id=1984\">Fr\u00fchjahrstreffen Wetzgau<\/a><\/p>\n\n\n\n<p><a href=\"http:\/\/u-c-o.de\/?page_id=1960\">Pr\u00e4sentation bei &#8222;Bosch Boxberg Klassik&#8220;<\/a><\/p>\n\n\n\n<p>Oldtimer- und Schleppertreffen Honkling<\/p>\n\n\n\n<p>Grillabend 2024<\/p>\n\n\n\n<p>Schwei\u00dfkurs<\/p>\n\n\n\n<p>Weihnachtsfeier 2024<\/p>\n\n\n\n<p><\/p>\n","protected":false},"excerpt":{"rendered":"<p>Jahreshauptversammlung 2024 Reinigungsaktion &#8222;Klein Gaggenau&#8220; mit Gel\u00e4ndefahrt Benefizveranstaltung 2024 Oldtimertreffen R\u00f6hlingen 2024 Fr\u00fchjahrstreffen Wetzgau Pr\u00e4sentation bei &#8222;Bosch Boxberg Klassik&#8220; Oldtimer- und Schleppertreffen Honkling Grillabend 2024 Schwei\u00dfkurs Weihnachtsfeier 2024<\/p>\n","protected":false},"author":1,"featured_media":0,"parent":11,"menu_order":90,"comment_status":"closed","ping_status":"closed","template":"","meta":[],"_links":{"self":[{"href":"http:\/\/u-c-o.de\/index.php?rest_route=\/wp\/v2\/pages\/1910"}],"collection":[{"href":"http:\/\/u-c-o.de\/index.php?rest_route=\/wp\/v2\/pages"}],"about":[{"href":"http:\/\/u-c-o.de\/index.php?rest_route=\/wp\/v2\/types\/page"}],"author":[{"embeddable":true,"href":"http:\/\/u-c-o.de\/index.php?rest_route=\/wp\/v2\/users\/1"}],"replies":[{"embeddable":true,"href":"http:\/\/u-c-o.de\/index.php?rest_route=%2Fwp%2Fv2%2Fcomments&post=1910"}],"version-history":[{"count":6,"href":"http:\/\/u-c-o.de\/index.php?rest_route=\/wp\/v2\/pages\/1910\/revisions"}],"predecessor-version":[{"id":1999,"href":"http:\/\/u-c-o.de\/index.php?rest_route=\/wp\/v2\/pages\/1910\/revisions\/1999"}],"up":[{"embeddable":true,"href":"http:\/\/u-c-o.de\/index.php?rest_route=\/wp\/v2\/pages\/11"}],"wp:attachment":[{"href":"http:\/\/u-c-o.de\/index.php?rest_route=%2Fwp%2Fv2%2Fmedia&parent=1910"}],"curies":[{"name":"wp","href":"https:\/\/api.w.org\/{rel}","templated":true}]}}