{"id":1582,"date":"2023-02-17T21:59:02","date_gmt":"2023-02-17T20:59:02","guid":{"rendered":"http:\/\/u-c-o.de\/?page_id=1582"},"modified":"2023-02-21T09:49:40","modified_gmt":"2023-02-21T08:49:40","slug":"ausflug-zum-unimogmuseum-nach-gaggenau","status":"publish","type":"page","link":"http:\/\/u-c-o.de\/?page_id=1582","title":{"rendered":"Ausfahrt Unimog-Museum Gaggenau"},"content":{"rendered":"\n<p>Das Unimog-Museum in Gaggenau wurde mit einem Anbau erweitert und bietet nun doppelt so viel Ausstellungsfl\u00e4che als zuvor. Nachdem das Museum f\u00fcr die Bauarbeiten einige Zeit geschlossen bleiben musste, wurde der Anbau im Rahmen der Neuer\u00f6ffnung am 28. und 29. Januar feierlich eingeweiht. Dies haben wir als Anlass genommen, um zusammen mit der Regionalgruppe G\u00f6ppingen-Stauferland des Unimog- Club Gaggenau eine Busausfahrt dort hin zu machen. Nachdem der Bus am Sonntagfr\u00fch in G\u00f6ggingen gestartet war und Mitfahrer an weiteren Stationen zugestiegen waren, ging die Fahrt direkt nach Gaggenau zur Firma Merex. Juniorchef Andr\u00e9 Dusseldorp veranstaltete einen Tag der offenen T\u00fcr und bot einen kurzen Einblick in das umfangreiche Ersatzteillager mit Teilen f\u00fcr s\u00e4mtliche Unimog Baureihen. Nach einem kurzen Fu\u00dfmarsch erreichten wir das Unimog Museum, wo wir zun\u00e4chst vom Unimog Restaurant bewirtet wurden. Anschlie\u00dfend gab es die M\u00f6glichkeit, das neu gestaltete Museum w\u00e4hrend einer F\u00fchrung oder auf eigene Faust zu erkunden. Neu hinzu gekommen ist eine Schautafel mit Bildern, sowie Exponate der Firma Erhard &amp; S\u00f6hne, die die Anf\u00e4nge des Unimog in Schw\u00e4bisch Gm\u00fcnd w\u00fcrdigen. Der UCO hatte sich im Vorfeld mit einer Spende daran beteiligt. Nach einem erlebnisreichen Tag wurde wieder die Heimreise angetreten.<\/p>\n\n\n\n<figure class=\"wp-block-gallery columns-3 is-cropped\"><ul class=\"blocks-gallery-grid\"><li class=\"blocks-gallery-item\"><figure><a href=\"http:\/\/u-c-o.de\/wp-content\/uploads\/2023\/02\/IMG_0494-scaled.jpg\"><img loading=\"lazy\" width=\"1024\" height=\"683\" src=\"http:\/\/u-c-o.de\/wp-content\/uploads\/2023\/02\/IMG_0494-1024x683.jpg\" alt=\"\" data-id=\"1603\" data-full-url=\"http:\/\/u-c-o.de\/wp-content\/uploads\/2023\/02\/IMG_0494-scaled.jpg\" data-link=\"http:\/\/u-c-o.de\/?attachment_id=1603\" class=\"wp-image-1603\" srcset=\"http:\/\/u-c-o.de\/wp-content\/uploads\/2023\/02\/IMG_0494-1024x683.jpg 1024w, http:\/\/u-c-o.de\/wp-content\/uploads\/2023\/02\/IMG_0494-300x200.jpg 300w, http:\/\/u-c-o.de\/wp-content\/uploads\/2023\/02\/IMG_0494-768x512.jpg 768w, http:\/\/u-c-o.de\/wp-content\/uploads\/2023\/02\/IMG_0494-1536x1024.jpg 1536w, http:\/\/u-c-o.de\/wp-content\/uploads\/2023\/02\/IMG_0494-2048x1365.jpg 2048w, http:\/\/u-c-o.de\/wp-content\/uploads\/2023\/02\/IMG_0494-450x300.jpg 450w\" sizes=\"(max-width: 1024px) 100vw, 1024px\" \/><\/a><figcaption class=\"blocks-gallery-item__caption\">Ankunft bei Merex &#8230;<\/figcaption><\/figure><\/li><li class=\"blocks-gallery-item\"><figure><a href=\"http:\/\/u-c-o.de\/wp-content\/uploads\/2023\/02\/WhatsApp-Bild-2023-02-20-um-09.24.03.jpg\"><img loading=\"lazy\" width=\"1024\" height=\"768\" src=\"http:\/\/u-c-o.de\/wp-content\/uploads\/2023\/02\/WhatsApp-Bild-2023-02-20-um-09.24.03.jpg\" alt=\"\" data-id=\"1604\" data-full-url=\"http:\/\/u-c-o.de\/wp-content\/uploads\/2023\/02\/WhatsApp-Bild-2023-02-20-um-09.24.03.jpg\" data-link=\"http:\/\/u-c-o.de\/?attachment_id=1604\" class=\"wp-image-1604\" srcset=\"http:\/\/u-c-o.de\/wp-content\/uploads\/2023\/02\/WhatsApp-Bild-2023-02-20-um-09.24.03.jpg 1024w, http:\/\/u-c-o.de\/wp-content\/uploads\/2023\/02\/WhatsApp-Bild-2023-02-20-um-09.24.03-300x225.jpg 300w, http:\/\/u-c-o.de\/wp-content\/uploads\/2023\/02\/WhatsApp-Bild-2023-02-20-um-09.24.03-768x576.jpg 768w, http:\/\/u-c-o.de\/wp-content\/uploads\/2023\/02\/WhatsApp-Bild-2023-02-20-um-09.24.03-400x300.jpg 400w\" sizes=\"(max-width: 1024px) 100vw, 1024px\" \/><\/a><figcaption class=\"blocks-gallery-item__caption\">&#8230; und im Lager<\/figcaption><\/figure><\/li><li class=\"blocks-gallery-item\"><figure><a href=\"http:\/\/u-c-o.de\/wp-content\/uploads\/2023\/02\/WhatsApp-Bild-2023-02-20-um-09.28.55.jpg\"><img loading=\"lazy\" width=\"1024\" height=\"768\" src=\"http:\/\/u-c-o.de\/wp-content\/uploads\/2023\/02\/WhatsApp-Bild-2023-02-20-um-09.28.55.jpg\" alt=\"\" data-id=\"1605\" data-full-url=\"http:\/\/u-c-o.de\/wp-content\/uploads\/2023\/02\/WhatsApp-Bild-2023-02-20-um-09.28.55.jpg\" data-link=\"http:\/\/u-c-o.de\/?attachment_id=1605\" class=\"wp-image-1605\" srcset=\"http:\/\/u-c-o.de\/wp-content\/uploads\/2023\/02\/WhatsApp-Bild-2023-02-20-um-09.28.55.jpg 1024w, http:\/\/u-c-o.de\/wp-content\/uploads\/2023\/02\/WhatsApp-Bild-2023-02-20-um-09.28.55-300x225.jpg 300w, http:\/\/u-c-o.de\/wp-content\/uploads\/2023\/02\/WhatsApp-Bild-2023-02-20-um-09.28.55-768x576.jpg 768w, http:\/\/u-c-o.de\/wp-content\/uploads\/2023\/02\/WhatsApp-Bild-2023-02-20-um-09.28.55-400x300.jpg 400w\" sizes=\"(max-width: 1024px) 100vw, 1024px\" \/><\/a><figcaption class=\"blocks-gallery-item__caption\">Blick \u00fcbers Museum<\/figcaption><\/figure><\/li><li class=\"blocks-gallery-item\"><figure><a href=\"http:\/\/u-c-o.de\/wp-content\/uploads\/2023\/02\/WhatsApp-Bild-2023-02-20-um-1.jpg\"><img loading=\"lazy\" width=\"768\" height=\"1024\" src=\"http:\/\/u-c-o.de\/wp-content\/uploads\/2023\/02\/WhatsApp-Bild-2023-02-20-um-1.jpg\" alt=\"\" data-id=\"1616\" data-full-url=\"http:\/\/u-c-o.de\/wp-content\/uploads\/2023\/02\/WhatsApp-Bild-2023-02-20-um-1.jpg\" data-link=\"http:\/\/u-c-o.de\/?attachment_id=1616\" class=\"wp-image-1616\" srcset=\"http:\/\/u-c-o.de\/wp-content\/uploads\/2023\/02\/WhatsApp-Bild-2023-02-20-um-1.jpg 768w, http:\/\/u-c-o.de\/wp-content\/uploads\/2023\/02\/WhatsApp-Bild-2023-02-20-um-1-225x300.jpg 225w\" sizes=\"(max-width: 768px) 100vw, 768px\" \/><\/a><\/figure><\/li><li class=\"blocks-gallery-item\"><figure><a href=\"http:\/\/u-c-o.de\/wp-content\/uploads\/2023\/02\/IMG_0506-scaled.jpg\"><img loading=\"lazy\" width=\"1024\" height=\"683\" src=\"http:\/\/u-c-o.de\/wp-content\/uploads\/2023\/02\/IMG_0506-1024x683.jpg\" alt=\"\" data-id=\"1610\" data-full-url=\"http:\/\/u-c-o.de\/wp-content\/uploads\/2023\/02\/IMG_0506-scaled.jpg\" data-link=\"http:\/\/u-c-o.de\/?attachment_id=1610\" class=\"wp-image-1610\" srcset=\"http:\/\/u-c-o.de\/wp-content\/uploads\/2023\/02\/IMG_0506-1024x683.jpg 1024w, http:\/\/u-c-o.de\/wp-content\/uploads\/2023\/02\/IMG_0506-300x200.jpg 300w, http:\/\/u-c-o.de\/wp-content\/uploads\/2023\/02\/IMG_0506-768x512.jpg 768w, http:\/\/u-c-o.de\/wp-content\/uploads\/2023\/02\/IMG_0506-1536x1024.jpg 1536w, http:\/\/u-c-o.de\/wp-content\/uploads\/2023\/02\/IMG_0506-2048x1365.jpg 2048w, http:\/\/u-c-o.de\/wp-content\/uploads\/2023\/02\/IMG_0506-450x300.jpg 450w\" sizes=\"(max-width: 1024px) 100vw, 1024px\" \/><\/a><\/figure><\/li><li class=\"blocks-gallery-item\"><figure><a href=\"http:\/\/u-c-o.de\/wp-content\/uploads\/2023\/02\/IMG_0509-scaled.jpg\"><img loading=\"lazy\" width=\"1024\" height=\"683\" src=\"http:\/\/u-c-o.de\/wp-content\/uploads\/2023\/02\/IMG_0509-1024x683.jpg\" alt=\"\" data-id=\"1607\" data-full-url=\"http:\/\/u-c-o.de\/wp-content\/uploads\/2023\/02\/IMG_0509-scaled.jpg\" data-link=\"http:\/\/u-c-o.de\/?attachment_id=1607\" class=\"wp-image-1607\" srcset=\"http:\/\/u-c-o.de\/wp-content\/uploads\/2023\/02\/IMG_0509-1024x683.jpg 1024w, http:\/\/u-c-o.de\/wp-content\/uploads\/2023\/02\/IMG_0509-300x200.jpg 300w, http:\/\/u-c-o.de\/wp-content\/uploads\/2023\/02\/IMG_0509-768x512.jpg 768w, http:\/\/u-c-o.de\/wp-content\/uploads\/2023\/02\/IMG_0509-1536x1024.jpg 1536w, http:\/\/u-c-o.de\/wp-content\/uploads\/2023\/02\/IMG_0509-2048x1365.jpg 2048w, http:\/\/u-c-o.de\/wp-content\/uploads\/2023\/02\/IMG_0509-450x300.jpg 450w\" sizes=\"(max-width: 1024px) 100vw, 1024px\" \/><\/a><\/figure><\/li><li class=\"blocks-gallery-item\"><figure><a href=\"http:\/\/u-c-o.de\/wp-content\/uploads\/2023\/02\/WhatsApp-Bild-2023-02-20-um-21.31.39.jpg\"><img loading=\"lazy\" width=\"1024\" height=\"768\" src=\"http:\/\/u-c-o.de\/wp-content\/uploads\/2023\/02\/WhatsApp-Bild-2023-02-20-um-21.31.39.jpg\" alt=\"\" data-id=\"1617\" data-full-url=\"http:\/\/u-c-o.de\/wp-content\/uploads\/2023\/02\/WhatsApp-Bild-2023-02-20-um-21.31.39.jpg\" data-link=\"http:\/\/u-c-o.de\/?attachment_id=1617\" class=\"wp-image-1617\" srcset=\"http:\/\/u-c-o.de\/wp-content\/uploads\/2023\/02\/WhatsApp-Bild-2023-02-20-um-21.31.39.jpg 1024w, http:\/\/u-c-o.de\/wp-content\/uploads\/2023\/02\/WhatsApp-Bild-2023-02-20-um-21.31.39-300x225.jpg 300w, http:\/\/u-c-o.de\/wp-content\/uploads\/2023\/02\/WhatsApp-Bild-2023-02-20-um-21.31.39-768x576.jpg 768w, http:\/\/u-c-o.de\/wp-content\/uploads\/2023\/02\/WhatsApp-Bild-2023-02-20-um-21.31.39-400x300.jpg 400w\" sizes=\"(max-width: 1024px) 100vw, 1024px\" \/><\/a><\/figure><\/li><li class=\"blocks-gallery-item\"><figure><a href=\"http:\/\/u-c-o.de\/wp-content\/uploads\/2023\/02\/IMG_0513-scaled.jpg\"><img loading=\"lazy\" width=\"1024\" height=\"683\" src=\"http:\/\/u-c-o.de\/wp-content\/uploads\/2023\/02\/IMG_0513-1024x683.jpg\" alt=\"\" data-id=\"1608\" data-full-url=\"http:\/\/u-c-o.de\/wp-content\/uploads\/2023\/02\/IMG_0513-scaled.jpg\" data-link=\"http:\/\/u-c-o.de\/?attachment_id=1608\" class=\"wp-image-1608\" srcset=\"http:\/\/u-c-o.de\/wp-content\/uploads\/2023\/02\/IMG_0513-1024x683.jpg 1024w, http:\/\/u-c-o.de\/wp-content\/uploads\/2023\/02\/IMG_0513-300x200.jpg 300w, http:\/\/u-c-o.de\/wp-content\/uploads\/2023\/02\/IMG_0513-768x512.jpg 768w, http:\/\/u-c-o.de\/wp-content\/uploads\/2023\/02\/IMG_0513-1536x1024.jpg 1536w, http:\/\/u-c-o.de\/wp-content\/uploads\/2023\/02\/IMG_0513-2048x1365.jpg 2048w, http:\/\/u-c-o.de\/wp-content\/uploads\/2023\/02\/IMG_0513-450x300.jpg 450w\" sizes=\"(max-width: 1024px) 100vw, 1024px\" \/><\/a><\/figure><\/li><li class=\"blocks-gallery-item\"><figure><a href=\"http:\/\/u-c-o.de\/wp-content\/uploads\/2023\/02\/WhatsApp-Bild-2023-02-20-um-09.29.19.jpg\"><img loading=\"lazy\" width=\"1024\" height=\"768\" src=\"http:\/\/u-c-o.de\/wp-content\/uploads\/2023\/02\/WhatsApp-Bild-2023-02-20-um-09.29.19.jpg\" alt=\"\" data-id=\"1606\" data-full-url=\"http:\/\/u-c-o.de\/wp-content\/uploads\/2023\/02\/WhatsApp-Bild-2023-02-20-um-09.29.19.jpg\" data-link=\"http:\/\/u-c-o.de\/?attachment_id=1606\" class=\"wp-image-1606\" srcset=\"http:\/\/u-c-o.de\/wp-content\/uploads\/2023\/02\/WhatsApp-Bild-2023-02-20-um-09.29.19.jpg 1024w, http:\/\/u-c-o.de\/wp-content\/uploads\/2023\/02\/WhatsApp-Bild-2023-02-20-um-09.29.19-300x225.jpg 300w, http:\/\/u-c-o.de\/wp-content\/uploads\/2023\/02\/WhatsApp-Bild-2023-02-20-um-09.29.19-768x576.jpg 768w, http:\/\/u-c-o.de\/wp-content\/uploads\/2023\/02\/WhatsApp-Bild-2023-02-20-um-09.29.19-400x300.jpg 400w\" sizes=\"(max-width: 1024px) 100vw, 1024px\" \/><\/a><\/figure><\/li><li class=\"blocks-gallery-item\"><figure><a href=\"http:\/\/u-c-o.de\/wp-content\/uploads\/2023\/02\/WhatsApp-Bild-2023-02-20-um-21.31.392.jpg\"><img loading=\"lazy\" width=\"768\" height=\"1024\" src=\"http:\/\/u-c-o.de\/wp-content\/uploads\/2023\/02\/WhatsApp-Bild-2023-02-20-um-21.31.392.jpg\" alt=\"\" data-id=\"1618\" data-full-url=\"http:\/\/u-c-o.de\/wp-content\/uploads\/2023\/02\/WhatsApp-Bild-2023-02-20-um-21.31.392.jpg\" data-link=\"http:\/\/u-c-o.de\/?attachment_id=1618\" class=\"wp-image-1618\" srcset=\"http:\/\/u-c-o.de\/wp-content\/uploads\/2023\/02\/WhatsApp-Bild-2023-02-20-um-21.31.392.jpg 768w, http:\/\/u-c-o.de\/wp-content\/uploads\/2023\/02\/WhatsApp-Bild-2023-02-20-um-21.31.392-225x300.jpg 225w\" sizes=\"(max-width: 768px) 100vw, 768px\" \/><\/a><\/figure><\/li><li class=\"blocks-gallery-item\"><figure><a href=\"http:\/\/u-c-o.de\/wp-content\/uploads\/2023\/02\/IMG_0525-scaled.jpg\"><img loading=\"lazy\" width=\"1024\" height=\"683\" src=\"http:\/\/u-c-o.de\/wp-content\/uploads\/2023\/02\/IMG_0525-1024x683.jpg\" alt=\"\" data-id=\"1609\" data-full-url=\"http:\/\/u-c-o.de\/wp-content\/uploads\/2023\/02\/IMG_0525-scaled.jpg\" data-link=\"http:\/\/u-c-o.de\/?attachment_id=1609\" class=\"wp-image-1609\" srcset=\"http:\/\/u-c-o.de\/wp-content\/uploads\/2023\/02\/IMG_0525-1024x683.jpg 1024w, http:\/\/u-c-o.de\/wp-content\/uploads\/2023\/02\/IMG_0525-300x200.jpg 300w, http:\/\/u-c-o.de\/wp-content\/uploads\/2023\/02\/IMG_0525-768x512.jpg 768w, http:\/\/u-c-o.de\/wp-content\/uploads\/2023\/02\/IMG_0525-1536x1024.jpg 1536w, http:\/\/u-c-o.de\/wp-content\/uploads\/2023\/02\/IMG_0525-2048x1365.jpg 2048w, http:\/\/u-c-o.de\/wp-content\/uploads\/2023\/02\/IMG_0525-450x300.jpg 450w\" sizes=\"(max-width: 1024px) 100vw, 1024px\" \/><\/a><\/figure><\/li><li class=\"blocks-gallery-item\"><figure><a href=\"http:\/\/u-c-o.de\/wp-content\/uploads\/2023\/02\/WhatsApp-Bild-2023-02-20-um-21.31.394.jpg\"><img loading=\"lazy\" width=\"1024\" height=\"768\" src=\"http:\/\/u-c-o.de\/wp-content\/uploads\/2023\/02\/WhatsApp-Bild-2023-02-20-um-21.31.394.jpg\" alt=\"\" data-id=\"1620\" data-full-url=\"http:\/\/u-c-o.de\/wp-content\/uploads\/2023\/02\/WhatsApp-Bild-2023-02-20-um-21.31.394.jpg\" data-link=\"http:\/\/u-c-o.de\/?attachment_id=1620\" class=\"wp-image-1620\" srcset=\"http:\/\/u-c-o.de\/wp-content\/uploads\/2023\/02\/WhatsApp-Bild-2023-02-20-um-21.31.394.jpg 1024w, http:\/\/u-c-o.de\/wp-content\/uploads\/2023\/02\/WhatsApp-Bild-2023-02-20-um-21.31.394-300x225.jpg 300w, http:\/\/u-c-o.de\/wp-content\/uploads\/2023\/02\/WhatsApp-Bild-2023-02-20-um-21.31.394-768x576.jpg 768w, http:\/\/u-c-o.de\/wp-content\/uploads\/2023\/02\/WhatsApp-Bild-2023-02-20-um-21.31.394-400x300.jpg 400w\" sizes=\"(max-width: 1024px) 100vw, 1024px\" \/><\/a><figcaption class=\"blocks-gallery-item__caption\">Videosequenzen in Unimogkabine<\/figcaption><\/figure><\/li><\/ul><\/figure>\n","protected":false},"excerpt":{"rendered":"<p>Das Unimog-Museum in Gaggenau wurde mit einem Anbau erweitert und bietet nun doppelt so viel Ausstellungsfl\u00e4che als zuvor. Nachdem das Museum f\u00fcr die Bauarbeiten einige Zeit geschlossen bleiben musste, wurde der Anbau im Rahmen der Neuer\u00f6ffnung am 28. und 29. &hellip; <a href=\"http:\/\/u-c-o.de\/?page_id=1582\">Weiterlesen <span class=\"meta-nav\">&rarr;<\/span><\/a><\/p>\n","protected":false},"author":1,"featured_media":0,"parent":1586,"menu_order":0,"comment_status":"closed","ping_status":"closed","template":"","meta":[],"_links":{"self":[{"href":"http:\/\/u-c-o.de\/index.php?rest_route=\/wp\/v2\/pages\/1582"}],"collection":[{"href":"http:\/\/u-c-o.de\/index.php?rest_route=\/wp\/v2\/pages"}],"about":[{"href":"http:\/\/u-c-o.de\/index.php?rest_route=\/wp\/v2\/types\/page"}],"author":[{"embeddable":true,"href":"http:\/\/u-c-o.de\/index.php?rest_route=\/wp\/v2\/users\/1"}],"replies":[{"embeddable":true,"href":"http:\/\/u-c-o.de\/index.php?rest_route=%2Fwp%2Fv2%2Fcomments&post=1582"}],"version-history":[{"count":6,"href":"http:\/\/u-c-o.de\/index.php?rest_route=\/wp\/v2\/pages\/1582\/revisions"}],"predecessor-version":[{"id":1621,"href":"http:\/\/u-c-o.de\/index.php?rest_route=\/wp\/v2\/pages\/1582\/revisions\/1621"}],"up":[{"embeddable":true,"href":"http:\/\/u-c-o.de\/index.php?rest_route=\/wp\/v2\/pages\/1586"}],"wp:attachment":[{"href":"http:\/\/u-c-o.de\/index.php?rest_route=%2Fwp%2Fv2%2Fmedia&parent=1582"}],"curies":[{"name":"wp","href":"https:\/\/api.w.org\/{rel}","templated":true}]}}