{"id":1231,"date":"2022-02-23T21:04:58","date_gmt":"2022-02-23T20:04:58","guid":{"rendered":"http:\/\/u-c-o.de\/?page_id=1231"},"modified":"2024-03-20T09:50:55","modified_gmt":"2024-03-20T08:50:55","slug":"mitgliedschaft","status":"publish","type":"page","link":"http:\/\/u-c-o.de\/?page_id=1231","title":{"rendered":"Mitgliedschaft"},"content":{"rendered":"\n<p>Gem\u00e4\u00df der Satzung des UCO k\u00f6nnen nat\u00fcrliche Personen Mitglied im Verein werden. Die Mitgliedschaft ist schriftlich zu beantragen. <br>Das Antragsformular kann beim Schriftf\u00fchrer formlos via eMail (ralf.schnobl@u-c-o.de) oder schriftlich (Postadresse ist zu finden unter \u201eKontakte\u201c) angefordert werden. <br>Nach Eingang des Antrags und dessen Best\u00e4tigung durch den Schriftf\u00fchrer erh\u00e4lt der Antragsteller alle Infos und Einladungen per E-Mail zugeschickt. Die tats\u00e4chliche Aufnahme als Mitglied erfolgt bei der darauffolgenden Jahreshauptversammlung. Diese findet gew\u00f6hnlich im ersten Quartal des Jahres statt. <br>Neumitglieder d\u00fcrfen hier die M\u00f6glichkeit nutzen sich den anwesenden Mitgliedern vorzustellen. <br>Der Mitgliedsbeitrag betr\u00e4gt derzeit 25 Euro im Jahr.<\/p>\n","protected":false},"excerpt":{"rendered":"<p>Gem\u00e4\u00df der Satzung des UCO k\u00f6nnen nat\u00fcrliche Personen Mitglied im Verein werden. Die Mitgliedschaft ist schriftlich zu beantragen. Das Antragsformular kann beim Schriftf\u00fchrer formlos via eMail (ralf.schnobl@u-c-o.de) oder schriftlich (Postadresse ist zu finden unter \u201eKontakte\u201c) angefordert werden. Nach Eingang des &hellip; <a href=\"http:\/\/u-c-o.de\/?page_id=1231\">Weiterlesen <span class=\"meta-nav\">&rarr;<\/span><\/a><\/p>\n","protected":false},"author":1,"featured_media":0,"parent":0,"menu_order":6,"comment_status":"closed","ping_status":"closed","template":"","meta":[],"_links":{"self":[{"href":"http:\/\/u-c-o.de\/index.php?rest_route=\/wp\/v2\/pages\/1231"}],"collection":[{"href":"http:\/\/u-c-o.de\/index.php?rest_route=\/wp\/v2\/pages"}],"about":[{"href":"http:\/\/u-c-o.de\/index.php?rest_route=\/wp\/v2\/types\/page"}],"author":[{"embeddable":true,"href":"http:\/\/u-c-o.de\/index.php?rest_route=\/wp\/v2\/users\/1"}],"replies":[{"embeddable":true,"href":"http:\/\/u-c-o.de\/index.php?rest_route=%2Fwp%2Fv2%2Fcomments&post=1231"}],"version-history":[{"count":4,"href":"http:\/\/u-c-o.de\/index.php?rest_route=\/wp\/v2\/pages\/1231\/revisions"}],"predecessor-version":[{"id":1851,"href":"http:\/\/u-c-o.de\/index.php?rest_route=\/wp\/v2\/pages\/1231\/revisions\/1851"}],"wp:attachment":[{"href":"http:\/\/u-c-o.de\/index.php?rest_route=%2Fwp%2Fv2%2Fmedia&parent=1231"}],"curies":[{"name":"wp","href":"https:\/\/api.w.org\/{rel}","templated":true}]}}