{"id":1222,"date":"2021-11-17T23:42:53","date_gmt":"2021-11-17T22:42:53","guid":{"rendered":"http:\/\/u-c-o.de\/?page_id=1222"},"modified":"2021-11-23T21:16:20","modified_gmt":"2021-11-23T20:16:20","slug":"gedenktafel-zum-75-jaehrigen-jubilaeum","status":"publish","type":"page","link":"http:\/\/u-c-o.de\/?page_id=1222","title":{"rendered":"Gedenktafel zum 75-J\u00e4hrigen Jubil\u00e4um"},"content":{"rendered":"\n<p>Am 09. Oktober 1946 fand die erste Pr\u00fcfungsfahrt mit einem Unimog-Fahrgestell statt, was sozusagen als Geburtsstunde des Unimog gilt. Dieses Ereignis j\u00e4hrte sich nun zum 75. mal. Aus diesem Anlass wurde auf den Tag genau 75 Jahre sp\u00e4ter eine Gedenktafel enth\u00fcllt \u2013 zu Ehren des Unimog und Dipl.-Ing. Eduard K\u00f6hler \u2013 dem Miteigent\u00fcmer von Erhard &amp; S\u00f6hne. Diese befindet sich am Geb\u00e4ude des DRK-Zentrum in der Wei\u00dfensteiner Str. 40 in Schw\u00e4bisch Gm\u00fcnd, wo sich einst das Firmengeb\u00e4ude von Erhard &amp; S\u00f6hne befand, wo die ersten vier Versuchsfahrzeuge entstanden sind. Der UCO hat mit einer Spende zur Verwirklichung beigetragen.<\/p>\n\n\n\n<figure class=\"wp-block-image size-large\"><img loading=\"lazy\" width=\"671\" height=\"1024\" src=\"http:\/\/u-c-o.de\/wp-content\/uploads\/2021\/11\/Gedenktafel-75Jahre-671x1024.jpg\" alt=\"\" class=\"wp-image-1226\" srcset=\"http:\/\/u-c-o.de\/wp-content\/uploads\/2021\/11\/Gedenktafel-75Jahre-671x1024.jpg 671w, http:\/\/u-c-o.de\/wp-content\/uploads\/2021\/11\/Gedenktafel-75Jahre-196x300.jpg 196w, http:\/\/u-c-o.de\/wp-content\/uploads\/2021\/11\/Gedenktafel-75Jahre-768x1173.jpg 768w, http:\/\/u-c-o.de\/wp-content\/uploads\/2021\/11\/Gedenktafel-75Jahre.jpg 996w\" sizes=\"(max-width: 671px) 100vw, 671px\" \/><\/figure>\n\n\n\n<p><\/p>\n","protected":false},"excerpt":{"rendered":"<p>Am 09. Oktober 1946 fand die erste Pr\u00fcfungsfahrt mit einem Unimog-Fahrgestell statt, was sozusagen als Geburtsstunde des Unimog gilt. Dieses Ereignis j\u00e4hrte sich nun zum 75. mal. Aus diesem Anlass wurde auf den Tag genau 75 Jahre sp\u00e4ter eine Gedenktafel &hellip; <a href=\"http:\/\/u-c-o.de\/?page_id=1222\">Weiterlesen <span class=\"meta-nav\">&rarr;<\/span><\/a><\/p>\n","protected":false},"author":1,"featured_media":0,"parent":1220,"menu_order":0,"comment_status":"closed","ping_status":"closed","template":"","meta":[],"_links":{"self":[{"href":"http:\/\/u-c-o.de\/index.php?rest_route=\/wp\/v2\/pages\/1222"}],"collection":[{"href":"http:\/\/u-c-o.de\/index.php?rest_route=\/wp\/v2\/pages"}],"about":[{"href":"http:\/\/u-c-o.de\/index.php?rest_route=\/wp\/v2\/types\/page"}],"author":[{"embeddable":true,"href":"http:\/\/u-c-o.de\/index.php?rest_route=\/wp\/v2\/users\/1"}],"replies":[{"embeddable":true,"href":"http:\/\/u-c-o.de\/index.php?rest_route=%2Fwp%2Fv2%2Fcomments&post=1222"}],"version-history":[{"count":2,"href":"http:\/\/u-c-o.de\/index.php?rest_route=\/wp\/v2\/pages\/1222\/revisions"}],"predecessor-version":[{"id":1228,"href":"http:\/\/u-c-o.de\/index.php?rest_route=\/wp\/v2\/pages\/1222\/revisions\/1228"}],"up":[{"embeddable":true,"href":"http:\/\/u-c-o.de\/index.php?rest_route=\/wp\/v2\/pages\/1220"}],"wp:attachment":[{"href":"http:\/\/u-c-o.de\/index.php?rest_route=%2Fwp%2Fv2%2Fmedia&parent=1222"}],"curies":[{"name":"wp","href":"https:\/\/api.w.org\/{rel}","templated":true}]}}