{"id":1179,"date":"2020-12-22T00:07:19","date_gmt":"2020-12-21T23:07:19","guid":{"rendered":"http:\/\/u-c-o.de\/?page_id=1179"},"modified":"2021-03-18T22:18:13","modified_gmt":"2021-03-18T21:18:13","slug":"sonderausstellung-unimog-mb-trac-bei-cars-coffee-am-mercedes-benz-museum","status":"publish","type":"page","link":"http:\/\/u-c-o.de\/?page_id=1179","title":{"rendered":"Sonderausstellung \u201eUNIMOG &#038; MB-trac\u201c bei Cars &#038; Coffee am Mercedes-Benz Museum"},"content":{"rendered":"\n<p>Auf Grund der Corona-Pandemie musste die bekannte Reihe \u201eCars &amp; Coffee\u201c am Mercedes-Benz Museum in Stuttgart im Jahr 2020 zun\u00e4chst pausieren. Am 14. Juni 2020 fand unter Coronabedingungen gl\u00fccklicherweise wieder die erste Veranstaltung statt. In ungezwungener Runde k\u00f6nnen sich dort Besucher \u00fcber klassische Fahrzeuge austauschen, bei einer Tasse Kaffee \u00fcber die Feinheiten der automobilen Kultur plaudern \u2013 und nat\u00fcrlich die anwesenden Old- und Youngtimer bestaunen. Der Platz f\u00fcr mehrere Hundert Fahrzeuge auf dem H\u00fcgel wird regelm\u00e4\u00dfig von Mercedes-Benz Klassikern sowie anderen Marken gut gef\u00fcllt.<\/p>\n\n\n\n<p>Im Rahmen dieser Veranstaltungsreihe organisierte der Unimog-Club Ostalb e.V. zusammen mit den Eventplanern des Museums am <strong>13.09.2020<\/strong> eine Sonderausstellung \u201e<strong>UNIMOG und MB-trac\u201c<\/strong>. \u00dcber die Gesch\u00e4ftsstelle des UCG wurden auch die UCG-Mitglieder der Regionalgruppen aus dem Stuttgarter Umland angeschrieben, sodass insgesamt \u00fcber 120 Fahrzeuganmeldungen an das Museum \u00fcbergeben werden konnten. Es bildeten sich mehrere Fahrgemeinschaften aus dem Fils- und Remstal, dem Kocher-und Murrtal sowie aus dem Murgtal.<\/p>\n\n\n\n<p>Die Teilnehmer bekamen einen ausgewiesenen Platz hinter dem Museum zugewiesen. Ab 9 Uhr trafen die Fahrzeuge am Museum ein und schnell wurde klar, dass der reservierte Platz nicht ausreichen w\u00fcrde. So r\u00fcckten die UNIMOG -\/MB-trac &#8211; Fahrer und die PKW-Fahrer zusammen und f\u00fcllten nahezu den gesamten Museumsh\u00fcgel mit Fahrzeugen. Die Resonanz war \u00fcberragend! Eine zuk\u00fcnftige Wiederholung eines Events mit Schwerpunkt &#8222;Unimog und MB-trac&#8220; am Mercedes-Benz Museum ist daher nicht ausgeschlossen!<\/p>\n\n\n\n<figure class=\"wp-block-gallery columns-3 is-cropped\"><ul class=\"blocks-gallery-grid\"><li class=\"blocks-gallery-item\"><figure><a href=\"http:\/\/u-c-o.de\/wp-content\/uploads\/2020\/11\/20200913_093733_bearbeitet-scaled.jpg\"><img loading=\"lazy\" width=\"1024\" height=\"576\" src=\"http:\/\/u-c-o.de\/wp-content\/uploads\/2020\/11\/20200913_093733_bearbeitet-1024x576.jpg\" alt=\"\" data-id=\"1166\" data-full-url=\"http:\/\/u-c-o.de\/wp-content\/uploads\/2020\/11\/20200913_093733_bearbeitet-scaled.jpg\" data-link=\"http:\/\/u-c-o.de\/?attachment_id=1166\" class=\"wp-image-1166\" srcset=\"http:\/\/u-c-o.de\/wp-content\/uploads\/2020\/11\/20200913_093733_bearbeitet-1024x576.jpg 1024w, http:\/\/u-c-o.de\/wp-content\/uploads\/2020\/11\/20200913_093733_bearbeitet-300x169.jpg 300w, http:\/\/u-c-o.de\/wp-content\/uploads\/2020\/11\/20200913_093733_bearbeitet-768x432.jpg 768w, http:\/\/u-c-o.de\/wp-content\/uploads\/2020\/11\/20200913_093733_bearbeitet-1536x864.jpg 1536w, http:\/\/u-c-o.de\/wp-content\/uploads\/2020\/11\/20200913_093733_bearbeitet-2048x1152.jpg 2048w, http:\/\/u-c-o.de\/wp-content\/uploads\/2020\/11\/20200913_093733_bearbeitet-500x281.jpg 500w\" sizes=\"(max-width: 1024px) 100vw, 1024px\" \/><\/a><\/figure><\/li><li class=\"blocks-gallery-item\"><figure><a href=\"http:\/\/u-c-o.de\/wp-content\/uploads\/2020\/11\/20200913_104800_bearbeitet-scaled.jpg\"><img loading=\"lazy\" width=\"1024\" height=\"576\" src=\"http:\/\/u-c-o.de\/wp-content\/uploads\/2020\/11\/20200913_104800_bearbeitet-1024x576.jpg\" alt=\"\" data-id=\"1167\" data-full-url=\"http:\/\/u-c-o.de\/wp-content\/uploads\/2020\/11\/20200913_104800_bearbeitet-scaled.jpg\" data-link=\"http:\/\/u-c-o.de\/?attachment_id=1167\" class=\"wp-image-1167\" srcset=\"http:\/\/u-c-o.de\/wp-content\/uploads\/2020\/11\/20200913_104800_bearbeitet-1024x576.jpg 1024w, http:\/\/u-c-o.de\/wp-content\/uploads\/2020\/11\/20200913_104800_bearbeitet-300x169.jpg 300w, http:\/\/u-c-o.de\/wp-content\/uploads\/2020\/11\/20200913_104800_bearbeitet-768x432.jpg 768w, http:\/\/u-c-o.de\/wp-content\/uploads\/2020\/11\/20200913_104800_bearbeitet-1536x864.jpg 1536w, http:\/\/u-c-o.de\/wp-content\/uploads\/2020\/11\/20200913_104800_bearbeitet-2048x1152.jpg 2048w, http:\/\/u-c-o.de\/wp-content\/uploads\/2020\/11\/20200913_104800_bearbeitet-500x281.jpg 500w\" sizes=\"(max-width: 1024px) 100vw, 1024px\" \/><\/a><\/figure><\/li><li class=\"blocks-gallery-item\"><figure><a href=\"http:\/\/u-c-o.de\/wp-content\/uploads\/2020\/11\/20200913_110006_bearbeitet-scaled.jpg\"><img loading=\"lazy\" width=\"1024\" height=\"576\" src=\"http:\/\/u-c-o.de\/wp-content\/uploads\/2020\/11\/20200913_110006_bearbeitet-1024x576.jpg\" alt=\"\" data-id=\"1168\" data-full-url=\"http:\/\/u-c-o.de\/wp-content\/uploads\/2020\/11\/20200913_110006_bearbeitet-scaled.jpg\" data-link=\"http:\/\/u-c-o.de\/?attachment_id=1168\" class=\"wp-image-1168\" srcset=\"http:\/\/u-c-o.de\/wp-content\/uploads\/2020\/11\/20200913_110006_bearbeitet-1024x576.jpg 1024w, http:\/\/u-c-o.de\/wp-content\/uploads\/2020\/11\/20200913_110006_bearbeitet-300x169.jpg 300w, http:\/\/u-c-o.de\/wp-content\/uploads\/2020\/11\/20200913_110006_bearbeitet-768x432.jpg 768w, http:\/\/u-c-o.de\/wp-content\/uploads\/2020\/11\/20200913_110006_bearbeitet-1536x864.jpg 1536w, http:\/\/u-c-o.de\/wp-content\/uploads\/2020\/11\/20200913_110006_bearbeitet-2048x1152.jpg 2048w, http:\/\/u-c-o.de\/wp-content\/uploads\/2020\/11\/20200913_110006_bearbeitet-500x281.jpg 500w\" sizes=\"(max-width: 1024px) 100vw, 1024px\" \/><\/a><\/figure><\/li><li class=\"blocks-gallery-item\"><figure><a href=\"http:\/\/u-c-o.de\/wp-content\/uploads\/2020\/11\/20200913_110235_bearbeitet-scaled.jpg\"><img loading=\"lazy\" width=\"1024\" height=\"576\" src=\"http:\/\/u-c-o.de\/wp-content\/uploads\/2020\/11\/20200913_110235_bearbeitet-1024x576.jpg\" alt=\"\" data-id=\"1169\" data-full-url=\"http:\/\/u-c-o.de\/wp-content\/uploads\/2020\/11\/20200913_110235_bearbeitet-scaled.jpg\" data-link=\"http:\/\/u-c-o.de\/?attachment_id=1169\" class=\"wp-image-1169\" srcset=\"http:\/\/u-c-o.de\/wp-content\/uploads\/2020\/11\/20200913_110235_bearbeitet-1024x576.jpg 1024w, http:\/\/u-c-o.de\/wp-content\/uploads\/2020\/11\/20200913_110235_bearbeitet-300x169.jpg 300w, http:\/\/u-c-o.de\/wp-content\/uploads\/2020\/11\/20200913_110235_bearbeitet-768x432.jpg 768w, http:\/\/u-c-o.de\/wp-content\/uploads\/2020\/11\/20200913_110235_bearbeitet-1536x864.jpg 1536w, http:\/\/u-c-o.de\/wp-content\/uploads\/2020\/11\/20200913_110235_bearbeitet-2048x1152.jpg 2048w, http:\/\/u-c-o.de\/wp-content\/uploads\/2020\/11\/20200913_110235_bearbeitet-500x281.jpg 500w\" sizes=\"(max-width: 1024px) 100vw, 1024px\" \/><\/a><\/figure><\/li><li class=\"blocks-gallery-item\"><figure><a href=\"http:\/\/u-c-o.de\/wp-content\/uploads\/2020\/11\/20200913_122513_bearbeitet-scaled.jpg\"><img loading=\"lazy\" width=\"1024\" height=\"576\" src=\"http:\/\/u-c-o.de\/wp-content\/uploads\/2020\/11\/20200913_122513_bearbeitet-1024x576.jpg\" alt=\"\" data-id=\"1170\" data-full-url=\"http:\/\/u-c-o.de\/wp-content\/uploads\/2020\/11\/20200913_122513_bearbeitet-scaled.jpg\" data-link=\"http:\/\/u-c-o.de\/?attachment_id=1170\" class=\"wp-image-1170\" srcset=\"http:\/\/u-c-o.de\/wp-content\/uploads\/2020\/11\/20200913_122513_bearbeitet-1024x576.jpg 1024w, http:\/\/u-c-o.de\/wp-content\/uploads\/2020\/11\/20200913_122513_bearbeitet-300x169.jpg 300w, http:\/\/u-c-o.de\/wp-content\/uploads\/2020\/11\/20200913_122513_bearbeitet-768x432.jpg 768w, http:\/\/u-c-o.de\/wp-content\/uploads\/2020\/11\/20200913_122513_bearbeitet-1536x864.jpg 1536w, http:\/\/u-c-o.de\/wp-content\/uploads\/2020\/11\/20200913_122513_bearbeitet-2048x1152.jpg 2048w, http:\/\/u-c-o.de\/wp-content\/uploads\/2020\/11\/20200913_122513_bearbeitet-500x281.jpg 500w\" sizes=\"(max-width: 1024px) 100vw, 1024px\" \/><\/a><\/figure><\/li><li class=\"blocks-gallery-item\"><figure><a href=\"http:\/\/u-c-o.de\/wp-content\/uploads\/2020\/11\/20200913_124946_bearbeitet-scaled.jpg\"><img loading=\"lazy\" width=\"1024\" height=\"576\" src=\"http:\/\/u-c-o.de\/wp-content\/uploads\/2020\/11\/20200913_124946_bearbeitet-1024x576.jpg\" alt=\"\" data-id=\"1171\" data-full-url=\"http:\/\/u-c-o.de\/wp-content\/uploads\/2020\/11\/20200913_124946_bearbeitet-scaled.jpg\" data-link=\"http:\/\/u-c-o.de\/?attachment_id=1171\" class=\"wp-image-1171\" srcset=\"http:\/\/u-c-o.de\/wp-content\/uploads\/2020\/11\/20200913_124946_bearbeitet-1024x576.jpg 1024w, http:\/\/u-c-o.de\/wp-content\/uploads\/2020\/11\/20200913_124946_bearbeitet-300x169.jpg 300w, http:\/\/u-c-o.de\/wp-content\/uploads\/2020\/11\/20200913_124946_bearbeitet-768x432.jpg 768w, http:\/\/u-c-o.de\/wp-content\/uploads\/2020\/11\/20200913_124946_bearbeitet-1536x864.jpg 1536w, http:\/\/u-c-o.de\/wp-content\/uploads\/2020\/11\/20200913_124946_bearbeitet-2048x1152.jpg 2048w, http:\/\/u-c-o.de\/wp-content\/uploads\/2020\/11\/20200913_124946_bearbeitet-500x281.jpg 500w\" sizes=\"(max-width: 1024px) 100vw, 1024px\" \/><\/a><\/figure><\/li><li class=\"blocks-gallery-item\"><figure><a href=\"http:\/\/u-c-o.de\/wp-content\/uploads\/2020\/11\/20200913_143956_bearbeitet-scaled.jpg\"><img loading=\"lazy\" width=\"1024\" height=\"576\" src=\"http:\/\/u-c-o.de\/wp-content\/uploads\/2020\/11\/20200913_143956_bearbeitet-1024x576.jpg\" alt=\"\" data-id=\"1172\" data-full-url=\"http:\/\/u-c-o.de\/wp-content\/uploads\/2020\/11\/20200913_143956_bearbeitet-scaled.jpg\" data-link=\"http:\/\/u-c-o.de\/?attachment_id=1172\" class=\"wp-image-1172\" srcset=\"http:\/\/u-c-o.de\/wp-content\/uploads\/2020\/11\/20200913_143956_bearbeitet-1024x576.jpg 1024w, http:\/\/u-c-o.de\/wp-content\/uploads\/2020\/11\/20200913_143956_bearbeitet-300x169.jpg 300w, http:\/\/u-c-o.de\/wp-content\/uploads\/2020\/11\/20200913_143956_bearbeitet-768x432.jpg 768w, http:\/\/u-c-o.de\/wp-content\/uploads\/2020\/11\/20200913_143956_bearbeitet-1536x864.jpg 1536w, http:\/\/u-c-o.de\/wp-content\/uploads\/2020\/11\/20200913_143956_bearbeitet-2048x1152.jpg 2048w, http:\/\/u-c-o.de\/wp-content\/uploads\/2020\/11\/20200913_143956_bearbeitet-500x281.jpg 500w\" sizes=\"(max-width: 1024px) 100vw, 1024px\" \/><\/a><\/figure><\/li><li class=\"blocks-gallery-item\"><figure><a href=\"http:\/\/u-c-o.de\/wp-content\/uploads\/2020\/11\/20200913_150340_bearbeitet-scaled.jpg\"><img loading=\"lazy\" width=\"1024\" height=\"576\" src=\"http:\/\/u-c-o.de\/wp-content\/uploads\/2020\/11\/20200913_150340_bearbeitet-1024x576.jpg\" alt=\"\" data-id=\"1173\" data-full-url=\"http:\/\/u-c-o.de\/wp-content\/uploads\/2020\/11\/20200913_150340_bearbeitet-scaled.jpg\" data-link=\"http:\/\/u-c-o.de\/?attachment_id=1173\" class=\"wp-image-1173\" srcset=\"http:\/\/u-c-o.de\/wp-content\/uploads\/2020\/11\/20200913_150340_bearbeitet-1024x576.jpg 1024w, http:\/\/u-c-o.de\/wp-content\/uploads\/2020\/11\/20200913_150340_bearbeitet-300x169.jpg 300w, http:\/\/u-c-o.de\/wp-content\/uploads\/2020\/11\/20200913_150340_bearbeitet-768x432.jpg 768w, http:\/\/u-c-o.de\/wp-content\/uploads\/2020\/11\/20200913_150340_bearbeitet-1536x864.jpg 1536w, http:\/\/u-c-o.de\/wp-content\/uploads\/2020\/11\/20200913_150340_bearbeitet-2048x1152.jpg 2048w, http:\/\/u-c-o.de\/wp-content\/uploads\/2020\/11\/20200913_150340_bearbeitet-500x281.jpg 500w\" sizes=\"(max-width: 1024px) 100vw, 1024px\" \/><\/a><\/figure><\/li><li class=\"blocks-gallery-item\"><figure><a href=\"http:\/\/u-c-o.de\/wp-content\/uploads\/2020\/11\/IMG_20200913_123709990_bearbeitet-scaled.jpg\"><img loading=\"lazy\" width=\"1024\" height=\"576\" src=\"http:\/\/u-c-o.de\/wp-content\/uploads\/2020\/11\/IMG_20200913_123709990_bearbeitet-1024x576.jpg\" alt=\"\" data-id=\"1174\" data-full-url=\"http:\/\/u-c-o.de\/wp-content\/uploads\/2020\/11\/IMG_20200913_123709990_bearbeitet-scaled.jpg\" data-link=\"http:\/\/u-c-o.de\/?attachment_id=1174\" class=\"wp-image-1174\" srcset=\"http:\/\/u-c-o.de\/wp-content\/uploads\/2020\/11\/IMG_20200913_123709990_bearbeitet-1024x576.jpg 1024w, http:\/\/u-c-o.de\/wp-content\/uploads\/2020\/11\/IMG_20200913_123709990_bearbeitet-300x169.jpg 300w, http:\/\/u-c-o.de\/wp-content\/uploads\/2020\/11\/IMG_20200913_123709990_bearbeitet-768x432.jpg 768w, http:\/\/u-c-o.de\/wp-content\/uploads\/2020\/11\/IMG_20200913_123709990_bearbeitet-1536x864.jpg 1536w, http:\/\/u-c-o.de\/wp-content\/uploads\/2020\/11\/IMG_20200913_123709990_bearbeitet-2048x1152.jpg 2048w, http:\/\/u-c-o.de\/wp-content\/uploads\/2020\/11\/IMG_20200913_123709990_bearbeitet-500x281.jpg 500w\" sizes=\"(max-width: 1024px) 100vw, 1024px\" \/><\/a><\/figure><\/li><\/ul><\/figure>\n","protected":false},"excerpt":{"rendered":"<p>Auf Grund der Corona-Pandemie musste die bekannte Reihe \u201eCars &amp; Coffee\u201c am Mercedes-Benz Museum in Stuttgart im Jahr 2020 zun\u00e4chst pausieren. Am 14. Juni 2020 fand unter Coronabedingungen gl\u00fccklicherweise wieder die erste Veranstaltung statt. In ungezwungener Runde k\u00f6nnen sich dort &hellip; <a href=\"http:\/\/u-c-o.de\/?page_id=1179\">Weiterlesen <span class=\"meta-nav\">&rarr;<\/span><\/a><\/p>\n","protected":false},"author":1,"featured_media":0,"parent":1177,"menu_order":0,"comment_status":"closed","ping_status":"closed","template":"","meta":[],"_links":{"self":[{"href":"http:\/\/u-c-o.de\/index.php?rest_route=\/wp\/v2\/pages\/1179"}],"collection":[{"href":"http:\/\/u-c-o.de\/index.php?rest_route=\/wp\/v2\/pages"}],"about":[{"href":"http:\/\/u-c-o.de\/index.php?rest_route=\/wp\/v2\/types\/page"}],"author":[{"embeddable":true,"href":"http:\/\/u-c-o.de\/index.php?rest_route=\/wp\/v2\/users\/1"}],"replies":[{"embeddable":true,"href":"http:\/\/u-c-o.de\/index.php?rest_route=%2Fwp%2Fv2%2Fcomments&post=1179"}],"version-history":[{"count":3,"href":"http:\/\/u-c-o.de\/index.php?rest_route=\/wp\/v2\/pages\/1179\/revisions"}],"predecessor-version":[{"id":1199,"href":"http:\/\/u-c-o.de\/index.php?rest_route=\/wp\/v2\/pages\/1179\/revisions\/1199"}],"up":[{"embeddable":true,"href":"http:\/\/u-c-o.de\/index.php?rest_route=\/wp\/v2\/pages\/1177"}],"wp:attachment":[{"href":"http:\/\/u-c-o.de\/index.php?rest_route=%2Fwp%2Fv2%2Fmedia&parent=1179"}],"curies":[{"name":"wp","href":"https:\/\/api.w.org\/{rel}","templated":true}]}}