{"id":11,"date":"2014-09-10T12:58:12","date_gmt":"2014-09-10T10:58:12","guid":{"rendered":"http:\/\/uco.club\/?page_id=11"},"modified":"2023-02-17T22:08:09","modified_gmt":"2023-02-17T21:08:09","slug":"galerie","status":"publish","type":"page","link":"http:\/\/u-c-o.de\/?page_id=11","title":{"rendered":"Galerie"},"content":{"rendered":"<p><a href=\"http:\/\/u-c-o.de\/?page_id=1586\">\u00dcbersicht 2023<\/a><\/p>\n<p><a href=\"http:\/\/u-c-o.de\/?page_id=1272\">\u00dcbersicht 2022<\/a><\/p>\n<p><a href=\"http:\/\/u-c-o.de\/?page_id=1220\">\u00dcbersicht 2021<\/a><\/p>\n<p><a href=\"http:\/\/u-c-o.de\/?page_id=1177\">\u00dcbersicht 2020<\/a><\/p>\n<p><a href=\"http:\/\/u-c-o.de\/?page_id=1000\">\u00dcbersicht 2019<\/a><\/p>\n<p><a href=\"http:\/\/u-c-o.de\/?page_id=861\">\u00dcbersicht 2018<\/a><\/p>\n<p><a href=\"http:\/\/u-c-o.de\/?page_id=623\">\u00dcbersicht 2017<\/a><\/p>\n<p><a href=\"http:\/\/u-c-o.de\/?page_id=566\">\u00dcbersicht 2016<\/a><\/p>\n<p><a href=\"http:\/\/u-c-o.de\/?page_id=568\">\u00dcbersicht 2015<\/a><\/p>\n","protected":false},"excerpt":{"rendered":"<p>\u00dcbersicht 2023 \u00dcbersicht 2022 \u00dcbersicht 2021 \u00dcbersicht 2020 \u00dcbersicht 2019 \u00dcbersicht 2018 \u00dcbersicht 2017 \u00dcbersicht 2016 \u00dcbersicht 2015<\/p>\n","protected":false},"author":1,"featured_media":0,"parent":0,"menu_order":4,"comment_status":"closed","ping_status":"closed","template":"","meta":[],"_links":{"self":[{"href":"http:\/\/u-c-o.de\/index.php?rest_route=\/wp\/v2\/pages\/11"}],"collection":[{"href":"http:\/\/u-c-o.de\/index.php?rest_route=\/wp\/v2\/pages"}],"about":[{"href":"http:\/\/u-c-o.de\/index.php?rest_route=\/wp\/v2\/types\/page"}],"author":[{"embeddable":true,"href":"http:\/\/u-c-o.de\/index.php?rest_route=\/wp\/v2\/users\/1"}],"replies":[{"embeddable":true,"href":"http:\/\/u-c-o.de\/index.php?rest_route=%2Fwp%2Fv2%2Fcomments&post=11"}],"version-history":[{"count":64,"href":"http:\/\/u-c-o.de\/index.php?rest_route=\/wp\/v2\/pages\/11\/revisions"}],"predecessor-version":[{"id":1591,"href":"http:\/\/u-c-o.de\/index.php?rest_route=\/wp\/v2\/pages\/11\/revisions\/1591"}],"wp:attachment":[{"href":"http:\/\/u-c-o.de\/index.php?rest_route=%2Fwp%2Fv2%2Fmedia&parent=11"}],"curies":[{"name":"wp","href":"https:\/\/api.w.org\/{rel}","templated":true}]}}