{"id":1088,"date":"2019-07-10T20:29:49","date_gmt":"2019-07-10T19:29:49","guid":{"rendered":"http:\/\/u-c-o.de\/?page_id=1088"},"modified":"2019-07-10T20:29:49","modified_gmt":"2019-07-10T19:29:49","slug":"fahrzeugschau-schwaebisch-gmuend-30-06-2019","status":"publish","type":"page","link":"http:\/\/u-c-o.de\/?page_id=1088","title":{"rendered":"Fahrzeugschau Schw\u00e4bisch Gm\u00fcnd 30.06.2019"},"content":{"rendered":"<p>An einem wahrlich hochsommerlichen Sonntag fand im Herzen von Schw\u00e4bisch Gm\u00fcnd eine Fahrzeugpr\u00e4sentation der besonderen Art statt: \u00dcber 50 Unimog und 10 MBtrac versammelten sich um kurz vor 10 Uhr zu einem Stelldichein in der Ledergasse. Offiziell begann die Veranstaltung mit einigen einleitenden Worten von Egon Spiller, der in seiner Rolle als langj\u00e4hriger Mitarbeiter der Fa. Erhard &amp; S\u00f6hne die Stadt Schw\u00e4bisch Gm\u00fcnd als &#8222;Geburtsort&#8220; des Unimog hervorhob. Auch nach der \u00dcbernahme der Unimogproduktion war Erhard &amp; S\u00f6hne langj\u00e4hriger Zulieferer f\u00fcr Blechteile von Daimler-Benz. So wurden in Schw\u00e4bisch Gm\u00fcnd u.a. die Hydraulik\u00f6ltanks aller MBtrac produziert. Der Oberb\u00fcrgermeister Richard Arnold lobte anschlie\u00dfend den Enthusiasmus der Unimogler und zeigte sich beeindruckt von der gro\u00dfen Zahl der Fahrzeuge, die der Unimog-Club Ostalb e.V. und der Unimog-Club Gaggenau (Regionalgruppe G\u00f6ppingen-Stauferland) mobilisieren konnte. Als besonderes Highlight stellte der UCO den &#8222;Scheunenfund&#8220; des ersten Vorsitzenden Hans Maile auf einem Anh\u00e4nger aus und am UCO-Clubshop gab es f\u00fcr Kinder ein Gl\u00fccksrad, bei dem tolle Preise zu gewinnen waren. Gegen Ende der Veranstaltung gab es noch zur Abk\u00fchlung eine 400l Wasserdusche aus dem Wasserwerfer eines Feuerwehrunimog.<\/p>\n\n\t\t<style type=\"text\/css\">\n\t\t\t#gallery-1 {\n\t\t\t\tmargin: auto;\n\t\t\t}\n\t\t\t#gallery-1 .gallery-item {\n\t\t\t\tfloat: left;\n\t\t\t\tmargin-top: 10px;\n\t\t\t\ttext-align: center;\n\t\t\t\twidth: 25%;\n\t\t\t}\n\t\t\t#gallery-1 img {\n\t\t\t\tborder: 2px solid #cfcfcf;\n\t\t\t}\n\t\t\t#gallery-1 .gallery-caption {\n\t\t\t\tmargin-left: 0;\n\t\t\t}\n\t\t\t\/* see gallery_shortcode() in wp-includes\/media.php *\/\n\t\t<\/style>\n\t\t<div id='gallery-1' class='gallery galleryid-1088 gallery-columns-4 gallery-size-thumbnail'><dl class='gallery-item'>\n\t\t\t<dt class='gallery-icon landscape'>\n\t\t\t\t<a href='http:\/\/u-c-o.de\/?attachment_id=1074'><img width=\"150\" height=\"150\" src=\"http:\/\/u-c-o.de\/wp-content\/uploads\/2019\/07\/2019-06_Fahrzeugschau-01-150x150.jpg\" class=\"attachment-thumbnail size-thumbnail\" alt=\"\" loading=\"lazy\" \/><\/a>\n\t\t\t<\/dt><\/dl><dl class='gallery-item'>\n\t\t\t<dt class='gallery-icon landscape'>\n\t\t\t\t<a href='http:\/\/u-c-o.de\/?attachment_id=1075'><img width=\"150\" height=\"150\" src=\"http:\/\/u-c-o.de\/wp-content\/uploads\/2019\/07\/2019-06_Fahrzeugschau-02-150x150.jpg\" class=\"attachment-thumbnail size-thumbnail\" alt=\"\" loading=\"lazy\" \/><\/a>\n\t\t\t<\/dt><\/dl><dl class='gallery-item'>\n\t\t\t<dt class='gallery-icon landscape'>\n\t\t\t\t<a href='http:\/\/u-c-o.de\/?attachment_id=1076'><img width=\"150\" height=\"150\" src=\"http:\/\/u-c-o.de\/wp-content\/uploads\/2019\/07\/2019-06_Fahrzeugschau-03-150x150.jpg\" class=\"attachment-thumbnail size-thumbnail\" alt=\"\" loading=\"lazy\" \/><\/a>\n\t\t\t<\/dt><\/dl><dl class='gallery-item'>\n\t\t\t<dt class='gallery-icon landscape'>\n\t\t\t\t<a href='http:\/\/u-c-o.de\/?attachment_id=1077'><img width=\"150\" height=\"150\" src=\"http:\/\/u-c-o.de\/wp-content\/uploads\/2019\/07\/2019-06_Fahrzeugschau-04-150x150.jpg\" class=\"attachment-thumbnail size-thumbnail\" alt=\"\" loading=\"lazy\" \/><\/a>\n\t\t\t<\/dt><\/dl><br style=\"clear: both\" \/><dl class='gallery-item'>\n\t\t\t<dt class='gallery-icon landscape'>\n\t\t\t\t<a href='http:\/\/u-c-o.de\/?attachment_id=1078'><img width=\"150\" height=\"150\" src=\"http:\/\/u-c-o.de\/wp-content\/uploads\/2019\/07\/2019-06_Fahrzeugschau-05-150x150.jpg\" class=\"attachment-thumbnail size-thumbnail\" alt=\"\" loading=\"lazy\" \/><\/a>\n\t\t\t<\/dt><\/dl><dl class='gallery-item'>\n\t\t\t<dt class='gallery-icon landscape'>\n\t\t\t\t<a href='http:\/\/u-c-o.de\/?attachment_id=1079'><img width=\"150\" height=\"150\" src=\"http:\/\/u-c-o.de\/wp-content\/uploads\/2019\/07\/2019-06_Fahrzeugschau-06-150x150.jpg\" class=\"attachment-thumbnail size-thumbnail\" alt=\"\" loading=\"lazy\" \/><\/a>\n\t\t\t<\/dt><\/dl><dl class='gallery-item'>\n\t\t\t<dt class='gallery-icon landscape'>\n\t\t\t\t<a href='http:\/\/u-c-o.de\/?attachment_id=1080'><img width=\"150\" height=\"150\" src=\"http:\/\/u-c-o.de\/wp-content\/uploads\/2019\/07\/2019-06_Fahrzeugschau-07-150x150.jpg\" class=\"attachment-thumbnail size-thumbnail\" alt=\"\" loading=\"lazy\" \/><\/a>\n\t\t\t<\/dt><\/dl><dl class='gallery-item'>\n\t\t\t<dt class='gallery-icon landscape'>\n\t\t\t\t<a href='http:\/\/u-c-o.de\/?attachment_id=1081'><img width=\"150\" height=\"150\" src=\"http:\/\/u-c-o.de\/wp-content\/uploads\/2019\/07\/2019-06_Fahrzeugschau-08-150x150.jpg\" class=\"attachment-thumbnail size-thumbnail\" alt=\"\" loading=\"lazy\" \/><\/a>\n\t\t\t<\/dt><\/dl><br style=\"clear: both\" \/><dl class='gallery-item'>\n\t\t\t<dt class='gallery-icon landscape'>\n\t\t\t\t<a href='http:\/\/u-c-o.de\/?attachment_id=1082'><img width=\"150\" height=\"150\" src=\"http:\/\/u-c-o.de\/wp-content\/uploads\/2019\/07\/2019-06_Fahrzeugschau-09-150x150.jpg\" class=\"attachment-thumbnail size-thumbnail\" alt=\"\" loading=\"lazy\" \/><\/a>\n\t\t\t<\/dt><\/dl><dl class='gallery-item'>\n\t\t\t<dt class='gallery-icon landscape'>\n\t\t\t\t<a href='http:\/\/u-c-o.de\/?attachment_id=1083'><img width=\"150\" height=\"150\" src=\"http:\/\/u-c-o.de\/wp-content\/uploads\/2019\/07\/2019-06_Fahrzeugschau-10-150x150.jpg\" class=\"attachment-thumbnail size-thumbnail\" alt=\"\" loading=\"lazy\" \/><\/a>\n\t\t\t<\/dt><\/dl><dl class='gallery-item'>\n\t\t\t<dt class='gallery-icon landscape'>\n\t\t\t\t<a href='http:\/\/u-c-o.de\/?attachment_id=1084'><img width=\"150\" height=\"150\" src=\"http:\/\/u-c-o.de\/wp-content\/uploads\/2019\/07\/2019-06_Fahrzeugschau-11-150x150.jpg\" class=\"attachment-thumbnail size-thumbnail\" alt=\"\" loading=\"lazy\" \/><\/a>\n\t\t\t<\/dt><\/dl><dl class='gallery-item'>\n\t\t\t<dt class='gallery-icon portrait'>\n\t\t\t\t<a href='http:\/\/u-c-o.de\/?attachment_id=1085'><img width=\"150\" height=\"150\" src=\"http:\/\/u-c-o.de\/wp-content\/uploads\/2019\/07\/2019-06_Fahrzeugschau-12-150x150.jpg\" class=\"attachment-thumbnail size-thumbnail\" alt=\"\" loading=\"lazy\" \/><\/a>\n\t\t\t<\/dt><\/dl><br style=\"clear: both\" \/><dl class='gallery-item'>\n\t\t\t<dt class='gallery-icon landscape'>\n\t\t\t\t<a href='http:\/\/u-c-o.de\/?attachment_id=1086'><img width=\"150\" height=\"150\" src=\"http:\/\/u-c-o.de\/wp-content\/uploads\/2019\/07\/2019-06_Fahrzeugschau-13-150x150.jpg\" class=\"attachment-thumbnail size-thumbnail\" alt=\"\" loading=\"lazy\" \/><\/a>\n\t\t\t<\/dt><\/dl>\n\t\t\t<br style='clear: both' \/>\n\t\t<\/div>\n\n","protected":false},"excerpt":{"rendered":"<p>An einem wahrlich hochsommerlichen Sonntag fand im Herzen von Schw\u00e4bisch Gm\u00fcnd eine Fahrzeugpr\u00e4sentation der besonderen Art statt: \u00dcber 50 Unimog und 10 MBtrac versammelten sich um kurz vor 10 Uhr zu einem Stelldichein in der Ledergasse. Offiziell begann die Veranstaltung &hellip; <a href=\"http:\/\/u-c-o.de\/?page_id=1088\">Weiterlesen <span class=\"meta-nav\">&rarr;<\/span><\/a><\/p>\n","protected":false},"author":1,"featured_media":0,"parent":1000,"menu_order":5,"comment_status":"closed","ping_status":"closed","template":"","meta":[],"_links":{"self":[{"href":"http:\/\/u-c-o.de\/index.php?rest_route=\/wp\/v2\/pages\/1088"}],"collection":[{"href":"http:\/\/u-c-o.de\/index.php?rest_route=\/wp\/v2\/pages"}],"about":[{"href":"http:\/\/u-c-o.de\/index.php?rest_route=\/wp\/v2\/types\/page"}],"author":[{"embeddable":true,"href":"http:\/\/u-c-o.de\/index.php?rest_route=\/wp\/v2\/users\/1"}],"replies":[{"embeddable":true,"href":"http:\/\/u-c-o.de\/index.php?rest_route=%2Fwp%2Fv2%2Fcomments&post=1088"}],"version-history":[{"count":1,"href":"http:\/\/u-c-o.de\/index.php?rest_route=\/wp\/v2\/pages\/1088\/revisions"}],"predecessor-version":[{"id":1089,"href":"http:\/\/u-c-o.de\/index.php?rest_route=\/wp\/v2\/pages\/1088\/revisions\/1089"}],"up":[{"embeddable":true,"href":"http:\/\/u-c-o.de\/index.php?rest_route=\/wp\/v2\/pages\/1000"}],"wp:attachment":[{"href":"http:\/\/u-c-o.de\/index.php?rest_route=%2Fwp%2Fv2%2Fmedia&parent=1088"}],"curies":[{"name":"wp","href":"https:\/\/api.w.org\/{rel}","templated":true}]}}