{"id":1042,"date":"2019-04-19T00:05:01","date_gmt":"2019-04-18T23:05:01","guid":{"rendered":"http:\/\/u-c-o.de\/?page_id=1042"},"modified":"2019-04-19T00:05:01","modified_gmt":"2019-04-18T23:05:01","slug":"fruehjahrstreffen-ruppertshofen-07-04-2019","status":"publish","type":"page","link":"http:\/\/u-c-o.de\/?page_id=1042","title":{"rendered":"Fr\u00fchjahrstreffen Ruppertshofen 07.04.2019"},"content":{"rendered":"<p>Bei sch\u00f6nem Fr\u00fchlingswetter haben sich auf der gro\u00dfen Wiese gegen\u00fcber dem \u201eUrsprung\u201c -dem Hofgel\u00e4nde von Reiner Kunz &#8211; \u00fcber 50 Unimog und MBtrac sowie weitere Oldtimerfahrzeuge eingefunden. Diese haben sich rings um den abgesteckten Parcours platziert, in dem mittels ausgehobenen L\u00f6chern und Erdh\u00fcgeln eine Vorf\u00fchrstrecke gestaltet wurde. Direkt daneben hatte Reiner Kunz seine ganze Fahrzeugflotte und zus\u00e4tzlich einige Vorf\u00fchrfahrzeuge aufgereiht. Anlass f\u00fcr den Tag der offenen T\u00fcr war das 30-j\u00e4hrige Firmenjubil\u00e4um von \u201eReiner Kunz Landtechnik\u201c. Auf dem weitl\u00e4ufigen Gel\u00e4nde gab es einiges zu entdecken: Eine Motors\u00e4gen-K\u00fcnstlerin hatte ihre Exponate ausgestellt, die Brennholzaufbereitung wurde mittels einer historischen Bands\u00e4ge vorgef\u00fchrt, die Kinder konnten sich auf einem gro\u00dfen Sandhaufen austoben, beim Bullriding konnte man seine Sattelfestigkeit unter Beweis stellen und im Helikopter konnte man sich das Ganze von oben betrachten. Eine weitere Attraktion war die Mitfahrgelegenheit im Unimog, die vom UCO angeboten wurde. Das Spendengeld, das dabei eingefahren wurde, geht im Rahmen der \u201eTour Ginkgo\u201c an den Bunten Kreis Schw\u00e4bisch Gm\u00fcnd.<\/p>\n\n\t\t<style type=\"text\/css\">\n\t\t\t#gallery-1 {\n\t\t\t\tmargin: auto;\n\t\t\t}\n\t\t\t#gallery-1 .gallery-item {\n\t\t\t\tfloat: left;\n\t\t\t\tmargin-top: 10px;\n\t\t\t\ttext-align: center;\n\t\t\t\twidth: 25%;\n\t\t\t}\n\t\t\t#gallery-1 img {\n\t\t\t\tborder: 2px solid #cfcfcf;\n\t\t\t}\n\t\t\t#gallery-1 .gallery-caption {\n\t\t\t\tmargin-left: 0;\n\t\t\t}\n\t\t\t\/* see gallery_shortcode() in wp-includes\/media.php *\/\n\t\t<\/style>\n\t\t<div id='gallery-1' class='gallery galleryid-1042 gallery-columns-4 gallery-size-thumbnail'><dl class='gallery-item'>\n\t\t\t<dt class='gallery-icon landscape'>\n\t\t\t\t<a href='http:\/\/u-c-o.de\/?attachment_id=1044'><img width=\"150\" height=\"150\" src=\"http:\/\/u-c-o.de\/wp-content\/uploads\/2019\/04\/2019-04-Fr\u00fchjahrstreffen-02-150x150.jpg\" class=\"attachment-thumbnail size-thumbnail\" alt=\"\" loading=\"lazy\" \/><\/a>\n\t\t\t<\/dt><\/dl><dl class='gallery-item'>\n\t\t\t<dt class='gallery-icon landscape'>\n\t\t\t\t<a href='http:\/\/u-c-o.de\/?attachment_id=1045'><img width=\"150\" height=\"150\" src=\"http:\/\/u-c-o.de\/wp-content\/uploads\/2019\/04\/2019-04-Fr\u00fchjahrstreffen-03-150x150.jpg\" class=\"attachment-thumbnail size-thumbnail\" alt=\"\" loading=\"lazy\" \/><\/a>\n\t\t\t<\/dt><\/dl><dl class='gallery-item'>\n\t\t\t<dt class='gallery-icon landscape'>\n\t\t\t\t<a href='http:\/\/u-c-o.de\/?attachment_id=1046'><img width=\"150\" height=\"150\" src=\"http:\/\/u-c-o.de\/wp-content\/uploads\/2019\/04\/2019-04-Fr\u00fchjahrstreffen-04-150x150.jpg\" class=\"attachment-thumbnail size-thumbnail\" alt=\"\" loading=\"lazy\" \/><\/a>\n\t\t\t<\/dt><\/dl><dl class='gallery-item'>\n\t\t\t<dt class='gallery-icon landscape'>\n\t\t\t\t<a href='http:\/\/u-c-o.de\/?attachment_id=1047'><img width=\"150\" height=\"150\" src=\"http:\/\/u-c-o.de\/wp-content\/uploads\/2019\/04\/2019-04-Fr\u00fchjahrstreffen-05-150x150.jpg\" class=\"attachment-thumbnail size-thumbnail\" alt=\"\" loading=\"lazy\" \/><\/a>\n\t\t\t<\/dt><\/dl><br style=\"clear: both\" \/><dl class='gallery-item'>\n\t\t\t<dt class='gallery-icon landscape'>\n\t\t\t\t<a href='http:\/\/u-c-o.de\/?attachment_id=1048'><img width=\"150\" height=\"150\" src=\"http:\/\/u-c-o.de\/wp-content\/uploads\/2019\/04\/2019-04-Fr\u00fchjahrstreffen-06-150x150.jpg\" class=\"attachment-thumbnail size-thumbnail\" alt=\"\" loading=\"lazy\" \/><\/a>\n\t\t\t<\/dt><\/dl><dl class='gallery-item'>\n\t\t\t<dt class='gallery-icon landscape'>\n\t\t\t\t<a href='http:\/\/u-c-o.de\/?attachment_id=1049'><img width=\"150\" height=\"150\" src=\"http:\/\/u-c-o.de\/wp-content\/uploads\/2019\/04\/2019-04-Fr\u00fchjahrstreffen-07-150x150.jpg\" class=\"attachment-thumbnail size-thumbnail\" alt=\"\" loading=\"lazy\" \/><\/a>\n\t\t\t<\/dt><\/dl><dl class='gallery-item'>\n\t\t\t<dt class='gallery-icon portrait'>\n\t\t\t\t<a href='http:\/\/u-c-o.de\/?attachment_id=1050'><img width=\"150\" height=\"150\" src=\"http:\/\/u-c-o.de\/wp-content\/uploads\/2019\/04\/2019-04-Fr\u00fchjahrstreffen-08-e1555628642561-150x150.jpg\" class=\"attachment-thumbnail size-thumbnail\" alt=\"\" loading=\"lazy\" \/><\/a>\n\t\t\t<\/dt><\/dl><dl class='gallery-item'>\n\t\t\t<dt class='gallery-icon landscape'>\n\t\t\t\t<a href='http:\/\/u-c-o.de\/?attachment_id=1051'><img width=\"150\" height=\"150\" src=\"http:\/\/u-c-o.de\/wp-content\/uploads\/2019\/04\/2019-04-Fr\u00fchjahrstreffen-09-150x150.jpg\" class=\"attachment-thumbnail size-thumbnail\" alt=\"\" loading=\"lazy\" \/><\/a>\n\t\t\t<\/dt><\/dl><br style=\"clear: both\" \/><dl class='gallery-item'>\n\t\t\t<dt class='gallery-icon landscape'>\n\t\t\t\t<a href='http:\/\/u-c-o.de\/?attachment_id=1052'><img width=\"150\" height=\"150\" src=\"http:\/\/u-c-o.de\/wp-content\/uploads\/2019\/04\/2019-04-Fr\u00fchjahrstreffen-10-150x150.jpg\" class=\"attachment-thumbnail size-thumbnail\" alt=\"\" loading=\"lazy\" \/><\/a>\n\t\t\t<\/dt><\/dl><dl class='gallery-item'>\n\t\t\t<dt class='gallery-icon landscape'>\n\t\t\t\t<a href='http:\/\/u-c-o.de\/?attachment_id=1053'><img width=\"150\" height=\"150\" src=\"http:\/\/u-c-o.de\/wp-content\/uploads\/2019\/04\/2019-04-Fr\u00fchjahrstreffen-11-150x150.jpg\" class=\"attachment-thumbnail size-thumbnail\" alt=\"\" loading=\"lazy\" \/><\/a>\n\t\t\t<\/dt><\/dl><dl class='gallery-item'>\n\t\t\t<dt class='gallery-icon landscape'>\n\t\t\t\t<a href='http:\/\/u-c-o.de\/?attachment_id=1054'><img width=\"150\" height=\"150\" src=\"http:\/\/u-c-o.de\/wp-content\/uploads\/2019\/04\/2019-04-Fr\u00fchjahrstreffen-12-150x150.jpg\" class=\"attachment-thumbnail size-thumbnail\" alt=\"\" loading=\"lazy\" \/><\/a>\n\t\t\t<\/dt><\/dl><dl class='gallery-item'>\n\t\t\t<dt class='gallery-icon portrait'>\n\t\t\t\t<a href='http:\/\/u-c-o.de\/?attachment_id=1055'><img width=\"150\" height=\"150\" src=\"http:\/\/u-c-o.de\/wp-content\/uploads\/2019\/04\/2019-04-Fr\u00fchjahrstreffen-13-e1555628659715-150x150.jpg\" class=\"attachment-thumbnail size-thumbnail\" alt=\"\" loading=\"lazy\" \/><\/a>\n\t\t\t<\/dt><\/dl><br style=\"clear: both\" \/><dl class='gallery-item'>\n\t\t\t<dt class='gallery-icon portrait'>\n\t\t\t\t<a href='http:\/\/u-c-o.de\/?attachment_id=1043'><img width=\"150\" height=\"150\" src=\"http:\/\/u-c-o.de\/wp-content\/uploads\/2019\/04\/2019-04-Fr\u00fchjahrstreffen-01-e1555628629564-150x150.jpg\" class=\"attachment-thumbnail size-thumbnail\" alt=\"\" loading=\"lazy\" \/><\/a>\n\t\t\t<\/dt><\/dl>\n\t\t\t<br style='clear: both' \/>\n\t\t<\/div>\n\n","protected":false},"excerpt":{"rendered":"<p>Bei sch\u00f6nem Fr\u00fchlingswetter haben sich auf der gro\u00dfen Wiese gegen\u00fcber dem \u201eUrsprung\u201c -dem Hofgel\u00e4nde von Reiner Kunz &#8211; \u00fcber 50 Unimog und MBtrac sowie weitere Oldtimerfahrzeuge eingefunden. Diese haben sich rings um den abgesteckten Parcours platziert, in dem mittels ausgehobenen &hellip; <a href=\"http:\/\/u-c-o.de\/?page_id=1042\">Weiterlesen <span class=\"meta-nav\">&rarr;<\/span><\/a><\/p>\n","protected":false},"author":1,"featured_media":0,"parent":1000,"menu_order":3,"comment_status":"closed","ping_status":"closed","template":"","meta":[],"_links":{"self":[{"href":"http:\/\/u-c-o.de\/index.php?rest_route=\/wp\/v2\/pages\/1042"}],"collection":[{"href":"http:\/\/u-c-o.de\/index.php?rest_route=\/wp\/v2\/pages"}],"about":[{"href":"http:\/\/u-c-o.de\/index.php?rest_route=\/wp\/v2\/types\/page"}],"author":[{"embeddable":true,"href":"http:\/\/u-c-o.de\/index.php?rest_route=\/wp\/v2\/users\/1"}],"replies":[{"embeddable":true,"href":"http:\/\/u-c-o.de\/index.php?rest_route=%2Fwp%2Fv2%2Fcomments&post=1042"}],"version-history":[{"count":1,"href":"http:\/\/u-c-o.de\/index.php?rest_route=\/wp\/v2\/pages\/1042\/revisions"}],"predecessor-version":[{"id":1056,"href":"http:\/\/u-c-o.de\/index.php?rest_route=\/wp\/v2\/pages\/1042\/revisions\/1056"}],"up":[{"embeddable":true,"href":"http:\/\/u-c-o.de\/index.php?rest_route=\/wp\/v2\/pages\/1000"}],"wp:attachment":[{"href":"http:\/\/u-c-o.de\/index.php?rest_route=%2Fwp%2Fv2%2Fmedia&parent=1042"}],"curies":[{"name":"wp","href":"https:\/\/api.w.org\/{rel}","templated":true}]}}