{"id":1025,"date":"2019-04-12T22:41:38","date_gmt":"2019-04-12T21:41:38","guid":{"rendered":"http:\/\/u-c-o.de\/?page_id=1025"},"modified":"2019-04-12T22:43:19","modified_gmt":"2019-04-12T21:43:19","slug":"jahreshauptversammlung","status":"publish","type":"page","link":"http:\/\/u-c-o.de\/?page_id=1025","title":{"rendered":"Jahreshauptversammlung"},"content":{"rendered":"<p>Am Freitag den 8. Februar fand die diesj\u00e4hrige Jahreshauptversammlung in Aalen statt.<\/p>\n<p>Nach der Begr\u00fc\u00dfung der Mitglieder wurde rasch zur Tagesordnung \u00fcbergegangen. Nachdem die beiden Vorst\u00e4nde einen R\u00fcckblick auf das vergangene Jahr gegeben hatten wurde die Sitzung f\u00fcr das Abendessen unterbrochen. Im Anschluss folgten die Berichte des Kassierers sowie der Kassenpr\u00fcfer. Auch in diesem Jahr gab es wieder einige Ehrungen f\u00fcr 10-, 20-, sowie 25-j\u00e4hrige Mitgliedschaft. Es folgten noch die Wahl des 2. Vorsitzenden sowie des Kassierers. Durch die Einf\u00fchrung der DS-GVO war eine Abstimmung zur Satzungs\u00e4nderung erforderlich, welche einstimmig von den anwesenden Mitgliedern angenommen wurde.<\/p>\n\n\t\t<style type=\"text\/css\">\n\t\t\t#gallery-1 {\n\t\t\t\tmargin: auto;\n\t\t\t}\n\t\t\t#gallery-1 .gallery-item {\n\t\t\t\tfloat: left;\n\t\t\t\tmargin-top: 10px;\n\t\t\t\ttext-align: center;\n\t\t\t\twidth: 33%;\n\t\t\t}\n\t\t\t#gallery-1 img {\n\t\t\t\tborder: 2px solid #cfcfcf;\n\t\t\t}\n\t\t\t#gallery-1 .gallery-caption {\n\t\t\t\tmargin-left: 0;\n\t\t\t}\n\t\t\t\/* see gallery_shortcode() in wp-includes\/media.php *\/\n\t\t<\/style>\n\t\t<div id='gallery-1' class='gallery galleryid-1025 gallery-columns-3 gallery-size-thumbnail'><dl class='gallery-item'>\n\t\t\t<dt class='gallery-icon landscape'>\n\t\t\t\t<a href='http:\/\/u-c-o.de\/?attachment_id=1026'><img width=\"150\" height=\"150\" src=\"http:\/\/u-c-o.de\/wp-content\/uploads\/2019\/04\/2019-02-JHV-01-e1555105213792-150x150.jpg\" class=\"attachment-thumbnail size-thumbnail\" alt=\"\" loading=\"lazy\" \/><\/a>\n\t\t\t<\/dt><\/dl><dl class='gallery-item'>\n\t\t\t<dt class='gallery-icon landscape'>\n\t\t\t\t<a href='http:\/\/u-c-o.de\/?attachment_id=1027'><img width=\"150\" height=\"150\" src=\"http:\/\/u-c-o.de\/wp-content\/uploads\/2019\/04\/2019-02-JHV-02-e1555105223594-150x150.jpg\" class=\"attachment-thumbnail size-thumbnail\" alt=\"\" loading=\"lazy\" \/><\/a>\n\t\t\t<\/dt><\/dl><dl class='gallery-item'>\n\t\t\t<dt class='gallery-icon landscape'>\n\t\t\t\t<a href='http:\/\/u-c-o.de\/?attachment_id=1028'><img width=\"150\" height=\"150\" src=\"http:\/\/u-c-o.de\/wp-content\/uploads\/2019\/04\/2019-02-JHV-03-e1555105232541-150x150.jpg\" class=\"attachment-thumbnail size-thumbnail\" alt=\"\" loading=\"lazy\" \/><\/a>\n\t\t\t<\/dt><\/dl><br style=\"clear: both\" \/><dl class='gallery-item'>\n\t\t\t<dt class='gallery-icon landscape'>\n\t\t\t\t<a href='http:\/\/u-c-o.de\/?attachment_id=1029'><img width=\"150\" height=\"150\" src=\"http:\/\/u-c-o.de\/wp-content\/uploads\/2019\/04\/2019-02-JHV-04-e1555105248292-150x150.jpg\" class=\"attachment-thumbnail size-thumbnail\" alt=\"\" loading=\"lazy\" \/><\/a>\n\t\t\t<\/dt><\/dl><dl class='gallery-item'>\n\t\t\t<dt class='gallery-icon landscape'>\n\t\t\t\t<a href='http:\/\/u-c-o.de\/?attachment_id=1030'><img width=\"150\" height=\"150\" src=\"http:\/\/u-c-o.de\/wp-content\/uploads\/2019\/04\/2019-02-JHV-05-e1555105257300-150x150.jpg\" class=\"attachment-thumbnail size-thumbnail\" alt=\"\" loading=\"lazy\" \/><\/a>\n\t\t\t<\/dt><\/dl><dl class='gallery-item'>\n\t\t\t<dt class='gallery-icon landscape'>\n\t\t\t\t<a href='http:\/\/u-c-o.de\/?attachment_id=1031'><img width=\"150\" height=\"150\" src=\"http:\/\/u-c-o.de\/wp-content\/uploads\/2019\/04\/2019-02-JHV-06-e1555105267972-150x150.jpg\" class=\"attachment-thumbnail size-thumbnail\" alt=\"\" loading=\"lazy\" \/><\/a>\n\t\t\t<\/dt><\/dl><br style=\"clear: both\" \/><dl class='gallery-item'>\n\t\t\t<dt class='gallery-icon landscape'>\n\t\t\t\t<a href='http:\/\/u-c-o.de\/?attachment_id=1032'><img width=\"150\" height=\"150\" src=\"http:\/\/u-c-o.de\/wp-content\/uploads\/2019\/04\/2019-02-JHV-07-e1555105279195-150x150.jpg\" class=\"attachment-thumbnail size-thumbnail\" alt=\"\" loading=\"lazy\" \/><\/a>\n\t\t\t<\/dt><\/dl>\n\t\t\t<br style='clear: both' \/>\n\t\t<\/div>\n\n<p>&nbsp;<\/p>\n","protected":false},"excerpt":{"rendered":"<p>Am Freitag den 8. Februar fand die diesj\u00e4hrige Jahreshauptversammlung in Aalen statt. Nach der Begr\u00fc\u00dfung der Mitglieder wurde rasch zur Tagesordnung \u00fcbergegangen. Nachdem die beiden Vorst\u00e4nde einen R\u00fcckblick auf das vergangene Jahr gegeben hatten wurde die Sitzung f\u00fcr das Abendessen &hellip; <a href=\"http:\/\/u-c-o.de\/?page_id=1025\">Weiterlesen <span class=\"meta-nav\">&rarr;<\/span><\/a><\/p>\n","protected":false},"author":1,"featured_media":0,"parent":1000,"menu_order":0,"comment_status":"closed","ping_status":"closed","template":"","meta":[],"_links":{"self":[{"href":"http:\/\/u-c-o.de\/index.php?rest_route=\/wp\/v2\/pages\/1025"}],"collection":[{"href":"http:\/\/u-c-o.de\/index.php?rest_route=\/wp\/v2\/pages"}],"about":[{"href":"http:\/\/u-c-o.de\/index.php?rest_route=\/wp\/v2\/types\/page"}],"author":[{"embeddable":true,"href":"http:\/\/u-c-o.de\/index.php?rest_route=\/wp\/v2\/users\/1"}],"replies":[{"embeddable":true,"href":"http:\/\/u-c-o.de\/index.php?rest_route=%2Fwp%2Fv2%2Fcomments&post=1025"}],"version-history":[{"count":2,"href":"http:\/\/u-c-o.de\/index.php?rest_route=\/wp\/v2\/pages\/1025\/revisions"}],"predecessor-version":[{"id":1035,"href":"http:\/\/u-c-o.de\/index.php?rest_route=\/wp\/v2\/pages\/1025\/revisions\/1035"}],"up":[{"embeddable":true,"href":"http:\/\/u-c-o.de\/index.php?rest_route=\/wp\/v2\/pages\/1000"}],"wp:attachment":[{"href":"http:\/\/u-c-o.de\/index.php?rest_route=%2Fwp%2Fv2%2Fmedia&parent=1025"}],"curies":[{"name":"wp","href":"https:\/\/api.w.org\/{rel}","templated":true}]}}