{"id":1003,"date":"2019-04-12T22:08:35","date_gmt":"2019-04-12T21:08:35","guid":{"rendered":"http:\/\/u-c-o.de\/?page_id=1003"},"modified":"2019-04-12T22:09:06","modified_gmt":"2019-04-12T21:09:06","slug":"vortragsabend","status":"publish","type":"page","link":"http:\/\/u-c-o.de\/?page_id=1003","title":{"rendered":"Vortragsabend"},"content":{"rendered":"<p><strong>Nachlese: Vortragsabend des Unimog-Club Ostalb e.V.<\/strong><\/p>\n<p>Am 08. M\u00e4rz fand unser diesj\u00e4hriger Vortragsabend statt.<br \/>\nRobin St\u00fctz und seine Schwester Jenny sind als \u201eRallye Team Highland Power 4&#215;4\u201c mit einem Mercedes ML bei der \u201eEuropean Mountain Summit\u201c mitgefahren. Sie haben die Zuh\u00f6rer bei ihrem Vortrag mit auf ihre abenteuerliche Fahrt zugunsten eines guten Zwecks mitgenommen. Hierbei haben Sie ihre beeindruckenden Bilder kurzweilig kommentiert und dabei auf humorvolle Weise einige Anekdoten zum Besten gegeben.<\/p>\n\n\t\t<style type=\"text\/css\">\n\t\t\t#gallery-1 {\n\t\t\t\tmargin: auto;\n\t\t\t}\n\t\t\t#gallery-1 .gallery-item {\n\t\t\t\tfloat: left;\n\t\t\t\tmargin-top: 10px;\n\t\t\t\ttext-align: center;\n\t\t\t\twidth: 50%;\n\t\t\t}\n\t\t\t#gallery-1 img {\n\t\t\t\tborder: 2px solid #cfcfcf;\n\t\t\t}\n\t\t\t#gallery-1 .gallery-caption {\n\t\t\t\tmargin-left: 0;\n\t\t\t}\n\t\t\t\/* see gallery_shortcode() in wp-includes\/media.php *\/\n\t\t<\/style>\n\t\t<div id='gallery-1' class='gallery galleryid-1003 gallery-columns-2 gallery-size-thumbnail'><dl class='gallery-item'>\n\t\t\t<dt class='gallery-icon landscape'>\n\t\t\t\t<a href='http:\/\/u-c-o.de\/?attachment_id=1008'><img width=\"150\" height=\"150\" src=\"http:\/\/u-c-o.de\/wp-content\/uploads\/2019\/04\/2019-03-Vortragsabend-01-150x150.jpg\" class=\"attachment-thumbnail size-thumbnail\" alt=\"\" loading=\"lazy\" \/><\/a>\n\t\t\t<\/dt><\/dl><dl class='gallery-item'>\n\t\t\t<dt class='gallery-icon landscape'>\n\t\t\t\t<a href='http:\/\/u-c-o.de\/?attachment_id=1009'><img width=\"150\" height=\"150\" src=\"http:\/\/u-c-o.de\/wp-content\/uploads\/2019\/04\/2019-03-Vortragsabend-02-150x150.jpg\" class=\"attachment-thumbnail size-thumbnail\" alt=\"\" loading=\"lazy\" \/><\/a>\n\t\t\t<\/dt><\/dl><br style=\"clear: both\" \/><dl class='gallery-item'>\n\t\t\t<dt class='gallery-icon landscape'>\n\t\t\t\t<a href='http:\/\/u-c-o.de\/?attachment_id=1010'><img width=\"150\" height=\"150\" src=\"http:\/\/u-c-o.de\/wp-content\/uploads\/2019\/04\/2019-03-Vortragsabend-03-150x150.jpg\" class=\"attachment-thumbnail size-thumbnail\" alt=\"\" loading=\"lazy\" \/><\/a>\n\t\t\t<\/dt><\/dl><dl class='gallery-item'>\n\t\t\t<dt class='gallery-icon landscape'>\n\t\t\t\t<a href='http:\/\/u-c-o.de\/?attachment_id=1011'><img width=\"150\" height=\"150\" src=\"http:\/\/u-c-o.de\/wp-content\/uploads\/2019\/04\/2019-03-Vortragsabend-04-150x150.jpg\" class=\"attachment-thumbnail size-thumbnail\" alt=\"\" loading=\"lazy\" \/><\/a>\n\t\t\t<\/dt><\/dl><br style=\"clear: both\" \/>\n\t\t<\/div>\n\n<p>Dabei ging es vom Chiemgau \u00fcber \u00d6sterreich nach S\u00fcdtirol, durch St. Moritz in der Schweiz und \u00fcber die franz\u00f6sischen Alpen nach Monaco bis nach St. Tropez an der der C\u00f4te d\u2019Azur, wo der Zieleinlauf war. Sie haben dabei in vier Tagen in sechs L\u00e4ndern etwa 1600 km zur\u00fcckgelegt, wobei keine modernen Navigationsger\u00e4te und Autobahnen benutzt werden durften.<\/p>\n<p>Danke an die beiden f\u00fcr den gelungenen Vortragsabend.<\/p>\n","protected":false},"excerpt":{"rendered":"<p>Nachlese: Vortragsabend des Unimog-Club Ostalb e.V. Am 08. M\u00e4rz fand unser diesj\u00e4hriger Vortragsabend statt. Robin St\u00fctz und seine Schwester Jenny sind als \u201eRallye Team Highland Power 4&#215;4\u201c mit einem Mercedes ML bei der \u201eEuropean Mountain Summit\u201c mitgefahren. Sie haben die &hellip; <a href=\"http:\/\/u-c-o.de\/?page_id=1003\">Weiterlesen <span class=\"meta-nav\">&rarr;<\/span><\/a><\/p>\n","protected":false},"author":1,"featured_media":0,"parent":1000,"menu_order":1,"comment_status":"closed","ping_status":"closed","template":"","meta":[],"_links":{"self":[{"href":"http:\/\/u-c-o.de\/index.php?rest_route=\/wp\/v2\/pages\/1003"}],"collection":[{"href":"http:\/\/u-c-o.de\/index.php?rest_route=\/wp\/v2\/pages"}],"about":[{"href":"http:\/\/u-c-o.de\/index.php?rest_route=\/wp\/v2\/types\/page"}],"author":[{"embeddable":true,"href":"http:\/\/u-c-o.de\/index.php?rest_route=\/wp\/v2\/users\/1"}],"replies":[{"embeddable":true,"href":"http:\/\/u-c-o.de\/index.php?rest_route=%2Fwp%2Fv2%2Fcomments&post=1003"}],"version-history":[{"count":1,"href":"http:\/\/u-c-o.de\/index.php?rest_route=\/wp\/v2\/pages\/1003\/revisions"}],"predecessor-version":[{"id":1012,"href":"http:\/\/u-c-o.de\/index.php?rest_route=\/wp\/v2\/pages\/1003\/revisions\/1012"}],"up":[{"embeddable":true,"href":"http:\/\/u-c-o.de\/index.php?rest_route=\/wp\/v2\/pages\/1000"}],"wp:attachment":[{"href":"http:\/\/u-c-o.de\/index.php?rest_route=%2Fwp%2Fv2%2Fmedia&parent=1003"}],"curies":[{"name":"wp","href":"https:\/\/api.w.org\/{rel}","templated":true}]}}