{"id":1000,"date":"2019-04-12T21:54:08","date_gmt":"2019-04-12T20:54:08","guid":{"rendered":"http:\/\/u-c-o.de\/?page_id=1000"},"modified":"2019-11-03T20:38:30","modified_gmt":"2019-11-03T19:38:30","slug":"2019-2","status":"publish","type":"page","link":"http:\/\/u-c-o.de\/?page_id=1000","title":{"rendered":"2019"},"content":{"rendered":"<p><a href=\"http:\/\/u-c-o.de\/?page_id=1025\">Jahreshauptversammlung<\/a><\/p>\n<p><a href=\"http:\/\/u-c-o.de\/?page_id=1003\">Vortragsabend<\/a><\/p>\n<p><a href=\"http:\/\/u-c-o.de\/?page_id=1013\">Ausflug\/Werksbesichtigung W\u00f6rth<\/a><\/p>\n<p><a href=\"http:\/\/u-c-o.de\/?page_id=1042\">Fr\u00fchjahrstreffen Ruppertshofen<\/a><\/p>\n<p><a href=\"http:\/\/u-c-o.de\/?page_id=1061\">Fahrerschulung<\/a><\/p>\n<p><a href=\"http:\/\/u-c-o.de\/?page_id=1088\">Fahrzeugschau Schw\u00e4bisch Gm\u00fcnd<\/a><\/p>\n<p><a href=\"http:\/\/u-c-o.de\/?page_id=1102\">Oldtimertreffen Honkling<\/a><\/p>\n<p><a href=\"http:\/\/u-c-o.de\/?page_id=1092\">Herbsttreffen in Seifertshofen<\/a><\/p>\n","protected":false},"excerpt":{"rendered":"<p>Jahreshauptversammlung Vortragsabend Ausflug\/Werksbesichtigung W\u00f6rth Fr\u00fchjahrstreffen Ruppertshofen Fahrerschulung Fahrzeugschau Schw\u00e4bisch Gm\u00fcnd Oldtimertreffen Honkling Herbsttreffen in Seifertshofen<\/p>\n","protected":false},"author":1,"featured_media":0,"parent":11,"menu_order":95,"comment_status":"closed","ping_status":"closed","template":"","meta":[],"_links":{"self":[{"href":"http:\/\/u-c-o.de\/index.php?rest_route=\/wp\/v2\/pages\/1000"}],"collection":[{"href":"http:\/\/u-c-o.de\/index.php?rest_route=\/wp\/v2\/pages"}],"about":[{"href":"http:\/\/u-c-o.de\/index.php?rest_route=\/wp\/v2\/types\/page"}],"author":[{"embeddable":true,"href":"http:\/\/u-c-o.de\/index.php?rest_route=\/wp\/v2\/users\/1"}],"replies":[{"embeddable":true,"href":"http:\/\/u-c-o.de\/index.php?rest_route=%2Fwp%2Fv2%2Fcomments&post=1000"}],"version-history":[{"count":9,"href":"http:\/\/u-c-o.de\/index.php?rest_route=\/wp\/v2\/pages\/1000\/revisions"}],"predecessor-version":[{"id":1110,"href":"http:\/\/u-c-o.de\/index.php?rest_route=\/wp\/v2\/pages\/1000\/revisions\/1110"}],"up":[{"embeddable":true,"href":"http:\/\/u-c-o.de\/index.php?rest_route=\/wp\/v2\/pages\/11"}],"wp:attachment":[{"href":"http:\/\/u-c-o.de\/index.php?rest_route=%2Fwp%2Fv2%2Fmedia&parent=1000"}],"curies":[{"name":"wp","href":"https:\/\/api.w.org\/{rel}","templated":true}]}}